{"id":31750,"date":"2020-08-05T23:11:50","date_gmt":"2020-08-05T23:11:50","guid":{"rendered":"https:\/\/www.logopediadomicilio.es\/logopedia-i-prematuritat\/"},"modified":"2021-09-27T07:46:10","modified_gmt":"2021-09-27T07:46:10","slug":"logopedia-i-prematuritat","status":"publish","type":"page","link":"https:\/\/www.logopediadomicilio.es\/ca\/logopedia-i-prematuritat\/","title":{"rendered":"Logop\u00e8dia i prematuritat"},"content":{"rendered":"<div class=\"wpb-content-wrapper\"><p>[vc_row][vc_column][vc_row_inner][vc_column_inner width=&#8221;1\/2&#8243;][vc_single_image image=&#8221;31369&#8243; img_size=&#8221;medium-thumb&#8221; onclick=&#8221;link_image&#8221;][\/vc_column_inner][vc_column_inner width=&#8221;1\/2&#8243;][vc_single_image image=&#8221;30409&#8243; img_size=&#8221;medium-thumb&#8221; onclick=&#8221;link_image&#8221;][\/vc_column_inner][\/vc_row_inner]<h2 class=\"box-header large margin-top-30\">La intervenci\u00f3n logop\u00e9dica en los ni\u00f1os prematuros<\/h2>[vc_column_text el_class=&#8221;large margin-top-20&#8243;]Cada any neixen m\u00e9s nens abans d&#8217;arribar a terme (es considera prematur a un nad\u00f3 nascut abans que s&#8217;hagin complert 37 setmanes de gestaci\u00f3, sense importar el pes que hagi tingut al n\u00e9ixer) i \u00e9s per aix\u00f2, que tamb\u00e9 cada vegada s\u00f3n m\u00e9s els estudis que confirmen que la poblaci\u00f3 de nens prematurs presenta una major probabilitat de patir a curt, mig i\/o llarg termini alguna alteraci\u00f3 o dificultat en el seu desenvolupament mental, motor i\/o ling\u00fc\u00edstic.<\/p>\n<p>Com a conseq\u00fc\u00e8ncia d&#8217;aquestes circumst\u00e0ncies que poden arribar a donar-se en el nen prematur, es duen a terme cada vegada m\u00e9s estudis que avalen els beneficis de l&#8217;Atenci\u00f3 Primerenca i recomanen una actuaci\u00f3 el m\u00e9s preco\u00e7 possible i que aquesta sigui duta a terme per un equip de professionals, que planifiquin una orientaci\u00f3 interdisciplin\u00e0ria (pediatres, psic\u00f2legs, fisioterapeutes, logopedes, etc.) per tractar la globalitat de l&#8217;infant en cadascuna de les diferents \u00e0rees on s&#8217;observin dificultats.<\/p>\n<p>Les patologies o alteracions que poden presentar els prematurs (com problemes neurol\u00f2gics, card\u00edacs, respiratoris, alimentaris, etc.) poden ser molt diversos i han de ser tractats pels professionals corresponents, i en aquest sentit, ens centrarem en aquells problemes que tracta i interv\u00e9 la disciplina de la logop\u00e8dia.<\/p>\n<p>La pres\u00e8ncia del logopeda dins el desenvolupament dels nens prematurs \u00e9s molt important, i des de primera hora. Tal i com hem comentat, els nens prematurs s\u00f3n una poblaci\u00f3 en risc de patir algun tipus de trastorn tant de l&#8217;alimentaci\u00f3 com del llenguatge i\/o la comunicaci\u00f3 els quals, en moltes ocasions, no poden ser compensats amb la correcci\u00f3 de l&#8217;edat. En aquestes \u00e0rees \u00e9s on els logopedes intervenen, a trav\u00e9s d&#8217;una avaluaci\u00f3 i un seguiment van controlant el desenvolupament de l&#8217;infant prematur en cada moment.<\/p>\n<p>Els problemes en l&#8217;alimentaci\u00f3 de l&#8217;infant prematur a causa de la immaduresa anat\u00f2mica i funcional dels \u00f2rgans i sistemes que controlen l&#8217;alimentaci\u00f3 poden suposar una dificultat en l&#8217;alimentaci\u00f3 oral, la qual cosa, impactar\u00e0 directament en la nutrici\u00f3 i en el retard del creixement de l&#8217;infant prematur, a m\u00e9s d&#8217;un possible agreujament d&#8217;altres patologies.<\/p>\n<p>En aquest sentit, trobem que les anomalies en les estructures craniofacials i\/o dentals poden ocasionar alguns trastorns, com s\u00f3n els trastorns de l&#8217;articulaci\u00f3 temporo-mandibular (ATM), de la defici\u00e8ncia en el ritme i en la coordinaci\u00f3 del reflexe de succi\u00f3, de degluci\u00f3 i de la respiraci\u00f3. Tots aquests aspectes tamb\u00e9 poden influir en futurs trastorns en els patrons motors d&#8217;articulaci\u00f3 de la parla, provocant aix\u00ed, problemes fon\u00e8tics com les disl\u00e0lies. Moltes investigacions han citat la necessitat de la intervenci\u00f3 logop\u00e8dica preco\u00e7, ja que \u00e9s clau perqu\u00e8 el nen prematur aconsegueixi una alimentaci\u00f3 independent i efica\u00e7. Gr\u00e0cies a la t\u00e8cniques emprades (com l&#8217;estimulaci\u00f3 orofacial i t\u00e0ctil-kinest\u00e8sica) i a la progressiva maduraci\u00f3 dels \u00f2rgans, els nens prematurs van millorant tot el proc\u00e9s i les habilitats necess\u00e0ries per arribar a una alimentaci\u00f3 \u00f2ptima.<\/p>\n<p>Per concloure, tots aquests problemes i dificultats que poden presentar els nens prematurs estan molt presents en la intervenci\u00f3 logop\u00e8dica. \u00c9s necess\u00e0ria la pres\u00e8ncia del logopeda des del primer moment dins de l&#8217;atenci\u00f3 primerenca de l&#8217;infant prematur, per tal de poder prevenir i\/o reduir els possibles trastorns en les \u00e0rees d&#8217;alimentaci\u00f3, comunicaci\u00f3 i parla que al llarg de el desenvolupament puguin manifestar aquests nens. Per aix\u00f2, no \u00e9s recomanable esperar el desenvolupament propi de l&#8217;infant prematur i \u00e9s aconsellable que algun servei, entitat o professional orientin a les fam\u00edlies i es dugui a terme una avaluaci\u00f3 i un seguiment el m\u00e9s aviat possible.[\/vc_column_text][\/vc_column][\/vc_row][vc_row css=&#8221;.vc_custom_1594477523392{margin-top: 50px !important;background-color: rgba(232,241,255,0.59) !important;*background-color: rgb(232,241,255) !important;}&#8221;][vc_column css=&#8221;.vc_custom_1579881017377{border-radius: 5px !important;}&#8221;][vc_row_inner][vc_column_inner width=&#8221;1\/4&#8243;][vc_single_image image=&#8221;31350&#8243; alignment=&#8221;center&#8221; style=&#8221;vc_box_outline_circle_2&#8243; css=&#8221;.vc_custom_1594477280895{margin-top: 15px !important;margin-bottom: 15px !important;}&#8221;][vc_column_text]<\/p>\n<p style=\"text-align: center;\">Sonia Jim\u00e9nez<\/p>\n<p>[\/vc_column_text][\/vc_column_inner][vc_column_inner width=&#8221;3\/4&#8243;][vc_column_text css_animation=&#8221;fadeInUp&#8221; css=&#8221;.vc_custom_1594477239830{margin-top: 25px !important;margin-bottom: 25px !important;padding-top: 30px !important;padding-right: 30px !important;padding-bottom: 30px !important;padding-left: 30px !important;background-color: rgba(232,241,255,0.59) !important;*background-color: rgb(232,241,255) !important;border-radius: 5px !important;}&#8221;]<strong>Autora del present art\u00edclr:<\/strong><\/p>\n<p>Sonia Jim\u00e9nez, logopeda, n\u00famero de col\u00b7legiada 08\/4186 en el Col\u00b7legi de Logopedes de Catalunya (CLC). Logopeda de Logop\u00e8dia a Domicili. <a href=\"https:\/\/www.linkedin.com\/in\/soniajimenezmartinez\/\">LINKEDIN<\/a>.<\/p>\n<p><strong>Refer\u00e8ncies bibliogr\u00e0fiques:\u00a0\u00a0<\/strong><\/p>\n<ul>\n<li>Acosta, V.M. y Moreno, A.M. (1999). Dificultades del lenguaje en ambientes educativos. Barcelona: Masson.<\/li>\n<li>Gallego, J.L. (1999). Calidad en la intervenci\u00f3n logop\u00e9dica. Estudio de casos. M\u00e1laga: Aljibe.<\/li>\n<li>Mendoza, E. (2001). Trastorno espec\u00edfico del lenguaje (TEL). Madrid: Pir\u00e1mide.<\/li>\n<li>Moreno, J.M., Su\u00e1rez, A., Mart\u00ednez, J.D. y Garc\u00eda-Baamonde, M.E. (2004). Retrasos en la adquisici\u00f3n y desarrollo del lenguaje. Estudio de casos. Madrid: EOS.<\/li>\n<li>Puyuelo, M. (2005). Casos cl\u00ednicos en Logopedia (volumen 2). Barcelona: Masson.<\/li>\n<li>Aguado, G. (2004). Trastorno espec\u00edfico del lenguaje: retraso de lenguaje y disfasia. (pp.15-28). M\u00e1laga. Editorial: Aljibe.<\/li>\n<li>Puyuelo, M. y Santana, R. Intervenci\u00f3n del lenguaje. Editorial Masson, Barcelona.<\/li>\n<li>Aguado, G. (1989): El desarrollo de la morfosintaxis en el ni\u00f1o. C.E.P.E., Madrid.<\/li>\n<li>Cooper, J.; Reynell, J. &amp; Modley, M. (1982): M\u00e9todo para favorecer el desarrollo del lenguaje. M\u00e9dico y T\u00e9cnica, Barcelona.<\/li>\n<li>G\u00f3mez Tol\u00f3n, J. (1987): Trastornos de la adquisici\u00f3n del lenguaje. Escuela Espa\u00f1ola, Madrid.<\/li>\n<li>Monfort, M. (1984): La investigaci\u00f3n logop\u00e9dica. II Simposio de logopedia, C.E.P.E., Madrid.<\/li>\n<li>Monfort, M. (1986): Investigaci\u00f3n y logopedia. III Simposio de logopedia, C.E.P.E., Madrid.<\/li>\n<li>Monfort, M. &amp; Ju\u00e1rez, A. (1993): Los ni\u00f1os disf\u00e1sicos. C.E.P.E., Madrid.<\/li>\n<li>Monfort, M. (1995): Ense\u00f1ar a hablar. IV Simposio de logopedia, C.E.P.E., Madrid.<\/li>\n<li>Nieto, M. (1990): Retardo del lenguaje. C.E.P.E., Madrid.<\/li>\n<li>Aguado, G. (1988): \u00abEl retraso del lenguaje\u00bb. En: Pe\u00f1a Casanova (Comp.) (1988): Manual de logopedia. Masson, Barcelona, 200-215.<\/li>\n<\/ul>\n<p>&nbsp;<\/p>\n<p><strong>Webgraf\u00edas<\/strong><\/p>\n<ul>\n<li><a href=\"https:\/\/revistas.ucm.es\/index.php\/RLOG\/article\/view\/61928\">https:\/\/revistas.ucm.es\/index.php\/RLOG\/article\/view\/61928<\/a><\/li>\n<li><a href=\"http:\/\/www.logopediadomicilio.es\/lectoescritura-en-ninos-con-trastorno-especifico-del-lenguaje\/\">http:\/\/www.logopediadomicilio.es\/lectoescritura-en-ninos-con-trastorno-especifico-del-lenguaje\/<\/a><\/li>\n<li><a href=\"https:\/\/www.uchile.cl\/noticias\/90483\/como-mejorar-el-aprendizaje-en-los-escolares-con-tel\">https:\/\/www.uchile.cl\/noticias\/90483\/como-mejorar-el-aprendizaje-en-los-escolares-con-tel<\/a><\/li>\n<li><a href=\"https:\/\/centropedagogicopaideiaavila.wordpress.com\/2018\/03\/20\/caracteristicas-del-alumnado-con-trastorno-especifico-del-lenguaje-tel\/\">https:\/\/centropedagogicopaideiaavila.wordpress.com\/2018\/03\/20\/caracteristicas-del-alumnado-con-trastorno-especifico-del-lenguaje-tel\/<\/a><\/li>\n<li><a href=\"https:\/\/neuropediatra.org\/2019\/01\/11\/tel-trastorno-especifico-del-lenguaje-tel\/\">https:\/\/neuropediatra.org\/2019\/01\/11\/tel-trastorno-especifico-del-lenguaje-tel\/<\/a><\/li>\n<li><a href=\"https:\/\/www.nidcd.nih.gov\/es\/espanol\/el-trastorno-especifico-del-lenguaje\">https:\/\/www.nidcd.nih.gov\/es\/espanol\/el-trastorno-especifico-del-lenguaje<\/a><\/li>\n<li><a href=\"https:\/\/www.atelma.es\/qu%C3%A9-es-el-trastorno-espec%C3%ADfico-del-lenguaje\/\">https:\/\/www.atelma.es\/qu%C3%A9-es-el-trastorno-espec%C3%ADfico-del-lenguaje\/<\/a><\/li>\n<li><a href=\"https:\/\/www.fundacioncadah.org\/web\/articulo\/dsm-5-trastorno-especifico-del-aprendizaje.html\">https:\/\/www.fundacioncadah.org\/web\/articulo\/dsm-5-trastorno-especifico-del-aprendizaje.html<\/a><\/li>\n<li><a href=\"https:\/\/www.sciencedirect.com\/science\/article\/abs\/pii\/S0214460312000290\">https:\/\/www.sciencedirect.com\/science\/article\/abs\/pii\/S0214460312000290<\/a><\/li>\n<li><a href=\"http:\/\/www.scielo.br\/scielo.php?pid=S1516-18462013000400016&amp;script=sci_arttext\">http:\/\/www.scielo.br\/scielo.php?pid=S1516-18462013000400016&amp;script=sci_arttext<\/a><\/li>\n<li><a href=\"https:\/\/dialnet.unirioja.es\/servlet\/articulo?codigo=5779676\">https:\/\/dialnet.unirioja.es\/servlet\/articulo?codigo=5779676<\/a><\/li>\n<\/ul>\n<p>[\/vc_column_text][\/vc_column_inner][\/vc_row_inner][\/vc_column][\/vc_row][vc_row][vc_column]<h2 class=\"box-header large align-center page-margin-top-section\">Un proceso simple y eficaz<\/h2>[vc_row_inner top_margin=&#8221;page-margin-top&#8221; el_class=&#8221;flex-box&#8221;][vc_column_inner width=&#8221;1\/3&#8243;]<div class=\"info-box features-phone animated-element animation-fadeIn\"><h3>Contacte<\/h3><p>Contacti amb nosaltres per ampliar la informaci\u00f3 dels nostres serveis i exposar el seu cas.<\/p><\/div><div class=\"arrow-container animated-element animation-slideRight\"><span class=\"arrow template-arrow-horizontal-4-after arrow-light\"><\/span><\/div>[\/vc_column_inner][vc_column_inner width=&#8221;1\/3&#8243;]<div class=\"info-box features-doctor animated-element animation-slideRight duration-800 delay-600\"><h3>Diagn\u00f2stic i Tractament<\/h3><p>El primer pas \u00e9s realitzar un bon diagn\u00f2stic (si no es disposa d&#8217;ell) i a posteriori ja podrem comen\u00e7ar el tractament.<\/p><\/div><div class=\"arrow-container animated-element animation-slideRight duration-800 delay-1050\"><span class=\"arrow template-arrow-horizontal-4-after arrow-dark\"><\/span><\/div>[\/vc_column_inner][vc_column_inner width=&#8221;1\/3&#8243;]<div class=\"info-box features-people\"><h3>Recuperaci\u00f3<\/h3><p>ALTA del servei quan s&#8217;aconsegueixen els objectius proposats inicialment.<\/p><\/div>[\/vc_column_inner][\/vc_row_inner]<h2 class=\"box-header large align-center page-margin-top-section\">\u00c1reas en las que ofrecemos tratamientos<\/h2>[vc_row_inner top_margin=&#8221;page-margin-top-section&#8221;][vc_column_inner width=&#8221;1\/2&#8243;]<ul class=\"clearfix mc-features mc-features-small mc-features-style-default\"><li class=\"item-content clearfix\">\r\n\t\t\t\t<a class=\"hexagon small\" href=\"https:\/\/www.logopediadomicilio.es\/ca\/servicio\/logopedia-infantil\/\" title=\"Logop\u00e8dia infantil\"><span class=\"features-baby-bed\"><\/span><\/a><div class=\"text\"><h3><a href=\"https:\/\/www.logopediadomicilio.es\/ca\/servicio\/logopedia-infantil\/\"  title=\"Logop\u00e8dia infantil\">Logop\u00e8dia infantil<\/a><\/h3><p>Atenci\u00f3 logop\u00e8dica les dificultats en el llenguatge oral i escrit, aix\u00ed com pel que fa a el desenvolupament orofacial.<\/p>\n<\/div>\r\n\t\t\t<\/li><li class=\"item-content clearfix\">\r\n\t\t\t\t<a class=\"hexagon small\" href=\"https:\/\/www.logopediadomicilio.es\/ca\/servicio\/neurologopedia\/\" title=\"Neurologop\u00e8dia\"><span class=\"features-brain\"><\/span><\/a><div class=\"text\"><h3><a href=\"https:\/\/www.logopediadomicilio.es\/ca\/servicio\/neurologopedia\/\"  title=\"Neurologop\u00e8dia\">Neurologop\u00e8dia<\/a><\/h3><p>Tractament logop\u00e8dic de les alteracions del llenguatge i la degluci\u00f3 degudes a ictus, traumatismes cranioencef\u00e0lics i malalties neurodegeneratives.<\/p>\n<\/div>\r\n\t\t\t<\/li><\/ul>[\/vc_column_inner][vc_column_inner width=&#8221;1\/2&#8243;]<ul class=\"clearfix mc-features mc-features-small mc-features-style-default\"><li class=\"item-content clearfix\">\r\n\t\t\t\t<a class=\"hexagon small\" href=\"https:\/\/www.logopediadomicilio.es\/ca\/servicio\/alteracions-de-la-veu\/\" title=\"Alteracions de la veu\"><span class=\"features-people\"><\/span><\/a><div class=\"text\"><h3><a href=\"https:\/\/www.logopediadomicilio.es\/ca\/servicio\/alteracions-de-la-veu\/\"  title=\"Alteracions de la veu\">Alteracions de la veu<\/a><\/h3><p>Atenci\u00f3 logop\u00e8dica en les disfonies funcionals i org\u00e0niques, tant en poblaci\u00f3 infantil com adulta i en malalties neurodegeneratives.<\/p>\n<\/div>\r\n\t\t\t<\/li><li class=\"item-content clearfix\">\r\n\t\t\t\t<a class=\"hexagon small\" href=\"https:\/\/www.logopediadomicilio.es\/ca\/servicio\/terapia-miofuncional\/\" title=\"Ter\u00e0pia miofuncional\"><span class=\"features-list\"><\/span><\/a><div class=\"text\"><h3><a href=\"https:\/\/www.logopediadomicilio.es\/ca\/servicio\/terapia-miofuncional\/\"  title=\"Ter\u00e0pia miofuncional\">Ter\u00e0pia miofuncional<\/a><\/h3><p>La ter\u00e0pia miofuncional tracta les alteracions en el funcionament orofacial, com la degluci\u00f3 at\u00edpica, alteracions de l&#8217;ATM, entre d&#8217;altres.<\/p>\n<\/div>\r\n\t\t\t<\/li><\/ul>[\/vc_column_inner][\/vc_row_inner][vc_separator color=&#8221;peacoc&#8221; el_width=&#8221;40&#8243; css=&#8221;.vc_custom_1582465485534{margin-top: 25px !important;margin-bottom: 25px !important;}&#8221;]<h2 class=\"box-header large align-center no-border page-margin-top-section\">Ll\u00e1menos por tel\u00e9fono:<\/h2>[vc_row_inner][vc_column_inner][vc_column_text css_animation=&#8221;fadeInDown&#8221;]<\/p>\n<h2 style=\"text-align: center;\"><span style=\"color: #3366ff;\"><a style=\"color: #3366ff;\" href=\"tel:931001485\">931001485<\/a><\/span> (Barcelona) \/\u00a0<span style=\"color: #3366ff;\"><a style=\"color: #3366ff;\" href=\"tel:910911285\">910911285<\/a><\/span> (Madrid) \/ <span style=\"color: #3366ff;\"><a style=\"color: #3366ff;\" href=\"tel:960011185\">960011185<\/a><\/span> (Valencia)<\/h2>\n<p>[\/vc_column_text][\/vc_column_inner][\/vc_row_inner][vc_column_text el_class=&#8221;large align-center margin-top-20&#8243;]O, si ho preferiu, envieu-nos un formulari:[\/vc_column_text]\n<div class=\"wpcf7 no-js\" id=\"wpcf7-f31455-o1\" lang=\"ca\" dir=\"ltr\" data-wpcf7-id=\"31455\">\n<div class=\"screen-reader-response\"><p role=\"status\" aria-live=\"polite\" aria-atomic=\"true\"><\/p> <ul><\/ul><\/div>\n<form action=\"\/ca\/wp-json\/wp\/v2\/pages\/31750#wpcf7-f31455-o1\" method=\"post\" class=\"wpcf7-form init\" aria-label=\"Formulari de contacte\" novalidate=\"novalidate\" data-status=\"init\">\n<fieldset class=\"hidden-fields-container\"><input type=\"hidden\" name=\"_wpcf7\" value=\"31455\" \/><input type=\"hidden\" name=\"_wpcf7_version\" value=\"6.1.5\" \/><input type=\"hidden\" name=\"_wpcf7_locale\" value=\"ca\" \/><input type=\"hidden\" name=\"_wpcf7_unit_tag\" value=\"wpcf7-f31455-o1\" \/><input type=\"hidden\" name=\"_wpcf7_container_post\" value=\"0\" \/><input type=\"hidden\" name=\"_wpcf7_posted_data_hash\" value=\"\" \/><input type=\"hidden\" name=\"_wpcf7_recaptcha_response\" value=\"\" \/>\n<\/fieldset>\n<div class=\"form-row\">\n\t<div class=\"column-half\">\n\t\t<p><label> Nom (obligatori)<br \/>\n<span class=\"wpcf7-form-control-wrap\" data-name=\"your-name\"><input size=\"40\" maxlength=\"400\" class=\"wpcf7-form-control wpcf7-text wpcf7-validates-as-required\" aria-required=\"true\" aria-invalid=\"false\" value=\"\" type=\"text\" name=\"your-name\" \/><\/span> <\/label>\n\t\t<\/p>\n\t<\/div>\n\t<div class=\"column-half\">\n\t\t<p><label> Correu electr\u00f2nic (obligatori)<br \/>\n<span class=\"wpcf7-form-control-wrap\" data-name=\"your-email\"><input size=\"40\" maxlength=\"400\" class=\"wpcf7-form-control wpcf7-email wpcf7-validates-as-required wpcf7-text wpcf7-validates-as-email\" aria-required=\"true\" aria-invalid=\"false\" value=\"\" type=\"email\" name=\"your-email\" \/><\/span> <\/label>\n\t\t<\/p>\n\t<\/div>\n<\/div>\n<div class=\"column-half\">\n\t<p><label> Tel\u00e8fon<br \/>\n<span class=\"wpcf7-form-control-wrap\" data-name=\"tel-165\"><input size=\"40\" maxlength=\"400\" class=\"wpcf7-form-control wpcf7-tel wpcf7-text wpcf7-validates-as-tel\" aria-invalid=\"false\" value=\"\" type=\"tel\" name=\"tel-165\" \/><\/span> <\/label>\n\t<\/p>\n<\/div>\n<div class=\"column-half\">\n\t<p><label> Localitat (obligatorio)<br \/>\n<span class=\"wpcf7-form-control-wrap\" data-name=\"localidad\"><input size=\"40\" maxlength=\"400\" class=\"wpcf7-form-control wpcf7-text wpcf7-validates-as-required\" aria-required=\"true\" aria-invalid=\"false\" value=\"\" type=\"text\" name=\"localidad\" \/><\/span> <\/label>\n\t<\/p>\n<\/div>\n<p><label> Missatge<br \/>\n<span class=\"wpcf7-form-control-wrap\" data-name=\"your-message\"><textarea cols=\"40\" rows=\"10\" maxlength=\"2000\" class=\"wpcf7-form-control wpcf7-textarea\" aria-invalid=\"false\" name=\"your-message\"><\/textarea><\/span> <\/label>\n<\/p>\n<p><input class=\"wpcf7-form-control wpcf7-submit has-spinner\" type=\"submit\" value=\"Enviar formulari\" \/>\n<\/p><div class=\"wpcf7-response-output\" aria-hidden=\"true\"><\/div>\n<\/form>\n<\/div>\n[\/vc_column][\/vc_row]<\/p>\n<\/div>","protected":false},"excerpt":{"rendered":"<p>[vc_row][vc_column][vc_row_inner][vc_column_inner width=&#8221;1\/2&#8243;][vc_single_image image=&#8221;31369&#8243; img_size=&#8221;medium-thumb&#8221; onclick=&#8221;link_image&#8221;][\/vc_column_inner][vc_column_inner width=&#8221;1\/2&#8243;][vc_single_image image=&#8221;30409&#8243; img_size=&#8221;medium-thumb&#8221; onclick=&#8221;link_image&#8221;][\/vc_column_inner][\/vc_row_inner][vc_column_text el_class=&#8221;large margin-top-20&#8243;]Cada any neixen m\u00e9s nens abans d&#8217;arribar a terme (es considera prematur a un nad\u00f3 nascut abans que s&#8217;hagin complert 37 setmanes de gestaci\u00f3, sense importar el pes que hagi tingut al n\u00e9ixer) i \u00e9s per aix\u00f2, que tamb\u00e9 cada vegada s\u00f3n m\u00e9s els estudis<\/p>\n","protected":false},"author":1,"featured_media":0,"parent":0,"menu_order":0,"comment_status":"closed","ping_status":"closed","template":"","meta":{"footnotes":""},"class_list":["post-31750","page","type-page","status-publish","hentry"],"_links":{"self":[{"href":"https:\/\/www.logopediadomicilio.es\/ca\/wp-json\/wp\/v2\/pages\/31750","targetHints":{"allow":["GET"]}}],"collection":[{"href":"https:\/\/www.logopediadomicilio.es\/ca\/wp-json\/wp\/v2\/pages"}],"about":[{"href":"https:\/\/www.logopediadomicilio.es\/ca\/wp-json\/wp\/v2\/types\/page"}],"author":[{"embeddable":true,"href":"https:\/\/www.logopediadomicilio.es\/ca\/wp-json\/wp\/v2\/users\/1"}],"replies":[{"embeddable":true,"href":"https:\/\/www.logopediadomicilio.es\/ca\/wp-json\/wp\/v2\/comments?post=31750"}],"version-history":[{"count":10,"href":"https:\/\/www.logopediadomicilio.es\/ca\/wp-json\/wp\/v2\/pages\/31750\/revisions"}],"predecessor-version":[{"id":31778,"href":"https:\/\/www.logopediadomicilio.es\/ca\/wp-json\/wp\/v2\/pages\/31750\/revisions\/31778"}],"wp:attachment":[{"href":"https:\/\/www.logopediadomicilio.es\/ca\/wp-json\/wp\/v2\/media?parent=31750"}],"curies":[{"name":"wp","href":"https:\/\/api.w.org\/{rel}","templated":true}]}}