{"id":31780,"date":"2020-07-30T19:04:16","date_gmt":"2020-07-30T19:04:16","guid":{"rendered":"https:\/\/www.logopediadomicilio.es\/afasia-intervencio-logopedica\/"},"modified":"2022-01-19T09:32:12","modified_gmt":"2022-01-19T09:32:12","slug":"afasia-intervencio-logopedica","status":"publish","type":"page","link":"https:\/\/www.logopediadomicilio.es\/ca\/afasia-intervencio-logopedica\/","title":{"rendered":"Af\u00e0sia: intervenci\u00f3 logop\u00e8dica"},"content":{"rendered":"<div class=\"wpb-content-wrapper\"><p>[vc_row][vc_column][vc_row_inner][vc_column_inner width=&#8221;1\/2&#8243;][vc_single_image image=&#8221;31383&#8243; img_size=&#8221;medium-thumb&#8221; onclick=&#8221;link_image&#8221;][\/vc_column_inner][vc_column_inner width=&#8221;1\/2&#8243;][vc_single_image image=&#8221;31436&#8243; img_size=&#8221;medium-thumb&#8221; onclick=&#8221;link_image&#8221;][\/vc_column_inner][\/vc_row_inner]<h2 class=\"box-header large margin-top-30\">\u00bfQu\u00e9 es la Afasia?<\/h2>[vc_column_text el_class=&#8221;large margin-top-20&#8243;]L&#8217;af\u00e0sia \u00e9s una alteraci\u00f3 del llenguatge expressiu o comprensiu; del llenguatge parlat, la lectura i\/o l&#8217;escriptura, sent aix\u00f2 secundari a una lesi\u00f3 cerebral.<\/p>\n<p>L&#8217;af\u00e0sia apareix com a seq\u00fcela despr\u00e9s d&#8217;un ictus, traumatisme, tumor o una altra malaltia. Aproximadament el 30% de les persones que sobreviuen a un dany cerebral presenten af\u00e0sia, tot i aix\u00f2, segueix sent una patologia desconeguda per a gran part de la societat.<\/p>\n<p>L&#8217;alteraci\u00f3 del llenguatge secund\u00e0ria a una lesi\u00f3 cerebral \u00e9s considerada com el principal determinant de la qualitat de vida de l&#8217;individu, ja que a trav\u00e9s del llenguatge estructurem el nostre pensament i \u00e9s la manera de comunicar-nos amb l&#8217;entorn. Aquest canvi provoca una limitaci\u00f3 personal, social i emocional, ja que apareixen dificultats com:<\/p>\n<ul>\n<li>Parlar amb sons mal articulats, en ocasions inintel\u00b7ligibles, i de forma alentida.<\/li>\n<li>Utilitzar exclusivament sons per comunicar-se.<\/li>\n<li>Dificultats per trobar la paraula exacta.<\/li>\n<li>Utilitzar una paraula quan se&#8217;n vol dir una altra.<\/li>\n<li>No estructurar de manera adequada el que es vol dir.<\/li>\n<li>Repetir paraules o frases que s&#8217;acaben de sentir.<\/li>\n<li>Problemes per comprendre el llenguatge parlat o escrit.<\/li>\n<li>No ser conscients de les dificultats que presenten, estranyant-se que les persones no els entenguin. Sent aix\u00f2 una de les principals limitacions per a la seva evoluci\u00f3 al no presentar motivaci\u00f3 per a la seva recuperaci\u00f3.<\/li>\n<\/ul>\n<h2><strong>Tipus d&#8217;Af\u00e0sia<\/strong><\/h2>\n<p>En funci\u00f3 de les dificultats esmentades s&#8217;estableix una classificaci\u00f3 de les af\u00e0sies segons el predomini d&#8217;aquestes alteracions:<\/p>\n<ul>\n<li><strong>Af\u00e0sia motora o de Broca:<\/strong> es caracteritza per una expressi\u00f3 verbal no fluida i molt afectada, amb una comprensi\u00f3 relativament millor, encara que tamb\u00e9 afectada. El llenguatge espontani presenta una alteraci\u00f3 important dels mecanismes articulatoris, vocabulari restringit, agramatisme i reducci\u00f3 significativa de la longitud de la frase; es produeixen paraf\u00e0sies fon\u00e8miques i cada element sonor requereix un esfor\u00e7 particular per a ser articulat. L&#8217;escriptura i la lectura tamb\u00e9 solen estar alterades, amb nombrosos errors en l&#8217;ortografia i omissi\u00f3 de lletres. La majoria de pacients amb af\u00e0sia motora (tres quartes parts dels pacients) presenten un d\u00e8ficit motor, m\u00e9s o menys greu, de l&#8217;hemic\u00f2s dret.<\/li>\n<li><strong>Af\u00e0sia sensorial o de Wernicke:<\/strong> els subjectes afectats per aquest tipus d&#8217;af\u00e0sia presenten un trastorn important de la comprensi\u00f3 amb una expressi\u00f3 verbal fluent, amb bona articulaci\u00f3 i pros\u00f2dia, encara que moltes vegades en forma d&#8217;argot sem\u00e0ntica i vocables inintel\u00b7ligibles (paraf\u00e0sies), aix\u00f2 provoca inintel\u00b7ligibilitat de la parla i contingut buit. La repetici\u00f3, la denominaci\u00f3, la lectura i l&#8217;escriptura es troben alterades, aquesta \u00faltima per escriure tal com parlen. \u00c9s caracter\u00edstic que tot aix\u00f2 s&#8217;acompanyi d&#8217;anosognosia (manca de consci\u00e8ncia del d\u00e8ficit). L&#8217;anosogn\u00f2sia i el contingut buit del discurs completen un quadre cl\u00ednic que ha de diferenciar-se del llenguatge incoherent de la dem\u00e8ncia.<\/li>\n<li><strong>Af\u00e0sia global o total:<\/strong> el terme d&#8217;af\u00e0sia global s&#8217;utilitza quan es troben greument afectades l&#8217;expressi\u00f3 i la comprensi\u00f3 verbal. Sovint el pacient presenta mutisme, elements automatitzats o emet sempre la mateixa paraula (estereot\u00edpia), que pot fins i tot utilitzar-se amb una entonaci\u00f3 adequada a la intenci\u00f3 comunicativa del pacient. Per contra, les formulacions autom\u00e0tiques poden distorsionar la comunicaci\u00f3 al ser articulats amb una intenci\u00f3 comunicativa diferent o oposada al significat real de les paraules emeses. Els automatismes tamb\u00e9 poden ser forma de paraules malsonants. Es troba abolida la repetici\u00f3. L&#8217;estat emocional dels pacients amb af\u00e0sia global sol tendir a la depressi\u00f3 com a reacci\u00f3 a la seva dificultat comunicativa i a l&#8217;afectaci\u00f3 motora (hemiplegia dreta), com\u00fa en aquests casos. Tamb\u00e9 poden presentar una actitud de desinter\u00e8s cap a l&#8217;entorn i sense intenci\u00f3 comunicativa, arribant a mirar amb estranyesa quan s&#8217;intenta interaccionar amb ell. Al tenir compromessa tant l&#8217;expressi\u00f3 oral com la comprensi\u00f3, romanen inexpressius i aliens al que passa al seu voltant.<\/li>\n<li><strong>Af\u00e0sia de conducci\u00f3:<\/strong> apareix una desconnexi\u00f3 de la conducci\u00f3 d&#8217;impulsos sensorials cap als mecanismes motors. El llenguatge espontani mostra una articulaci\u00f3 flu\u00efda, per\u00f2 amb pres\u00e8ncia de trastorns an\u00f2mics i paraf\u00e0sies fon\u00e8miques. La comprensi\u00f3 es troba relativament preservada, tot i que poden observar-se petits problemes per a la discriminaci\u00f3 fon\u00e8mica i la comprensi\u00f3 de frases. Presenta dificultats en la repetici\u00f3.<\/li>\n<li><strong>Af\u00e0sia sensorial transcortical:<\/strong> en aquest tipus d&#8217;af\u00e0sies es presenta un trastorn important de la comprensi\u00f3 de paraules, encara que es troba preservada la repetici\u00f3. L&#8217;expressi\u00f3 verbal \u00e9s fluent, moltes vegades en forma d&#8217;argot i amb predomini de l&#8217;ecol\u00e0lia (repetici\u00f3 de les paraules escoltades). La lectura i l&#8217;escriptura solen trobar-se greument afectades.<\/li>\n<li><strong>Af\u00e0sia motora transcortical:<\/strong> els pacients presenten una afectaci\u00f3 important de l&#8217;expressi\u00f3 verbal que fa que tinguin un comunicaci\u00f3 no fluent, amb la comprensi\u00f3 conservada i bona capacitat de repetici\u00f3. L&#8217;expressi\u00f3 verbal es realitza amb esfor\u00e7, sent lenta i breu. Presenten dificultats tant en lectura (poden fer una lectura oral per\u00f2 no presenten comprensi\u00f3 lectora) com en escriptura (al ser redu\u00efda).<\/li>\n<li><strong>Af\u00e0sia transcortical mixta:<\/strong> \u00e9s un trastorn greu del llenguatge caracteritzat per l&#8217;alteraci\u00f3 tant de la comprensi\u00f3 com de l&#8217;expressi\u00f3 verbal, que es redueix a ecol\u00e0lies, si b\u00e9 es conserva una bona capacitat per a la repetici\u00f3. Tant la lectura com l&#8217;escriptura i la comprensi\u00f3 lectora es troben molt afectades.<\/li>\n<li><strong>Af\u00e0sia an\u00f2mica o nominal:<\/strong> l&#8217;alteraci\u00f3 de la capacitat per a denominar o evocar paraules (an\u00f2mia) \u00e9s el m\u00e9s com\u00fa dels trastorns af\u00e0sics. Quan aquest trastorn \u00e9s molt marcat, el llenguatge espontani s&#8217;omple de circumloquis que intenten suplir la manca de noms, o b\u00e9 el pacient recorre a utilitzar paraules &#8216;de farciment&#8217; (s\u00ed, home; b\u00e9; sap?; etc.), generalitzacions inespec\u00edfiques (una cosa; all\u00f2; etc.) i paraules generals (emprar la mateixa paraula per a comunicar-se), encara que \u00e9s un llenguatge expressiu fluent, amb articulaci\u00f3 i una estructura normal. La comprensi\u00f3 es troba conservada. En la lectura i l&#8217;escriptura hi poden apar\u00e8ixer alguns errors, per exemple, a l&#8217;intentar trobar la paraula adequada a l&#8217;escriure. L&#8217;an\u00f2mia pot apar\u00e8ixer en qualsevol tipus d&#8217;af\u00e0sia.<\/li>\n<\/ul>\n<h2>Intervenci\u00f3 logop\u00e8dica en Af\u00e0sia<\/h2>\n<p>En la intervenci\u00f3 logop\u00e8dica es tindran en compte les capacitats anteriorment esmentades, valorant quines d&#8217;aquestes es troben conservades i quines alterades, i la gravetat de les mateixes, adaptant el tractament de forma individualitzada a cada subjecte. Per elaborar un esb\u00f3s general de la l\u00ednia de tractament a aplicar establirem unes petites bases:<\/p>\n<ul>\n<li>Quan no hi hagi llenguatge oral, s&#8217;haur\u00e0 de valorar la comprensi\u00f3 oral i escrita. Si la comprensi\u00f3 es troba preservada partirem d&#8217;aquest punt, per exemple, utilitzant un quadern de comunicaci\u00f3 basat en pictogrames per poder implementar una comunicaci\u00f3 funcional. Al mateix temps i de forma paral\u00b7lela, es treballar\u00e0 la producci\u00f3 de sons, vocalitzaci\u00f3 de paraules, gestos, etc. que afavoreix l&#8217;expressi\u00f3 i la producci\u00f3 espontania del discurs.<\/li>\n<li>Quan es presentin dificultats articulat\u00f2ries, es&#8217;haur\u00e0 de treballar l&#8217;articulaci\u00f3 de vocals, consonants, la producci\u00f3 de s\u00edl\u00b7labes, paraules i anar introduint dificultat en les construccions gramaticals per aix\u00ed aconseguir certa flu\u00efdesa i intel\u00b7ligibilitat de l&#8217;discurs.<\/li>\n<li>Quan hi hagi dificultats en la comprensi\u00f3 verbal, s&#8217;haur\u00e0 de treballar l&#8217;associaci\u00f3 de paraules amb gestos comuns com s\u00ed \/ no, objectes reals, posteriorment imatges reals, dibuixos, i aix\u00ed progressivament augmentant la dificultat d&#8217;abstracci\u00f3 del que s&#8217;associa amb la paraula oral.<\/li>\n<\/ul>\n<h2>Pautes d&#8217;intervenci\u00f3 per a familiars i cuidadors de pacients amb Af\u00e0sia<\/h2>\n<p>En aquesta situaci\u00f3 hi ha una pregunta que com familiar o cuidador us realitzareu: &#8220;I ara, com puc ajudar de forma correcta?&#8221;. Aqu\u00ed us deixem alguns consells:<\/p>\n<ul>\n<li>Acudir el m\u00e9s r\u00e0pidament possible a un equip rehabilitador per tal que valorin les necessitats i estableixin uns objectius realistes per a la recuperaci\u00f3 funcional, perseguint en el possible, la m\u00e0xima independ\u00e8ncia del pacient. S&#8217;ha de tenir en compte que la major part de la recuperaci\u00f3 neurol\u00f2gica s&#8217;aconsegueix en els sis primers mesos, posteriorment la millora \u00e9s molt m\u00e9s lenta fins a anar estabilitzant-se. Els professionals us involucraran en la rehabilitaci\u00f3, perqu\u00e8 aix\u00ed vosaltres, familiars \/ cuidadors, aprofiteu els moments que el pacient est\u00e0 menys cansat i col\u00b7labori millor, de tal manera que es pugui avan\u00e7ar conjuntament i en la mateixa direcci\u00f3. Per tant, com m\u00e9s aviat s&#8217;estableixi una intervenci\u00f3 logop\u00e8dica per treballar les dificultats esmentades a l&#8217;inici de l&#8217;article, major probabilitat d&#8217;evoluci\u00f3 favorable presentar\u00e0 el pacient.<\/li>\n<li>\u00c9s important mantenir la motivaci\u00f3 en la rehabilitaci\u00f3 de totes les funcions i que com a familiar \/ cuidador nom\u00e9s es supleixi all\u00f2 que el pacient no \u00e9s capa\u00e7 de realitzar, per aconseguir la major autonomia i qualitat de vida possibles. S&#8217;ha de tenir en compte que hi ha una major probabilitat d&#8217;evoluci\u00f3 favorable quan, per part del pacient, apareix una implicaci\u00f3 i const\u00e0ncia per anar aconseguint els objectius establerts en la rehabilitaci\u00f3. D&#8217;aqu\u00ed surt la import\u00e0ncia que com a familiar \/ cuidador intentis mantenir aquesta motivaci\u00f3 en la rehabilitaci\u00f3. En ocasions ser\u00e0 necess\u00e0ria l&#8217;adaptaci\u00f3 del domicili per facilitar-li les tasques i aconseguir la major seguretat possible en les activitats de la vida di\u00e0ria.<\/li>\n<li>La paraula ictus significa &#8220;cop&#8221; en llat\u00ed, l&#8217;impacte que suposa una malaltia per a la qual ning\u00fa sembla estar preparat, tant per als pacients com per a vosaltres, els familiars \/ cuidadors. No obstant aix\u00f2, amb la implicaci\u00f3 i motivaci\u00f3 del pacient i l&#8217;ajuda de tots els professionals, avui dia hi ha arguments per a l&#8217;esperan\u00e7a. La rehabilitaci\u00f3 que segueix a la fase aguda de l&#8217;ictus \u00e9s una fase molt decisiva, que pot aconseguir que el pacient arribi a la m\u00e0xima autonomia possible i, en moltes ocasions, la recuperaci\u00f3 desitjada.<\/li>\n<li>Com a familiar \/ cuidador la millor ajuda que es pot oferir \u00e9s la comprensi\u00f3, el suport, fer-los sentir-se estimats, apreciats, que sentin que segueixen tenint capacitat de decisi\u00f3 sobre la seva pr\u00f2pia vida.<\/li>\n<\/ul>\n<p>[\/vc_column_text][\/vc_column][\/vc_row][vc_row css=&#8221;.vc_custom_1591887338930{background-color: rgba(232,241,255,0.59) !important;*background-color: rgb(232,241,255) !important;}&#8221;][vc_column css=&#8221;.vc_custom_1579881017377{border-radius: 5px !important;}&#8221;][vc_row_inner][vc_column_inner width=&#8221;1\/4&#8243;][vc_single_image image=&#8221;30594&#8243; alignment=&#8221;center&#8221; style=&#8221;vc_box_outline_circle_2&#8243; css=&#8221;.vc_custom_1596135851093{margin-top: 15px !important;margin-bottom: 15px !important;}&#8221;][vc_column_text]<\/p>\n<p style=\"text-align: center;\">Marta Araujo<\/p>\n<p>[\/vc_column_text][\/vc_column_inner][vc_column_inner width=&#8221;3\/4&#8243;][vc_column_text css_animation=&#8221;fadeInUp&#8221; css=&#8221;.vc_custom_1596135802860{margin-top: 25px !important;margin-bottom: 25px !important;padding-top: 30px !important;padding-right: 30px !important;padding-bottom: 30px !important;padding-left: 30px !important;background-color: rgba(232,241,255,0.59) !important;*background-color: rgb(232,241,255) !important;border-radius: 5px !important;}&#8221;]<strong>Autora del present article:<\/strong><\/p>\n<p>Marta Araujo. Logopeda. Col\u00b7legiada n\u00famero 28\/0360 al Colegio de Logopedas de Madrid.<\/p>\n<p><strong>Refer\u00e8ncies bibliogr\u00e0fiques:<\/strong><\/p>\n<p>Aldea A., Terradillos E. y Terriza E. An\u00e1lisis de un caso de afasia a trav\u00e9s de la Clasificaci\u00f3n Internacional del Funcionamiento, de la Discapacidad y de la Salud. Rev. El sevier. 2010; 10(1):2-7.<\/p>\n<p>Vendrell J.M. Las afasias: semiolog\u00eda y tipos cl\u00ednicos. Rev. NEUROL. 2001; 32 (10): 980-986.<\/p>\n<p>Hospital Cl\u00ednico Universidad de Chile: Unidad de Neuropsicolog\u00eda y Facultad de Medicina Escuela de Postgrado. Escuela de Fonoaudiolog\u00eda Unidad de Adultos. Diagn\u00f3stico Diferencial de las Afasias. 2007; [citado: 28\/07\/2020]. Disponible en: <a href=\"http:\/\/repositorio.uchile.cl\/bitstream\/handle\/2250\/123326\/Guia_Docente_Afasia_2007.pdf\">http:\/\/repositorio.uchile.cl\/bitstream\/handle\/2250\/123326\/Guia_Docente_Afasia_2007.pdf<\/a><\/p>\n<p>Asociaci\u00f3n Madrile\u00f1a de Neurolog\u00eda. Informaci\u00f3n sobre el ictus para pacientes y familiares. 2018; [citado: 28\/07\/2020]. Disponible en: <a href=\"https:\/\/www.amn-web.com\/wp-content\/uploads\/2018\/03\/Guia-del-ictus-para-pacientes-y-familiares.pdf\">https:\/\/www.amn-web.com\/wp-content\/uploads\/2018\/03\/Guia-del-ictus-para-pacientes-y-familiares.pdf<\/a><\/p>\n<p>Federaci\u00f3n Espa\u00f1ola de Da\u00f1o Cerebral. Gu\u00eda de familias. Manual para familiares de personas que han sufrido una lesi\u00f3n cerebral. 2005; [citado:28\/07\/2020]. Disponible en: <a href=\"http:\/\/riberdis.cedd.net\/bitstream\/handle\/11181\/3423\/Gu%c3%ada%20de%20familias%20FEDACE.pdf?sequence=1&amp;rd=0031701750440097\">http:\/\/riberdis.cedd.net\/bitstream\/handle\/11181\/3423\/Gu%c3%ada%20de%20familias%20FEDACE.pdf?sequence=1&amp;rd=0031701750440097<\/a>[\/vc_column_text][\/vc_column_inner][\/vc_row_inner][\/vc_column][\/vc_row][vc_row][vc_column]<h2 class=\"box-header large align-center page-margin-top-section\">Un proceso simple y eficaz<\/h2>[vc_row_inner top_margin=&#8221;page-margin-top&#8221; el_class=&#8221;flex-box&#8221;][vc_column_inner width=&#8221;1\/3&#8243;]<div class=\"info-box features-phone animated-element animation-fadeIn\"><h3>Contacte<\/h3><p>Contacti amb nosaltres per ampliar la informaci\u00f3 dels nostres serveis i exposar el seu cas.<\/p><\/div><div class=\"arrow-container animated-element animation-slideRight\"><span class=\"arrow template-arrow-horizontal-4-after arrow-light\"><\/span><\/div>[\/vc_column_inner][vc_column_inner width=&#8221;1\/3&#8243;]<div class=\"info-box features-doctor animated-element animation-slideRight duration-800 delay-600\"><h3>Diagn\u00f2stic i Tractament<\/h3><p>El primer pas \u00e9s realitzar un bon diagn\u00f2stic (si no es disposa d&#8217;ell) i a posteriori ja podrem comen\u00e7ar el tractament.<\/p><\/div><div class=\"arrow-container animated-element animation-slideRight duration-800 delay-1050\"><span class=\"arrow template-arrow-horizontal-4-after arrow-dark\"><\/span><\/div>[\/vc_column_inner][vc_column_inner width=&#8221;1\/3&#8243;]<div class=\"info-box features-people\"><h3>Recuperaci\u00f3<\/h3><p>ALTA del servei quan s&#8217;aconsegueixen els objectius proposats inicialment.<\/p><\/div>[\/vc_column_inner][\/vc_row_inner]<h2 class=\"box-header large align-center page-margin-top-section\">\u00c1reas en las que ofrecemos tratamientos<\/h2>[vc_row_inner top_margin=&#8221;page-margin-top-section&#8221;][vc_column_inner width=&#8221;1\/2&#8243;]<ul class=\"clearfix mc-features mc-features-small mc-features-style-default\"><li class=\"item-content clearfix\">\r\n\t\t\t\t<a class=\"hexagon small\" href=\"https:\/\/www.logopediadomicilio.es\/ca\/servicio\/logopedia-infantil\/\" title=\"Logop\u00e8dia infantil\"><span class=\"features-baby-bed\"><\/span><\/a><div class=\"text\"><h3><a href=\"https:\/\/www.logopediadomicilio.es\/ca\/servicio\/logopedia-infantil\/\"  title=\"Logop\u00e8dia infantil\">Logop\u00e8dia infantil<\/a><\/h3><p>Atenci\u00f3 logop\u00e8dica les dificultats en el llenguatge oral i escrit, aix\u00ed com pel que fa a el desenvolupament orofacial.<\/p>\n<\/div>\r\n\t\t\t<\/li><li class=\"item-content clearfix\">\r\n\t\t\t\t<a class=\"hexagon small\" href=\"https:\/\/www.logopediadomicilio.es\/ca\/servicio\/neurologopedia\/\" title=\"Neurologop\u00e8dia\"><span class=\"features-brain\"><\/span><\/a><div class=\"text\"><h3><a href=\"https:\/\/www.logopediadomicilio.es\/ca\/servicio\/neurologopedia\/\"  title=\"Neurologop\u00e8dia\">Neurologop\u00e8dia<\/a><\/h3><p>Tractament logop\u00e8dic de les alteracions del llenguatge i la degluci\u00f3 degudes a ictus, traumatismes cranioencef\u00e0lics i malalties neurodegeneratives.<\/p>\n<\/div>\r\n\t\t\t<\/li><\/ul>[\/vc_column_inner][vc_column_inner width=&#8221;1\/2&#8243;]<ul class=\"clearfix mc-features mc-features-small mc-features-style-default\"><li class=\"item-content clearfix\">\r\n\t\t\t\t<a class=\"hexagon small\" href=\"https:\/\/www.logopediadomicilio.es\/ca\/servicio\/alteracions-de-la-veu\/\" title=\"Alteracions de la veu\"><span class=\"features-people\"><\/span><\/a><div class=\"text\"><h3><a href=\"https:\/\/www.logopediadomicilio.es\/ca\/servicio\/alteracions-de-la-veu\/\"  title=\"Alteracions de la veu\">Alteracions de la veu<\/a><\/h3><p>Atenci\u00f3 logop\u00e8dica en les disfonies funcionals i org\u00e0niques, tant en poblaci\u00f3 infantil com adulta i en malalties neurodegeneratives.<\/p>\n<\/div>\r\n\t\t\t<\/li><li class=\"item-content clearfix\">\r\n\t\t\t\t<a class=\"hexagon small\" href=\"https:\/\/www.logopediadomicilio.es\/ca\/servicio\/terapia-miofuncional\/\" title=\"Ter\u00e0pia miofuncional\"><span class=\"features-list\"><\/span><\/a><div class=\"text\"><h3><a href=\"https:\/\/www.logopediadomicilio.es\/ca\/servicio\/terapia-miofuncional\/\"  title=\"Ter\u00e0pia miofuncional\">Ter\u00e0pia miofuncional<\/a><\/h3><p>La ter\u00e0pia miofuncional tracta les alteracions en el funcionament orofacial, com la degluci\u00f3 at\u00edpica, alteracions de l&#8217;ATM, entre d&#8217;altres.<\/p>\n<\/div>\r\n\t\t\t<\/li><\/ul>[\/vc_column_inner][\/vc_row_inner][vc_separator color=&#8221;peacoc&#8221; el_width=&#8221;40&#8243; css=&#8221;.vc_custom_1582465485534{margin-top: 25px !important;margin-bottom: 25px !important;}&#8221;]<h2 class=\"box-header large align-center no-border page-margin-top-section\">Ll\u00e1menos por tel\u00e9fono:<\/h2>[vc_row_inner][vc_column_inner][vc_column_text css_animation=&#8221;fadeInDown&#8221;]<\/p>\n<h2 style=\"text-align: center;\"><span style=\"color: #3366ff;\"><a style=\"color: #3366ff;\" href=\"tel:931001485\">931001485<\/a><\/span> (Barcelona) \/\u00a0<span style=\"color: #3366ff;\"><a style=\"color: #3366ff;\" href=\"tel:910911285\">910911285<\/a><\/span> (Madrid) \/ <span style=\"color: #3366ff;\"><a style=\"color: #3366ff;\" href=\"tel:960011185\">960011185<\/a><\/span> (Val\u00e8ncia)<\/h2>\n<p>[\/vc_column_text][\/vc_column_inner][\/vc_row_inner][vc_column_text el_class=&#8221;large align-center margin-top-20&#8243;]O, si ho preferiu, envieu-nos un formulari:[\/vc_column_text]\n<div class=\"wpcf7 no-js\" id=\"wpcf7-f31455-o1\" lang=\"ca\" dir=\"ltr\" data-wpcf7-id=\"31455\">\n<div class=\"screen-reader-response\"><p role=\"status\" aria-live=\"polite\" aria-atomic=\"true\"><\/p> <ul><\/ul><\/div>\n<form action=\"\/ca\/wp-json\/wp\/v2\/pages\/31780#wpcf7-f31455-o1\" method=\"post\" class=\"wpcf7-form init\" aria-label=\"Formulari de contacte\" novalidate=\"novalidate\" data-status=\"init\">\n<fieldset class=\"hidden-fields-container\"><input type=\"hidden\" name=\"_wpcf7\" value=\"31455\" \/><input type=\"hidden\" name=\"_wpcf7_version\" value=\"6.1.5\" \/><input type=\"hidden\" name=\"_wpcf7_locale\" value=\"ca\" \/><input type=\"hidden\" name=\"_wpcf7_unit_tag\" value=\"wpcf7-f31455-o1\" \/><input type=\"hidden\" name=\"_wpcf7_container_post\" value=\"0\" \/><input type=\"hidden\" name=\"_wpcf7_posted_data_hash\" value=\"\" \/><input type=\"hidden\" name=\"_wpcf7_recaptcha_response\" value=\"\" \/>\n<\/fieldset>\n<div class=\"form-row\">\n\t<div class=\"column-half\">\n\t\t<p><label> Nom (obligatori)<br \/>\n<span class=\"wpcf7-form-control-wrap\" data-name=\"your-name\"><input size=\"40\" maxlength=\"400\" class=\"wpcf7-form-control wpcf7-text wpcf7-validates-as-required\" aria-required=\"true\" aria-invalid=\"false\" value=\"\" type=\"text\" name=\"your-name\" \/><\/span> <\/label>\n\t\t<\/p>\n\t<\/div>\n\t<div class=\"column-half\">\n\t\t<p><label> Correu electr\u00f2nic (obligatori)<br \/>\n<span class=\"wpcf7-form-control-wrap\" data-name=\"your-email\"><input size=\"40\" maxlength=\"400\" class=\"wpcf7-form-control wpcf7-email wpcf7-validates-as-required wpcf7-text wpcf7-validates-as-email\" aria-required=\"true\" aria-invalid=\"false\" value=\"\" type=\"email\" name=\"your-email\" \/><\/span> <\/label>\n\t\t<\/p>\n\t<\/div>\n<\/div>\n<div class=\"column-half\">\n\t<p><label> Tel\u00e8fon<br \/>\n<span class=\"wpcf7-form-control-wrap\" data-name=\"tel-165\"><input size=\"40\" maxlength=\"400\" class=\"wpcf7-form-control wpcf7-tel wpcf7-text wpcf7-validates-as-tel\" aria-invalid=\"false\" value=\"\" type=\"tel\" name=\"tel-165\" \/><\/span> <\/label>\n\t<\/p>\n<\/div>\n<div class=\"column-half\">\n\t<p><label> Localitat (obligatorio)<br \/>\n<span class=\"wpcf7-form-control-wrap\" data-name=\"localidad\"><input size=\"40\" maxlength=\"400\" class=\"wpcf7-form-control wpcf7-text wpcf7-validates-as-required\" aria-required=\"true\" aria-invalid=\"false\" value=\"\" type=\"text\" name=\"localidad\" \/><\/span> <\/label>\n\t<\/p>\n<\/div>\n<p><label> Missatge<br \/>\n<span class=\"wpcf7-form-control-wrap\" data-name=\"your-message\"><textarea cols=\"40\" rows=\"10\" maxlength=\"2000\" class=\"wpcf7-form-control wpcf7-textarea\" aria-invalid=\"false\" name=\"your-message\"><\/textarea><\/span> <\/label>\n<\/p>\n<p><input class=\"wpcf7-form-control wpcf7-submit has-spinner\" type=\"submit\" value=\"Enviar formulari\" \/>\n<\/p><div class=\"wpcf7-response-output\" aria-hidden=\"true\"><\/div>\n<\/form>\n<\/div>\n[\/vc_column][\/vc_row]<\/p>\n<\/div>","protected":false},"excerpt":{"rendered":"<p>[vc_row][vc_column][vc_row_inner][vc_column_inner width=&#8221;1\/2&#8243;][vc_single_image image=&#8221;31383&#8243; img_size=&#8221;medium-thumb&#8221; onclick=&#8221;link_image&#8221;][\/vc_column_inner][vc_column_inner width=&#8221;1\/2&#8243;][vc_single_image image=&#8221;31436&#8243; img_size=&#8221;medium-thumb&#8221; onclick=&#8221;link_image&#8221;][\/vc_column_inner][\/vc_row_inner][vc_column_text el_class=&#8221;large margin-top-20&#8243;]L&#8217;af\u00e0sia \u00e9s una alteraci\u00f3 del llenguatge expressiu o comprensiu; del llenguatge parlat, la lectura i\/o l&#8217;escriptura, sent aix\u00f2 secundari a una lesi\u00f3 cerebral. L&#8217;af\u00e0sia apareix com a seq\u00fcela despr\u00e9s d&#8217;un ictus, traumatisme, tumor o una altra malaltia. Aproximadament el 30% de les persones que sobreviuen<\/p>\n","protected":false},"author":1,"featured_media":0,"parent":0,"menu_order":0,"comment_status":"closed","ping_status":"closed","template":"","meta":{"footnotes":""},"class_list":["post-31780","page","type-page","status-publish","hentry"],"_links":{"self":[{"href":"https:\/\/www.logopediadomicilio.es\/ca\/wp-json\/wp\/v2\/pages\/31780","targetHints":{"allow":["GET"]}}],"collection":[{"href":"https:\/\/www.logopediadomicilio.es\/ca\/wp-json\/wp\/v2\/pages"}],"about":[{"href":"https:\/\/www.logopediadomicilio.es\/ca\/wp-json\/wp\/v2\/types\/page"}],"author":[{"embeddable":true,"href":"https:\/\/www.logopediadomicilio.es\/ca\/wp-json\/wp\/v2\/users\/1"}],"replies":[{"embeddable":true,"href":"https:\/\/www.logopediadomicilio.es\/ca\/wp-json\/wp\/v2\/comments?post=31780"}],"version-history":[{"count":20,"href":"https:\/\/www.logopediadomicilio.es\/ca\/wp-json\/wp\/v2\/pages\/31780\/revisions"}],"predecessor-version":[{"id":32031,"href":"https:\/\/www.logopediadomicilio.es\/ca\/wp-json\/wp\/v2\/pages\/31780\/revisions\/32031"}],"wp:attachment":[{"href":"https:\/\/www.logopediadomicilio.es\/ca\/wp-json\/wp\/v2\/media?parent=31780"}],"curies":[{"name":"wp","href":"https:\/\/api.w.org\/{rel}","templated":true}]}}