{"id":31787,"date":"2020-11-10T09:02:57","date_gmt":"2020-11-10T09:02:57","guid":{"rendered":"https:\/\/www.logopediadomicilio.es\/politica-de-cookies-ue-2\/"},"modified":"2021-10-18T09:25:44","modified_gmt":"2021-10-18T09:25:44","slug":"politica-de-cookies-ue-2","status":"publish","type":"page","link":"https:\/\/www.logopediadomicilio.es\/ca\/politica-de-cookies-ue-2\/","title":{"rendered":"Pol\u00edtica de cookies (UE)"},"content":{"rendered":"<div class=\"wpb-content-wrapper\"><p>[vc_row][vc_column width=&#8221;2\/3&#8243;][vc_column_text]<\/p>\n<div class=\"vc_row wpb_row vc_row-fluid page-header vertical-align-table full-width\">\n<div class=\"vc_row wpb_row vc_inner vc_row-fluid\">\n<div class=\"page-header-left\">\n<p><i>Aquesta pol\u00edtica de cookies ha sigut actualitzada per \u00faltima vegada el 10 novembre, 2020 i s&#8217;aplica als ciutadants de l&#8217;Espai Econ\u00f2mic Europeu.<\/i><\/p>\n<\/div>\n<\/div>\n<\/div>\n<div class=\"clearfix\">\n<div class=\"vc_row wpb_row vc_row-fluid\">\n<div class=\"wpb_column vc_column_container vc_col-sm-8\">\n<div class=\"wpb_wrapper\">\n<div class=\"wpb_text_column wpb_content_element \">\n<div class=\"wpb_wrapper\">\n<div id=\"cmplz-document\" class=\"cmplz-document cookie-statement\">\n<h2>1. Introducci\u00f3<\/h2>\n<p>La nostre web, <a href=\"https:\/\/www.logopediadomicilio.es\/?lang=ca\">https:\/\/www.logopediadomicilio.es<\/a> (d&#8217;ara endavant: \u00abla web\u00bb) utilitza cookies i altres tecnologies relacionades (per a m\u00e9s comoditat, totes les tecnologies es denominen \u00abcookies\u00bb). Les cookies tamb\u00e9 s\u00f3n col\u00b7locades per tercers als quals hem contractat. En el seg\u00fcent document t&#8217;informem sobre l&#8217;\u00fas de cookies al nostre web.<\/p>\n<h2>2. \u00bfQu\u00e8 s\u00f3n les cookies?<\/h2>\n<p>Una cookie \u00e9s un petit arxiu simple que s&#8217;envia juntament amb les p\u00e0gines d&#8217;aquest web i que el teu navegador emmagatzema al disc dur del teu ordinador o d&#8217;un altre dispositiu. La informaci\u00f3 emmagatzemada pot ser retornada als nostres servidors o als servidors de tercers rellevants durant una visita posterior.<\/p>\n<h2>3. \u00bfQu\u00e8 s\u00f3n els scripts?<\/h2>\n<p>Un script \u00e9s un fragment de codi de programa que s&#8217;utilitza per fer que la nostra web funcioni correctament i de forma interactiva. Aquest codi s&#8217;executa en el nostre servidor o en el teu dispositiu.<\/p>\n<h2>4. \u00bfQu\u00e8 \u00e9s una baliza web?<\/h2>\n<p>Una baliza web (o una etiqueta de p\u00edxel) \u00e9s una petita i invisible pe\u00e7a de text o imatge en un web que s&#8217;utilitza per fer seguiment del tr\u00e0nsit en un web. Per a aix\u00f2, s&#8217;emmagatzemen diverses dades sobre tu mitjan\u00e7ant balises web.<\/p>\n<h2>5. Cookies<\/h2>\n<p class=\"cmplz-subtitle\">5.1 Cookies t\u00e8cniques o funcionals<\/p>\n<p>Algunes galetes asseguren que certes parts del web funcionin correctament i que les teves prefer\u00e8ncies d&#8217;usuari se segueixin recordant. Al col\u00b7locar cookies funcionals, et facilitem la visita al nostre web. D&#8217;aquesta manera, no necessites introduir repetidament la mateixa informaci\u00f3 quan visites la nostra web i, per exemple, els articles romanen en la cistella de la compra fins que hagis pagat. Podem posar aquestes galetes sense el teu consentiment.<\/p>\n<p class=\"cmplz-subtitle\">5.2 Cookies anal\u00edtiques<\/p>\n<p>Com que les dades estad\u00edstiques s\u00f3n monitoritzats an\u00f2nimament, no es demana perm\u00eds per posar galetes anal\u00edtiques.<\/p>\n<h2>6. Cookies utilitzades<\/h2>\n<div id=\"cmplz-cookies-overview\">\n<div class=\"cmplz-service-header\"><\/div>\n<\/div>\n<div id=\"cmplz-cookies-overview\">\n<div class=\"cmplz-service-header\"><\/div>\n<\/div>\n<h2><img loading=\"lazy\" decoding=\"async\" class=\"aligncenter size-full wp-image-31667\" src=\"https:\/\/www.logopediadomicilio.es\/wp-content\/uploads\/2021\/04\/cookies-logopediadomicilio-scaled.jpg\" alt=\"\" width=\"509\" height=\"2560\" srcset=\"https:\/\/www.logopediadomicilio.es\/wp-content\/uploads\/2021\/04\/cookies-logopediadomicilio-scaled.jpg 509w, https:\/\/www.logopediadomicilio.es\/wp-content\/uploads\/2021\/04\/cookies-logopediadomicilio-407x2048.jpg 407w\" sizes=\"auto, (max-width: 509px) 100vw, 509px\" \/>7. Consentiment<\/h2>\n<p>Quan visitis la nostra web per primera vegada, et mostrarem una finestra emergent amb una explicaci\u00f3 sobre les cookies. Tan aviat com facis clic a &#8220;Desa prefer\u00e8ncies\u00bb, acceptes que usem les categories de cookies i connectors que has seleccionat a la finestra emergent, tal com es descriu en aquesta pol\u00edtica de cookies. Pots desactivar l&#8217;\u00fas de cookies a trav\u00e9s del teu navegador, per\u00f2, si us plau, tingues en compte que la nostra web pot deixar de funcionar.<\/p>\n<p class=\"cmplz-subtitle\">7.1 Gestiona els teus ajustaments de consentiment<\/p>\n<p>Pots desactivar les cookies no necess\u00e0ries encara que no realitzem cap seguiment personal.<\/p>\n<div><\/div>\n<p>&nbsp;<\/p>\n<h2>8. Els teus drets respecte a les dades personals<\/h2>\n<p>Tens els seg\u00fcents drets respecte a les teves dades personals:<\/p>\n<ul>\n<li>T\u00e9 dret a saber per qu\u00e8 es necessiten les dades personals, qu\u00e8 passar\u00e0 amb elles i durant quant temps es conservaran.<\/li>\n<li>Dret d&#8217;acc\u00e9s: tens dret a accedir a les teves dades personals que coneixem.<\/li>\n<li>Dret de rectificaci\u00f3: tens dret a completar, rectificar, esborrar o bloquejar les teves dades personals en qualsevol moment.<\/li>\n<li>Si ens dones el teu consentiment per a processar les dades, tens dret a revocar aquest consentiment i al fet que s&#8217;eliminin les teves dades personals.<\/li>\n<li>Dret de cessi\u00f3 de les teves dades: tens dret a sol\u00b7licitar totes les teves dades personals al responsable del tractament i a transferir-les \u00edntegrament a un altre responsable del tractament.<\/li>\n<li>Dret d&#8217;oposici\u00f3: pots oposar-te al tractament de les teves dades. Nosaltres complim amb aix\u00f2, llevat que hi hagi motius justificats per al processament.<\/li>\n<\/ul>\n<p>&nbsp;<\/p>\n<p>Per exercir aquests drets, si us plau, contacta amb nosaltres. Si us plau, consulta els detalls de contacte a la part inferior d&#8217;aquesta pol\u00edtica de cookies. Si tens alguna queixa sobre com gestionem les teves dades, ens agradaria que ens la fessis saber, per\u00f2 tamb\u00e9 tens dret a enviar una queixa a l&#8217;autoritat supervisora \u200b\u200b(l&#8217;autoritat de protecci\u00f3 de dades).<\/p>\n<h2>9. Activaci\u00f3, desactivaci\u00f3 i eliminaci\u00f3 de cookies<\/h2>\n<p>Pots utilitzar el teu navegador d&#8217;Internet per eliminar les cookies de forma autom\u00e0tica o manual. Tamb\u00e9 pots especificar que certes cookies no puguin ser col\u00b7locades. Una altra opci\u00f3 \u00e9s canviar la configuraci\u00f3 del teu navegador d&#8217;Internet perqu\u00e8 rebis un missatge cada vegada que es col\u00b7loca una cookie. Per a m\u00e9s informaci\u00f3 sobre aquestes opcions, consulta les instruccions de la secci\u00f3 \u00abAjuda\u00bb del teu navegador.<\/p>\n<p>Tingues en compte que la nostra web pot no funcionar si totes les cookies estan desactivades. Si esborres les cookies del navegador, es tornaran a col\u00b7locar despr\u00e9s del teu consentiment quan tornis a visitar les nostres webs.<\/p>\n<h2>10. Detalls de contacte<\/h2>\n<p>Per a preguntes i\/o comentaris sobre la nostra pol\u00edtica de cookies i aquesta declaraci\u00f3, si us plau, contacta amb nosaltres usant les seg\u00fcents dades de contacte:<\/p>\n<p>ON PSICOLOGIA, SCP<br \/>\nRambla, 62, 2\u00ba pis<br \/>\n08201 Sabadell<br \/>\nEspanya<br \/>\nWebsite:\u00a0<a href=\"https:\/\/www.logopediadomicilio.es\/?lang=ca\">https:\/\/www.logopediadomicilio.es<\/a><br \/>\nEmail:\u00a0<a href=\"mailto:info@logopediadomicilio.es\">info@logopediadomicilio.es<\/a><br \/>\nN\u00famero de tel\u00e8fon: 931 001 485<\/p>\n<p>&nbsp;<\/p>\n<\/div>\n<\/div>\n<\/div>\n<div class=\"wpb_text_column wpb_content_element \">\n<div class=\"wpb_wrapper\">\n<h3>11. Hem\u00a0realitzat l&#8217;anonimitzaci\u00f3 d&#8217;IP a Google Analytics<\/h3>\n<p>D&#8217;aquesta manera que no es poden assignar directament dades de seguiment a una adre\u00e7a IP exacta. En qualsevol cas, NO realitzem cap seguiment personal en aquest programa, que s&#8217;utilitza per revisar dades de manera global.<\/p>\n<\/div>\n<\/div>\n<\/div>\n<\/div>\n<\/div>\n<\/div>\n<p>[\/vc_column_text][\/vc_column][vc_column width=&#8221;1\/3&#8243;]<ul class=\"clearfix mc-features mc-features-large mc-features-style-default\"><li class=\"item-content clearfix\">\r\n\t\t\t\t<a class=\"hexagon\" href=\"https:\/\/www.logopediadomicilio.es\/ca\/servicio\/telefons\/\" title=\"Tel\u00e8fons\"><span class=\"features-phone\"><\/span><\/a><div class=\"text\"><p>Barcelona: <a href='tel:931001485'>931 001 485<\/a><br \/>\nMadrid: <a href='tel:910911285'>910 911 285<\/a><br \/>\nValencia: <a href='tel:960001185'>960 001 185<\/a><\/p>\n<\/div>\r\n\t\t\t<\/li><\/ul>[vc_empty_space]<ul class=\"clearfix mc-features mc-features-large mc-features-style-default\"><li class=\"item-content clearfix\">\r\n\t\t\t\t<a class=\"hexagon\" href=\"https:\/\/www.logopediadomicilio.es\/ca\/servicio\/email\/\" title=\"Email\"><span class=\"features-email\"><\/span><\/a><div class=\"text\"><p>Barcelona:<br \/>\n<a href='mailto:info@logopediadomicili.com'>info@logopediadomicili.com<\/a><br \/>\nMadrid y Valencia:<br \/>\n<a href='mailto:info@logopediadomicilio.es'>info@logopediadomicilio.es<\/a><\/p>\n<\/div>\r\n\t\t\t<\/li><\/ul>[vc_empty_space]<ul class=\"clearfix mc-features mc-features-large mc-features-style-default\"><li class=\"item-content clearfix\">\r\n\t\t\t\t<a class=\"hexagon\" href=\"https:\/\/www.logopediadomicilio.es\/ca\/servicio\/horari-datencio\/\" title=\"Horari d&#8217;atenci\u00f3\"><span class=\"features-clock\"><\/span><\/a><div class=\"text\"><p>De dilluns a divendres: 09:00 &#8211; 20:30<\/p>\n<\/div>\r\n\t\t\t<\/li><\/ul>[\/vc_column][\/vc_row]<\/p>\n<\/div>","protected":false},"excerpt":{"rendered":"<p>[vc_row][vc_column width=&#8221;2\/3&#8243;][vc_column_text] Aquesta pol\u00edtica de cookies ha sigut actualitzada per \u00faltima vegada el 10 novembre, 2020 i s&#8217;aplica als ciutadants de l&#8217;Espai Econ\u00f2mic Europeu. 1. Introducci\u00f3 La nostre web, https:\/\/www.logopediadomicilio.es (d&#8217;ara endavant: \u00abla web\u00bb) utilitza cookies i altres tecnologies relacionades (per a m\u00e9s comoditat, totes les tecnologies es denominen \u00abcookies\u00bb). Les cookies tamb\u00e9 s\u00f3n col\u00b7locades<\/p>\n","protected":false},"author":2,"featured_media":0,"parent":0,"menu_order":0,"comment_status":"closed","ping_status":"closed","template":"","meta":{"footnotes":""},"class_list":["post-31787","page","type-page","status-publish","hentry"],"_links":{"self":[{"href":"https:\/\/www.logopediadomicilio.es\/ca\/wp-json\/wp\/v2\/pages\/31787","targetHints":{"allow":["GET"]}}],"collection":[{"href":"https:\/\/www.logopediadomicilio.es\/ca\/wp-json\/wp\/v2\/pages"}],"about":[{"href":"https:\/\/www.logopediadomicilio.es\/ca\/wp-json\/wp\/v2\/types\/page"}],"author":[{"embeddable":true,"href":"https:\/\/www.logopediadomicilio.es\/ca\/wp-json\/wp\/v2\/users\/2"}],"replies":[{"embeddable":true,"href":"https:\/\/www.logopediadomicilio.es\/ca\/wp-json\/wp\/v2\/comments?post=31787"}],"version-history":[{"count":5,"href":"https:\/\/www.logopediadomicilio.es\/ca\/wp-json\/wp\/v2\/pages\/31787\/revisions"}],"predecessor-version":[{"id":31805,"href":"https:\/\/www.logopediadomicilio.es\/ca\/wp-json\/wp\/v2\/pages\/31787\/revisions\/31805"}],"wp:attachment":[{"href":"https:\/\/www.logopediadomicilio.es\/ca\/wp-json\/wp\/v2\/media?parent=31787"}],"curies":[{"name":"wp","href":"https:\/\/api.w.org\/{rel}","templated":true}]}}