{"id":31827,"date":"2020-07-12T08:30:52","date_gmt":"2020-07-12T08:30:52","guid":{"rendered":"https:\/\/www.logopediadomicilio.es\/deglucio-atipica-i-logopedia\/"},"modified":"2021-10-25T14:07:29","modified_gmt":"2021-10-25T14:07:29","slug":"deglucio-atipica-i-logopedia","status":"publish","type":"page","link":"https:\/\/www.logopediadomicilio.es\/ca\/deglucio-atipica-i-logopedia\/","title":{"rendered":"Degluci\u00f3 at\u00edpica i logop\u00e8dia"},"content":{"rendered":"<div class=\"wpb-content-wrapper\"><p>[vc_row][vc_column][vc_row_inner][vc_column_inner width=&#8221;1\/2&#8243;][vc_single_image image=&#8221;31369&#8243; img_size=&#8221;medium-thumb&#8221; onclick=&#8221;link_image&#8221;][\/vc_column_inner][vc_column_inner width=&#8221;1\/2&#8243;][vc_single_image image=&#8221;30409&#8243; img_size=&#8221;medium-thumb&#8221; onclick=&#8221;link_image&#8221;][\/vc_column_inner][\/vc_row_inner]<h2 class=\"box-header large margin-top-30\">Qu\u00e9 es la degluci\u00f3n at\u00edpica<\/h2>[vc_column_text el_class=&#8221;large margin-top-20&#8243;]Per comprendre en qu\u00e8 consisteix la degluci\u00f3 at\u00edpica, en primer lloc hem de tenir en compte que la degluci\u00f3 \u00e9s l&#8217;acte d&#8217;empassar, tant l\u00edquids com s\u00f2lids, i \u00e9s una funci\u00f3 necess\u00e0ria per a l&#8217;alimentaci\u00f3 de l&#8217;individu. Aquesta s&#8217;inicia de manera volunt\u00e0ria per\u00f2 finalitza de forma involunt\u00e0ria impulsant l&#8217;aliment des de la boca fins a l&#8217;est\u00f3mac, existint per a aix\u00f2 una s\u00e8rie de fases (incisi\u00f3, trituraci\u00f3 i polvoritzaci\u00f3) que permeten el pas de l&#8217;aliment abans de deglutir.<\/p>\n<p>El patr\u00f3 deglutori correcte \u00e9s aquell en el qual es mantenen els llavis tancats i sense esfor\u00e7. L&#8217;\u00e0pex lingual ha de tocar les arrugues palatines o els alv\u00e8ols superiors i finalment, en el moment de la degluci\u00f3, no s&#8217;ha d&#8217;observar cap moviment an\u00f2mal a la zona cervical, lingual ni comisural.<\/p>\n<p>La degluci\u00f3 at\u00edpica es caracteritza per la falta de segellat labial i durant la masticaci\u00f3 els llavis estan actius, de manera que el llavi inferior presenta una activitat m\u00e9s exagerada del normal.<\/p>\n<p>&nbsp;<\/p>\n<h3>Senyals d&#8217;alarma de degluci\u00f3 at\u00edpica<\/h3>\n<p>Hi ha certes caracter\u00edstiques comunes que podem trobar en la majoria de casos de degluci\u00f3 at\u00edpica. Per exemple:<\/p>\n<ul>\n<li>Llavis amb poca tonicitat.<\/li>\n<li>Llengua en posici\u00f3 interdental en rep\u00f2s<\/li>\n<li>Tend\u00e8ncia a la respiraci\u00f3 bucal.<\/li>\n<li>No fer una degluci\u00f3 adequada perqu\u00e8 es mastega amb les dents i no amb els molars posteriors: queden sobres d&#8217;aliment al vest\u00edbul i la cavitat bucal.<\/li>\n<li>Treure aliments fora de la boca i no deglutir amb tanta freq\u00fc\u00e8ncia.<\/li>\n<li>Realitzar moviments excessius com: elevar el cap, contreure els llavis excessivament o fer ganyotes o sorolls a l&#8217;empassar.<\/li>\n<li>Pres\u00e8ncia de sorolls en l&#8217;acte de deglutir<\/li>\n<li>Alteraci\u00f3 de la posici\u00f3 normal de les dents<\/li>\n<li>Pres\u00e8ncia de fre lingual curt (anquilogl\u00f2ssia: no pot treure la llengua o quan la treu fa forma de cor o v)<\/li>\n<\/ul>\n<p>En la majoria dels casos \u00e9s l&#8217;odont\u00f2leg qui adverteix a les fam\u00edlies sobre el patr\u00f3 deglutori alterat a causa del despla\u00e7ament dels incisius cap endavant, i aconsella un treball conjunt amb el logopeda. Aquest \u00faltim ser\u00e0 qui s&#8217;encarregui de corregir el patr\u00f3 deglutori perqu\u00e8 el pacient no segueixi despla\u00e7ant les dents a causa d&#8217;una posici\u00f3 interdental de la llengua a l&#8217;hora d&#8217;empassar. Un cop corregit aix\u00f2, l&#8217;odont\u00f2leg podr\u00e0 comen\u00e7ar amb el tractament correctiu pertinent, en la majoria dels casos mitjan\u00e7ant ortod\u00f2ncia o, com s\u00f3n comunament coneguts, Brackets.<\/p>\n<p>&nbsp;<\/p>\n<h3>Causes de la degluci\u00f3 at\u00edpica<\/h3>\n<p>Les causes de la degluci\u00f3 at\u00edpica poden ser m\u00faltiples i variades. La hip\u00f2tesi m\u00e9s avalada \u00e9s que la degluci\u00f3 at\u00edpica respon a la conseq\u00fc\u00e8ncia d&#8217;un o diversos factors que han incidit sobre l&#8217;evoluci\u00f3 de les pr\u00e0xies estomatol\u00f3gicas durant la inf\u00e0ncia, impedint la maduraci\u00f3 adequada i l&#8217;adquisici\u00f3 dels patrons musculars adults. Aquests factors poden ser de tipus hereditari, responent a patrons tipus ossi i\/o a patrons de conducta heretats. S\u00ed, \u00e9s freq\u00fcent observar deglucions disfuncionals en els pares dels nens que la presenten. Altres causes afavoridores d&#8217;un tipus deglutori disfuncional s\u00f3n la <strong>respiraci\u00f3 bucal, frens linguals<\/strong> i\/o labials curts i am\u00edgdales hipertr\u00f2fiques.<\/p>\n<p>Una o diverses d&#8217;aquestes causes poden actuar soles o simult\u00e0niament de forma acumulativa. Si a aix\u00f2 hi afegim que els moviments de la degluci\u00f3 es produeixen m\u00e9s de <strong>2000 vegades al dia<\/strong>, podem adonar-nos de l&#8217;abast d&#8217;aquestes disfuncions i de l&#8217;important que \u00e9s la correcci\u00f3 d&#8217;una degluci\u00f3 at\u00edpica.<\/p>\n<p>Quan els mals h\u00e0bits es perllonguen en el temps, tant en durada com en freq\u00fc\u00e8ncia d&#8217;aparici\u00f3, les maloclusions seran m\u00e9s dif\u00edcils de corregir. No dep\u00e8n doncs tant de la intensitat del mal h\u00e0bit com de la seva durada.<\/p>\n<p>&nbsp;<\/p>\n<h2>Problem\u00e0tiques associades a la degluci\u00f3 at\u00edpica<\/h2>\n<h3>Alteracions en l&#8217;oclusi\u00f3<\/h3>\n<p>El constant moviment lingual empenyent les dents de forma central o lateral acaba alterant la col\u00b7locaci\u00f3 de les dents, generant, d&#8217;aquesta manera, el que anomenem una maloclusi\u00f3, la qual es defineix com un mal posicionament de les dents i la mand\u00edbula, que moltes vegades dificulta la masticaci\u00f3 a part de generar una alteraci\u00f3 est\u00e8tica.<\/p>\n<p>Davant d&#8217;una maloclusi\u00f3 el tractament adequat \u00e9s l&#8217;ortod\u00f2ntic, que consistir\u00e0 en la col\u00b7locaci\u00f3 d&#8217;uns brackets o aparells per anar corregint progressivament la posici\u00f3 de les dents. No obstant aix\u00f2, en moltes ocasions, si el patr\u00f3 deglutori no \u00e9s corregit, un temps despr\u00e9s d&#8217;haver aconseguit col\u00b7locar correctament les dents es podr\u00eden tornar a col\u00b7locar-se de forma incorrecta, ja que la llengua i els llavis segueixen realitzant pressions de forma cont\u00ednua sobre l&#8217;arcada dental alterant la seva configuraci\u00f3 novament. Aix\u00ed que sempre que es presenti degluci\u00f3 at\u00edpica caldr\u00e0 corregir aquest patr\u00f3 si no volem que es produeixi una recidiva (\u00e9s a dir que es torni a produir la maloclusi\u00f3).<\/p>\n<p>&nbsp;<\/p>\n<h3>Alteracions en la respiraci\u00f3<\/h3>\n<p>La respiraci\u00f3 oral \u00e9s la que s&#8217;efectua a trav\u00e9s de la boca, en lloc de fer-ho pel nas. Normalment, tenir la boca mig oberta de manera continuada s&#8217;associa a un tipus de respiraci\u00f3 oral completa o parcial (inspirar i expirar pel nas i boca al mateix temps). Si l&#8217;aire no passa per les fosses nasals, el paladar s&#8217;eleva i estreta produint-se una maloclusi\u00f3 pel contacte que hi ha entre el sostre de paladar i el s\u00f2l de les fosses nasals.<\/p>\n<p>Quan hi ha algun tipus d&#8217;obstrucci\u00f3 a les fosses nasals, o al passatge aeri, l&#8217;individu es veu obligat a respirar amb la boca oberta. Si no hi ha cap obstacle, estem referint-nos a un mal h\u00e0bit que hem de tractar.<\/p>\n<p>Despr\u00e9s de corregir o alleujar aquestes causes, \u00e9s freq\u00fcent que romangui l&#8217;h\u00e0bit de respiraci\u00f3 oral si no s&#8217;ensenya a l&#8217;infant com \u00e9s el patr\u00f3 correcte, at\u00e8s que per a ell no existeix encara el mateix. No es tracta llavors de canviar una manera de respirar per una altra, sin\u00f3 d&#8217;ensenyar-ne una de nova.<\/p>\n<p>La respiraci\u00f3 oral comporta en moltes ocasions una major tend\u00e8ncia a refredar-se, major fatigabilitat en l&#8217;exercici f\u00edsic, males postures corporals, entre altres conseq\u00fc\u00e8ncies.<\/p>\n<p>&nbsp;<\/p>\n<h3>Alteracions en la masticaci\u00f3<\/h3>\n<p>Quan la masticaci\u00f3 \u00e9s unilateral i\/o anterior, \u00e9s a dir, si masteguem marcadament m\u00e9s d&#8217;un costat que un altre i si utilitzem nom\u00e9s la zona premolar, canins i incisius, es produeixen alteracions musculars en les articulacions, i tamb\u00e9 en l&#8217;oclusi\u00f3. Aix\u00ed, \u00e9s freq\u00fcent observar mossegades creuades per una masticaci\u00f3 unilateral, dolors en l&#8217;articulaci\u00f3 temporomandibular (ATM) i espetecs o crepitacions associats a aquests desequilibris. Si la masticaci\u00f3 \u00e9s massa lenta o massa r\u00e0pida, pot ser que no triturem b\u00e9 els aliments, que es produeixin desequilibris musculars o ambdues coses.<\/p>\n<p>Les causes d&#8217;una masticaci\u00f3 insuficient i\/o unilateral poden ser:<\/p>\n<ul>\n<li>Abs\u00e8ncia de peces dent\u00e0ries per canvis en la dentici\u00f3, per extirpaci\u00f3, traumatismes, etc.<\/li>\n<li>Alteracions o desequilibris en l&#8217;oclusi\u00f3 per aquestes abs\u00e8ncies o per desequilibris musculars.<\/li>\n<li>Respiraci\u00f3 oral amb la llengua avan\u00e7ada amb les conseg\u00fcents dificultats per a la trituraci\u00f3 de l&#8217;aliment.<\/li>\n<li>Factors psicol\u00f2gic-conductuals relacionats amb mals h\u00e0bits.<\/li>\n<\/ul>\n<h2>\nTractament logop\u00e8dic de la degluci\u00f3 at\u00edpica<\/h2>\n<p>Per tractar un patr\u00f3 deglutori incorrecte s&#8217;han d&#8217;utilitzar les t\u00e8cniques de la ter\u00e0pia miofuncional, definides per Borr\u00e0s i Rosell (2008), com la disciplina que s&#8217;encarrega de prevenir, valorar, diagnosticar i corregir les funcions orofacials que poden interferir, tant en la producci\u00f3 de la parla, com sobre l&#8217;estructura de les dents i les relacions maxil\u00b7lars.<\/p>\n<p>El nostre treball com logopedes ser\u00e0 explorar i valorar les alteracions presents de cada pacient per poder oferir una intervenci\u00f3 individualitzada.<\/p>\n<p>Un dels principals objectius plantejats, en cada intervenci\u00f3, ser\u00e0 augmentar el to muscular dels \u00f2rgans buco-fonadors i, en concret, de l&#8217;\u00e0pex lingual.<\/p>\n<p>Pel que fa a l&#8217;evoluci\u00f3, cal destacar aspectes de gran rellev\u00e0ncia i que determinaran la durada i l&#8217;\u00e8xit, com: a) l&#8217;edat del pacient, b) la motivaci\u00f3 i c) la feina a casa. Si el treball recomanat professionalment per fer a casa \u00e9s realitzat de manera adequada (= ensenyada) i durant el temps acordat, i s&#8217;aconsegueix un treball coordinat i conjunt del pacient, l&#8217;odont\u00f2leg i el logopeda l&#8217;evoluci\u00f3 ser\u00e0 \u00e0mpliament favorable.<\/p>\n<p>Addicionalment, s&#8217;ha d&#8217;indicar que \u00e9s important treballar en conjunt amb altres professionals per tal de proporcionar una intervenci\u00f3 multidisciplin\u00e0ria perqu\u00e8 la rehabilitaci\u00f3 del pacient sigui el m\u00e9s completa possible. La ter\u00e0pia miofuncional presenta relaci\u00f3 amb diversos professionals com logopedes, pediatres, fisioterapeutes, odont\u00f2legs, ortodoncistes, cirurgians maxil\u00b7lofacials, otorinolaring\u00f2legs, foniatres i neur\u00f2legs, entre d&#8217;altres.<\/p>\n<p>Un altre aspecte a esmentar \u00e9s que el tractament logop\u00e8dic sol finalitzar abans que l&#8217;ortod\u00f2ntic. No obstant aix\u00f2, seria aconsellable allargar el tractament del logopeda fins que el pacient hagi aconseguit un patr\u00f3 deglutori no at\u00edpic.<\/p>\n<p>La intervenci\u00f3 per part del logopeda, abans, durant i despr\u00e9s del tractament ortod\u00f2ntic \u00e9s imprescindible per a la correcci\u00f3 d&#8217;aquells h\u00e0bits erronis responsables d&#8217;alteracions pr\u00f2pies d&#8217;intervenci\u00f3 logop\u00e8dica i ortod\u00f2ncica. No ser\u00e0 possible aconseguir una rehabilitaci\u00f3 de les funcions si no es posseeixen unes estructures preparades per a un fi concret i viceversa.<\/p>\n<p>En concret, l&#8217;actuaci\u00f3 que es realitzar\u00e0 des de la logop\u00e8dia per corregir el patr\u00f3 deglutori at\u00edpic constar\u00e0 d&#8217;exercicis per donar to muscular a la zona orofacial i pr\u00e0xies deglut\u00f2ries. Els objectius hauran d&#8217;estar enfocats a:<\/p>\n<ul>\n<li>Respiraci\u00f3<\/li>\n<li>Masticaci\u00f3<\/li>\n<li>Degluci\u00f3<\/li>\n<li>Llavis<\/li>\n<li>Masseters<\/li>\n<li>ATM (articulaci\u00f3 temporo-mandibular)<\/li>\n<li>Paladar<\/li>\n<li>Llengua<\/li>\n<\/ul>\n<p>Sempre amb l&#8217;objectiu de corregir el patr\u00f3 deglutori, aix\u00ed com tractar-ne les dificultats associades, el que implica que el tractament logop\u00e8dic de la degluci\u00f3 at\u00edpica sempre sigui personalitzat.[\/vc_column_text][\/vc_column][\/vc_row][vc_row css=&#8221;.vc_custom_1591887338930{background-color: rgba(232,241,255,0.59) !important;*background-color: rgb(232,241,255) !important;}&#8221;][vc_column css=&#8221;.vc_custom_1579881017377{border-radius: 5px !important;}&#8221;][vc_row_inner][vc_column_inner width=&#8221;1\/4&#8243;][vc_single_image image=&#8221;31347&#8243; alignment=&#8221;center&#8221; style=&#8221;vc_box_outline_circle_2&#8243; css=&#8221;.vc_custom_1591959219523{margin-top: 15px !important;margin-bottom: 15px !important;}&#8221;][vc_column_text]<\/p>\n<p style=\"text-align: center;\">Marc Giner<\/p>\n<p>[\/vc_column_text][vc_single_image image=&#8221;30645&#8243; alignment=&#8221;center&#8221; style=&#8221;vc_box_outline_circle_2&#8243; css=&#8221;.vc_custom_1594542648510{margin-top: 15px !important;margin-bottom: 15px !important;}&#8221;][vc_column_text]<\/p>\n<p style=\"text-align: center;\">Borja Tormos<\/p>\n<p>[\/vc_column_text][\/vc_column_inner][vc_column_inner width=&#8221;3\/4&#8243;][vc_column_text css_animation=&#8221;fadeInUp&#8221; css=&#8221;.vc_custom_1594542610397{margin-top: 25px !important;margin-bottom: 25px !important;padding-top: 30px !important;padding-right: 30px !important;padding-bottom: 30px !important;padding-left: 30px !important;background-color: rgba(232,241,255,0.59) !important;*background-color: rgb(232,241,255) !important;border-radius: 5px !important;}&#8221;]<strong>Autors del presente article:<\/strong><\/p>\n<p>Borja Tormos, psic\u00f2leg i logopeda, Logop\u00e8dia a Barcelona de Logop\u00e8dia a Domicili. Col\u00b7legiat al Col\u00b7legi de Logopedes de Catalunya amb n\u00famero 08-4385. <a href=\"https:\/\/www.linkedin.com\/in\/borja-tormos-vidal-645469151\/?originalSubdomain=es\">Linkedin<\/a><\/p>\n<p><strong>Refer\u00e8ncies bibliogr\u00e0fiques:<\/strong><\/p>\n<p>Borr\u00e1s, S. y Rosell, V. (2008). Gu\u00eda para la reeducaci\u00f3n de la degluci\u00f3n at\u00edpica y trastornos asociados. Nau Llibres, Val\u00e8ncia, Espa\u00f1a.[\/vc_column_text][\/vc_column_inner][\/vc_row_inner][\/vc_column][\/vc_row][vc_row][vc_column]<h2 class=\"box-header large align-center page-margin-top-section\">Un proceso simple y eficaz<\/h2>[vc_row_inner top_margin=&#8221;page-margin-top&#8221; el_class=&#8221;flex-box&#8221;][vc_column_inner width=&#8221;1\/3&#8243;]<div class=\"info-box features-phone animated-element animation-fadeIn\"><h3>Contacte<\/h3><p>Contacti amb nosaltres per ampliar la informaci\u00f3 dels nostres serveis i exposar el seu cas.<\/p><\/div><div class=\"arrow-container animated-element animation-slideRight\"><span class=\"arrow template-arrow-horizontal-4-after arrow-light\"><\/span><\/div>[\/vc_column_inner][vc_column_inner width=&#8221;1\/3&#8243;]<div class=\"info-box features-doctor animated-element animation-slideRight duration-800 delay-600\"><h3>Diagn\u00f2stic i Tractament<\/h3><p>El primer pas \u00e9s realitzar un bon diagn\u00f2stic (si no es disposa d&#8217;ell) i a posteriori ja podrem comen\u00e7ar el tractament.<\/p><\/div><div class=\"arrow-container animated-element animation-slideRight duration-800 delay-1050\"><span class=\"arrow template-arrow-horizontal-4-after arrow-dark\"><\/span><\/div>[\/vc_column_inner][vc_column_inner width=&#8221;1\/3&#8243;]<div class=\"info-box features-people\"><h3>Recuperaci\u00f3<\/h3><p>ALTA del servei quan s&#8217;aconsegueixen els objectius proposats inicialment.<\/p><\/div>[\/vc_column_inner][\/vc_row_inner]<h2 class=\"box-header large align-center page-margin-top-section\">\u00c1reas en las que ofrecemos tratamientos<\/h2>[vc_row_inner top_margin=&#8221;page-margin-top-section&#8221;][vc_column_inner width=&#8221;1\/2&#8243;]<ul class=\"clearfix mc-features mc-features-small mc-features-style-default\"><li class=\"item-content clearfix\">\r\n\t\t\t\t<a class=\"hexagon small\" href=\"https:\/\/www.logopediadomicilio.es\/ca\/servicio\/logopedia-infantil\/\" title=\"Logop\u00e8dia infantil\"><span class=\"features-baby-bed\"><\/span><\/a><div class=\"text\"><h3><a href=\"https:\/\/www.logopediadomicilio.es\/ca\/servicio\/logopedia-infantil\/\"  title=\"Logop\u00e8dia infantil\">Logop\u00e8dia infantil<\/a><\/h3><p>Atenci\u00f3 logop\u00e8dica les dificultats en el llenguatge oral i escrit, aix\u00ed com pel que fa a el desenvolupament orofacial.<\/p>\n<\/div>\r\n\t\t\t<\/li><li class=\"item-content clearfix\">\r\n\t\t\t\t<a class=\"hexagon small\" href=\"https:\/\/www.logopediadomicilio.es\/ca\/servicio\/neurologopedia\/\" title=\"Neurologop\u00e8dia\"><span class=\"features-brain\"><\/span><\/a><div class=\"text\"><h3><a href=\"https:\/\/www.logopediadomicilio.es\/ca\/servicio\/neurologopedia\/\"  title=\"Neurologop\u00e8dia\">Neurologop\u00e8dia<\/a><\/h3><p>Tractament logop\u00e8dic de les alteracions del llenguatge i la degluci\u00f3 degudes a ictus, traumatismes cranioencef\u00e0lics i malalties neurodegeneratives.<\/p>\n<\/div>\r\n\t\t\t<\/li><\/ul>[\/vc_column_inner][vc_column_inner width=&#8221;1\/2&#8243;]<ul class=\"clearfix mc-features mc-features-small mc-features-style-default\"><li class=\"item-content clearfix\">\r\n\t\t\t\t<a class=\"hexagon small\" href=\"https:\/\/www.logopediadomicilio.es\/ca\/servicio\/alteracions-de-la-veu\/\" title=\"Alteracions de la veu\"><span class=\"features-people\"><\/span><\/a><div class=\"text\"><h3><a href=\"https:\/\/www.logopediadomicilio.es\/ca\/servicio\/alteracions-de-la-veu\/\"  title=\"Alteracions de la veu\">Alteracions de la veu<\/a><\/h3><p>Atenci\u00f3 logop\u00e8dica en les disfonies funcionals i org\u00e0niques, tant en poblaci\u00f3 infantil com adulta i en malalties neurodegeneratives.<\/p>\n<\/div>\r\n\t\t\t<\/li><li class=\"item-content clearfix\">\r\n\t\t\t\t<a class=\"hexagon small\" href=\"https:\/\/www.logopediadomicilio.es\/ca\/servicio\/terapia-miofuncional\/\" title=\"Ter\u00e0pia miofuncional\"><span class=\"features-list\"><\/span><\/a><div class=\"text\"><h3><a href=\"https:\/\/www.logopediadomicilio.es\/ca\/servicio\/terapia-miofuncional\/\"  title=\"Ter\u00e0pia miofuncional\">Ter\u00e0pia miofuncional<\/a><\/h3><p>La ter\u00e0pia miofuncional tracta les alteracions en el funcionament orofacial, com la degluci\u00f3 at\u00edpica, alteracions de l&#8217;ATM, entre d&#8217;altres.<\/p>\n<\/div>\r\n\t\t\t<\/li><\/ul>[\/vc_column_inner][\/vc_row_inner][vc_separator color=&#8221;peacoc&#8221; el_width=&#8221;40&#8243; css=&#8221;.vc_custom_1582465485534{margin-top: 25px !important;margin-bottom: 25px !important;}&#8221;]<h2 class=\"box-header large align-center no-border page-margin-top-section\">Ll\u00e1menos por tel\u00e9fono:<\/h2>[vc_row_inner][vc_column_inner][vc_column_text css_animation=&#8221;fadeInDown&#8221;]<\/p>\n<h2 style=\"text-align: center;\"><span style=\"color: #3366ff;\"><a style=\"color: #3366ff;\" href=\"tel:931001485\">931001485<\/a><\/span> (Barcelona) \/\u00a0<span style=\"color: #3366ff;\"><a style=\"color: #3366ff;\" href=\"tel:910911285\">910911285<\/a><\/span> (Madrid) \/ <span style=\"color: #3366ff;\"><a style=\"color: #3366ff;\" href=\"tel:960011185\">960011185<\/a><\/span> (Val\u00e8ncia)<\/h2>\n<p>[\/vc_column_text][\/vc_column_inner][\/vc_row_inner][vc_column_text el_class=&#8221;large align-center margin-top-20&#8243;]O, si ho preferiu, envieu-nos un formulari:[\/vc_column_text]\n<div class=\"wpcf7 no-js\" id=\"wpcf7-f31455-o1\" lang=\"ca\" dir=\"ltr\" data-wpcf7-id=\"31455\">\n<div class=\"screen-reader-response\"><p role=\"status\" aria-live=\"polite\" aria-atomic=\"true\"><\/p> <ul><\/ul><\/div>\n<form action=\"\/ca\/wp-json\/wp\/v2\/pages\/31827#wpcf7-f31455-o1\" method=\"post\" class=\"wpcf7-form init\" aria-label=\"Formulari de contacte\" novalidate=\"novalidate\" data-status=\"init\">\n<fieldset class=\"hidden-fields-container\"><input type=\"hidden\" name=\"_wpcf7\" value=\"31455\" \/><input type=\"hidden\" name=\"_wpcf7_version\" value=\"6.1.5\" \/><input type=\"hidden\" name=\"_wpcf7_locale\" value=\"ca\" \/><input type=\"hidden\" name=\"_wpcf7_unit_tag\" value=\"wpcf7-f31455-o1\" \/><input type=\"hidden\" name=\"_wpcf7_container_post\" value=\"0\" \/><input type=\"hidden\" name=\"_wpcf7_posted_data_hash\" value=\"\" \/><input type=\"hidden\" name=\"_wpcf7_recaptcha_response\" value=\"\" \/>\n<\/fieldset>\n<div class=\"form-row\">\n\t<div class=\"column-half\">\n\t\t<p><label> Nom (obligatori)<br \/>\n<span class=\"wpcf7-form-control-wrap\" data-name=\"your-name\"><input size=\"40\" maxlength=\"400\" class=\"wpcf7-form-control wpcf7-text wpcf7-validates-as-required\" aria-required=\"true\" aria-invalid=\"false\" value=\"\" type=\"text\" name=\"your-name\" \/><\/span> <\/label>\n\t\t<\/p>\n\t<\/div>\n\t<div class=\"column-half\">\n\t\t<p><label> Correu electr\u00f2nic (obligatori)<br \/>\n<span class=\"wpcf7-form-control-wrap\" data-name=\"your-email\"><input size=\"40\" maxlength=\"400\" class=\"wpcf7-form-control wpcf7-email wpcf7-validates-as-required wpcf7-text wpcf7-validates-as-email\" aria-required=\"true\" aria-invalid=\"false\" value=\"\" type=\"email\" name=\"your-email\" \/><\/span> <\/label>\n\t\t<\/p>\n\t<\/div>\n<\/div>\n<div class=\"column-half\">\n\t<p><label> Tel\u00e8fon<br \/>\n<span class=\"wpcf7-form-control-wrap\" data-name=\"tel-165\"><input size=\"40\" maxlength=\"400\" class=\"wpcf7-form-control wpcf7-tel wpcf7-text wpcf7-validates-as-tel\" aria-invalid=\"false\" value=\"\" type=\"tel\" name=\"tel-165\" \/><\/span> <\/label>\n\t<\/p>\n<\/div>\n<div class=\"column-half\">\n\t<p><label> Localitat (obligatorio)<br \/>\n<span class=\"wpcf7-form-control-wrap\" data-name=\"localidad\"><input size=\"40\" maxlength=\"400\" class=\"wpcf7-form-control wpcf7-text wpcf7-validates-as-required\" aria-required=\"true\" aria-invalid=\"false\" value=\"\" type=\"text\" name=\"localidad\" \/><\/span> <\/label>\n\t<\/p>\n<\/div>\n<p><label> Missatge<br \/>\n<span class=\"wpcf7-form-control-wrap\" data-name=\"your-message\"><textarea cols=\"40\" rows=\"10\" maxlength=\"2000\" class=\"wpcf7-form-control wpcf7-textarea\" aria-invalid=\"false\" name=\"your-message\"><\/textarea><\/span> <\/label>\n<\/p>\n<p><input class=\"wpcf7-form-control wpcf7-submit has-spinner\" type=\"submit\" value=\"Enviar formulari\" \/>\n<\/p><div class=\"wpcf7-response-output\" aria-hidden=\"true\"><\/div>\n<\/form>\n<\/div>\n[\/vc_column][\/vc_row]<\/p>\n<\/div>","protected":false},"excerpt":{"rendered":"<p>[vc_row][vc_column][vc_row_inner][vc_column_inner width=&#8221;1\/2&#8243;][vc_single_image image=&#8221;31369&#8243; img_size=&#8221;medium-thumb&#8221; onclick=&#8221;link_image&#8221;][\/vc_column_inner][vc_column_inner width=&#8221;1\/2&#8243;][vc_single_image image=&#8221;30409&#8243; img_size=&#8221;medium-thumb&#8221; onclick=&#8221;link_image&#8221;][\/vc_column_inner][\/vc_row_inner][vc_column_text el_class=&#8221;large margin-top-20&#8243;]Per comprendre en qu\u00e8 consisteix la degluci\u00f3 at\u00edpica, en primer lloc hem de tenir en compte que la degluci\u00f3 \u00e9s l&#8217;acte d&#8217;empassar, tant l\u00edquids com s\u00f2lids, i \u00e9s una funci\u00f3 necess\u00e0ria per a l&#8217;alimentaci\u00f3 de l&#8217;individu. Aquesta s&#8217;inicia de manera volunt\u00e0ria per\u00f2 finalitza de forma<\/p>\n","protected":false},"author":1,"featured_media":0,"parent":0,"menu_order":0,"comment_status":"closed","ping_status":"closed","template":"","meta":{"footnotes":""},"class_list":["post-31827","page","type-page","status-publish","hentry"],"_links":{"self":[{"href":"https:\/\/www.logopediadomicilio.es\/ca\/wp-json\/wp\/v2\/pages\/31827","targetHints":{"allow":["GET"]}}],"collection":[{"href":"https:\/\/www.logopediadomicilio.es\/ca\/wp-json\/wp\/v2\/pages"}],"about":[{"href":"https:\/\/www.logopediadomicilio.es\/ca\/wp-json\/wp\/v2\/types\/page"}],"author":[{"embeddable":true,"href":"https:\/\/www.logopediadomicilio.es\/ca\/wp-json\/wp\/v2\/users\/1"}],"replies":[{"embeddable":true,"href":"https:\/\/www.logopediadomicilio.es\/ca\/wp-json\/wp\/v2\/comments?post=31827"}],"version-history":[{"count":7,"href":"https:\/\/www.logopediadomicilio.es\/ca\/wp-json\/wp\/v2\/pages\/31827\/revisions"}],"predecessor-version":[{"id":31834,"href":"https:\/\/www.logopediadomicilio.es\/ca\/wp-json\/wp\/v2\/pages\/31827\/revisions\/31834"}],"wp:attachment":[{"href":"https:\/\/www.logopediadomicilio.es\/ca\/wp-json\/wp\/v2\/media?parent=31827"}],"curies":[{"name":"wp","href":"https:\/\/api.w.org\/{rel}","templated":true}]}}