{"id":31839,"date":"2020-08-05T23:14:40","date_gmt":"2020-08-05T23:14:40","guid":{"rendered":"https:\/\/www.logopediadomicilio.es\/disartria-intervencio-logopedica\/"},"modified":"2021-10-25T14:44:57","modified_gmt":"2021-10-25T14:44:57","slug":"disartria-intervencio-logopedica","status":"publish","type":"page","link":"https:\/\/www.logopediadomicilio.es\/ca\/disartria-intervencio-logopedica\/","title":{"rendered":"Dis\u00e0rtria: intervenci\u00f3 logop\u00e8dica"},"content":{"rendered":"<div class=\"wpb-content-wrapper\"><p>[vc_row][vc_column][vc_row_inner][vc_column_inner width=&#8221;1\/2&#8243;][vc_single_image image=&#8221;31369&#8243; img_size=&#8221;medium-thumb&#8221; onclick=&#8221;link_image&#8221;][\/vc_column_inner][vc_column_inner width=&#8221;1\/2&#8243;][vc_single_image image=&#8221;30409&#8243; img_size=&#8221;medium-thumb&#8221; onclick=&#8221;link_image&#8221;][\/vc_column_inner][\/vc_row_inner]<h2 class=\"box-header large margin-top-30\">Qu\u00e9 es la disartria<\/h2>[vc_column_text el_class=&#8221;large margin-top-20&#8243;]Quan parlem de dis\u00e0rtria ens referim a un trastorn de la parla a nivell motor i s&#8217;associa amb trastorns de la respiraci\u00f3, la direcci\u00f3 del flux d&#8217;aire, la funci\u00f3 lar\u00edngia i la pronunciaci\u00f3. \u00c9s a dir, la dis\u00e0rtria, \u00e9s una afecci\u00f3 en la qual hi ha p\u00e8rdua o control deficients dels m\u00fasculs que s&#8217;utilitzen per parlar, de manera que l&#8217;articulaci\u00f3 de la parla resulta deteriorada o inintel\u00b7ligible.<\/p>\n<h2>Causes de la dis\u00e0rtria<\/h2>\n<p>La dis\u00e0rtria \u00e9s un s\u00edmptoma freq\u00fcent de moltes afeccions neurol\u00f2giques i per aix\u00f2 s&#8217;associa comunament a aquest tipus de problemes.<\/p>\n<p>L&#8217;origen de la dis\u00e0rtria pot ser molt variat, tenint en compte que qualsevol alteraci\u00f3 a nivell neurol\u00f2gic pot provocar-la. Les causes poden ser degudes des d&#8217;un traumatisme cranioencef\u00e0lic, una trombosi, un tumor cerebral, un ictus, b\u00e9 per malalties degeneratives com l&#8217;Alzheimer, el Parkinson i les dem\u00e8ncies, i fins per la ingesta de determinats medicaments com narc\u00f2tics o sedants.<\/p>\n<p>Independentment del seu origen, per parlar de dis\u00e0rtria hi ha d&#8217;haver una lesi\u00f3 en una zona espec\u00edfica de cervell, la qual s&#8217;encarrega de l&#8217;execuci\u00f3 i planificaci\u00f3 de les ordres motores (tant a nivell de parla com a nivell d&#8217;extremitats, cap i coll). El sistema nervi\u00f3s en molts casos pot emetre les ordres de manera correcta per\u00f2 els moviments motors no poden ser executats adequadament.<\/p>\n<h2>S\u00edmptomes de la dis\u00e0rtria<\/h2>\n<p>Els s\u00edmptomes de la dis\u00e0rtria varien entre diferents persones i depenen de la causa de l&#8217;afecci\u00f3 i la seva gravetat. La dis\u00e0rtria t\u00e9 un profund efecte en el pacient i les seves fam\u00edlies, ja que la comunicaci\u00f3 est\u00e0 integralment relacionada amb l&#8217;expressi\u00f3 de la personalitat i les relacions socials.<\/p>\n<p>Alguns dels s\u00edmptomes i problemes m\u00e9s comuns en persones amb dis\u00e0rtria s\u00f3n els seg\u00fcents:<\/p>\n<ul>\n<li>Balboteig o parla inintel\u00b7ligible per problemes en la pronunciaci\u00f3.<\/li>\n<li>Ritme irregular o an\u00f2mal al parlar, pot ser inusualment lent, r\u00e0pid o mon\u00f2ton.<\/li>\n<li>Volum irregular de la parla: parla murmurant o parla massa fort.<\/li>\n<li>Timbre de la veu nasal o hipernasal, ronquera o veu entretallada.<\/li>\n<li>Baveig<\/li>\n<li>Trastorns de degluci\u00f3: dificultat al mastegar i empassar els aliments.<\/li>\n<\/ul>\n<p>En general, no tots els pacients amb dis\u00e0rtria presenten els mateixos s\u00edmptomes, ja que dependr\u00e0 de l&#8217;afectaci\u00f3 a nivell neurol\u00f2gic. Per aix\u00f2 trobarem que en una dis\u00e0rtria lleu la parla sol ser intel\u00b7ligible i la intensitat i velocitat de la parla estan menys afectades. D&#8217;altra banda, en una dis\u00e0rtria moderada aquests s\u00edmptomes augmenten i en ocasions la parla \u00e9s inintel\u00b7ligible. I quan la dis\u00e0rtria \u00e9s severa la mobilitat dels m\u00fasculs facials est\u00e0 bastant afectada i els s\u00edmptomes s\u00f3n m\u00e9s notoris.<\/p>\n<h2>Tractament de la dis\u00e0rtria<\/h2>\n<p>Com ajuda el logopeda a les persones que tenen dis\u00e0rtria?<\/p>\n<p>El logopeda, despr\u00e9s d&#8217;haver realitzar una\u00a0 avaluaci\u00f3 del pacient, ha de determinar quin \u00e9s el procediment m\u00e9s adequat per ajudar a millorar la capacitat de la parla. El tractament dependr\u00e0 molt de les causes i del nivell de dificultat que t\u00e9 el pacient per comunicar-se. En funci\u00f3 de les alteracions s&#8217;establir\u00e0 una ter\u00e0pia de la parla espec\u00edfica, en la qual es duran a terme una s\u00e8rie d&#8217;exercicis que ajudaran a sufragar i a disminuir les alteracions presents en la parla.<\/p>\n<p>Alguns dels objectius que es duen a terme a la ter\u00e0pia de parla s\u00f3n els seg\u00fcents:<\/p>\n<ul>\n<li>Ajustar la velocitat de la parla.<\/li>\n<li>Millorar l&#8217;\u00fas de la respiraci\u00f3.<\/li>\n<li>Millorar l&#8217;articulaci\u00f3 dels sons afectats i de paraules.<\/li>\n<li>Enfortir la musculatura facial, augmentant el moviment de la boca, la llengua, els llavis i la mand\u00edbula.<\/li>\n<li>Guiar i ajudar els familiars per aconseguir una millor comunicaci\u00f3 amb la persona afectada.<\/li>\n<\/ul>\n<p>En casos greus en que \u00e9s complicat recuperar la parla, el logopeda ajuda al pacient a aprendre m\u00e8todes alternatius de comunicaci\u00f3, com l&#8217;\u00fas de senyals visuals o gestos, taulers de comunicaci\u00f3 amb pictogrames o amb eines tecnol\u00f2giques a trav\u00e9s de dispositius electr\u00f2nics.[\/vc_column_text][\/vc_column][\/vc_row][vc_row css=&#8221;.vc_custom_1594477523392{margin-top: 50px !important;background-color: rgba(232,241,255,0.59) !important;*background-color: rgb(232,241,255) !important;}&#8221;][vc_column css=&#8221;.vc_custom_1579881017377{border-radius: 5px !important;}&#8221;][vc_row_inner][vc_column_inner width=&#8221;1\/4&#8243;][vc_single_image image=&#8221;31350&#8243; alignment=&#8221;center&#8221; style=&#8221;vc_box_outline_circle_2&#8243; css=&#8221;.vc_custom_1594477280895{margin-top: 15px !important;margin-bottom: 15px !important;}&#8221;][vc_column_text]<\/p>\n<p style=\"text-align: center;\">Sonia Jim\u00e9nez<\/p>\n<p>[\/vc_column_text][\/vc_column_inner][vc_column_inner width=&#8221;3\/4&#8243;][vc_column_text css_animation=&#8221;fadeInUp&#8221; css=&#8221;.vc_custom_1594477239830{margin-top: 25px !important;margin-bottom: 25px !important;padding-top: 30px !important;padding-right: 30px !important;padding-bottom: 30px !important;padding-left: 30px !important;background-color: rgba(232,241,255,0.59) !important;*background-color: rgb(232,241,255) !important;border-radius: 5px !important;}&#8221;]<strong>Autora del present article:<\/strong><\/p>\n<p>Sonia Jim\u00e9nez, logopeda, n\u00famero de col\u00b7legiada 08\/4186 al Col\u00b7legio de Logopedes de Catalunya (CLC). Logopeda de Logop\u00e8dia a Domicili. <a href=\"https:\/\/www.linkedin.com\/in\/soniajimenezmartinez\/\">LINKEDIN<\/a>.<\/p>\n<p><strong>Refer\u00e8ncies bibliogr\u00e0fiques\u00a0 <\/strong><\/p>\n<ul>\n<li>Acosta, V.M. y Moreno, A.M. (1999). Dificultades del lenguaje en ambientes educativos. Barcelona: Masson.<\/li>\n<li>Gallego, J.L. (1999). Calidad en la intervenci\u00f3n logop\u00e9dica. Estudio de casos. M\u00e1laga: Aljibe.<\/li>\n<li>Mendoza, E. (2001). Trastorno espec\u00edfico del lenguaje (TEL). Madrid: Pir\u00e1mide.<\/li>\n<li>Moreno, J.M., Su\u00e1rez, A., Mart\u00ednez, J.D. y Garc\u00eda-Baamonde, M.E. (2004). Retrasos en la adquisici\u00f3n y desarrollo del lenguaje. Estudio de casos. Madrid: EOS.<\/li>\n<li>Puyuelo, M. (2005). Casos cl\u00ednicos en Logopedia (volumen 2). Barcelona: Masson.<\/li>\n<li>Aguado, G. (2004). Trastorno espec\u00edfico del lenguaje: retraso de lenguaje y disfasia. (pp.15-28). M\u00e1laga. Editorial: Aljibe.<\/li>\n<li>Puyuelo, M. y Santana, R. Intervenci\u00f3n del lenguaje. Editorial Masson, Barcelona.<\/li>\n<li>Aguado, G. (1989): El desarrollo de la morfosintaxis en el ni\u00f1o. C.E.P.E., Madrid.<\/li>\n<li>Cooper, J.; Reynell, J. &amp; Modley, M. (1982): M\u00e9todo para favorecer el desarrollo del lenguaje. M\u00e9dico y T\u00e9cnica, Barcelona.<\/li>\n<li>G\u00f3mez Tol\u00f3n, J. (1987): Trastornos de la adquisici\u00f3n del lenguaje. Escuela Espa\u00f1ola, Madrid.<\/li>\n<li>Monfort, M. (1984): La investigaci\u00f3n logop\u00e9dica. II Simposio de logopedia, C.E.P.E., Madrid.<\/li>\n<li>Monfort, M. (1986): Investigaci\u00f3n y logopedia. III Simposio de logopedia, C.E.P.E., Madrid.<\/li>\n<li>Monfort, M. &amp; Ju\u00e1rez, A. (1993): Los ni\u00f1os disf\u00e1sicos. C.E.P.E., Madrid.<\/li>\n<li>Monfort, M. (1995): Ense\u00f1ar a hablar. IV Simposio de logopedia, C.E.P.E., Madrid.<\/li>\n<li>Nieto, M. (1990): Retardo del lenguaje. C.E.P.E., Madrid.<\/li>\n<li>Aguado, G. (1988): \u00abEl retraso del lenguaje\u00bb. En: Pe\u00f1a Casanova (Comp.) (1988): Manual de logopedia. Masson, Barcelona, 200-215.<\/li>\n<\/ul>\n<p>&nbsp;<\/p>\n<p><strong>Webgrafia<\/strong><\/p>\n<ul>\n<li><a href=\"https:\/\/revistas.ucm.es\/index.php\/RLOG\/article\/view\/61928\">https:\/\/revistas.ucm.es\/index.php\/RLOG\/article\/view\/61928<\/a><\/li>\n<li><a href=\"http:\/\/www.logopediadomicilio.es\/lectoescritura-en-ninos-con-trastorno-especifico-del-lenguaje\/\">http:\/\/www.logopediadomicilio.es\/lectoescritura-en-ninos-con-trastorno-especifico-del-lenguaje\/<\/a><\/li>\n<li><a href=\"https:\/\/www.uchile.cl\/noticias\/90483\/como-mejorar-el-aprendizaje-en-los-escolares-con-tel\">https:\/\/www.uchile.cl\/noticias\/90483\/como-mejorar-el-aprendizaje-en-los-escolares-con-tel<\/a><\/li>\n<li><a href=\"https:\/\/centropedagogicopaideiaavila.wordpress.com\/2018\/03\/20\/caracteristicas-del-alumnado-con-trastorno-especifico-del-lenguaje-tel\/\">https:\/\/centropedagogicopaideiaavila.wordpress.com\/2018\/03\/20\/caracteristicas-del-alumnado-con-trastorno-especifico-del-lenguaje-tel\/<\/a><\/li>\n<li><a href=\"https:\/\/neuropediatra.org\/2019\/01\/11\/tel-trastorno-especifico-del-lenguaje-tel\/\">https:\/\/neuropediatra.org\/2019\/01\/11\/tel-trastorno-especifico-del-lenguaje-tel\/<\/a><\/li>\n<li><a href=\"https:\/\/www.nidcd.nih.gov\/es\/espanol\/el-trastorno-especifico-del-lenguaje\">https:\/\/www.nidcd.nih.gov\/es\/espanol\/el-trastorno-especifico-del-lenguaje<\/a><\/li>\n<li><a href=\"https:\/\/www.atelma.es\/qu%C3%A9-es-el-trastorno-espec%C3%ADfico-del-lenguaje\/\">https:\/\/www.atelma.es\/qu%C3%A9-es-el-trastorno-espec%C3%ADfico-del-lenguaje\/<\/a><\/li>\n<li><a href=\"https:\/\/www.fundacioncadah.org\/web\/articulo\/dsm-5-trastorno-especifico-del-aprendizaje.html\">https:\/\/www.fundacioncadah.org\/web\/articulo\/dsm-5-trastorno-especifico-del-aprendizaje.html<\/a><\/li>\n<li><a href=\"https:\/\/www.sciencedirect.com\/science\/article\/abs\/pii\/S0214460312000290\">https:\/\/www.sciencedirect.com\/science\/article\/abs\/pii\/S0214460312000290<\/a><\/li>\n<li><a href=\"http:\/\/www.scielo.br\/scielo.php?pid=S1516-18462013000400016&amp;script=sci_arttext\">http:\/\/www.scielo.br\/scielo.php?pid=S1516-18462013000400016&amp;script=sci_arttext<\/a><\/li>\n<li><a href=\"https:\/\/dialnet.unirioja.es\/servlet\/articulo?codigo=5779676\">https:\/\/dialnet.unirioja.es\/servlet\/articulo?codigo=5779676<\/a><\/li>\n<\/ul>\n<p>[\/vc_column_text][\/vc_column_inner][\/vc_row_inner][\/vc_column][\/vc_row][vc_row][vc_column]<h2 class=\"box-header large align-center page-margin-top-section\">Un proceso simple y eficaz<\/h2>[vc_row_inner top_margin=&#8221;page-margin-top&#8221; el_class=&#8221;flex-box&#8221;][vc_column_inner width=&#8221;1\/3&#8243;]<div class=\"info-box features-phone animated-element animation-fadeIn\"><h3>Contacte<\/h3><p>Contacti amb nosaltres per ampliar la informaci\u00f3 dels nostres serveis i exposar el seu cas.<\/p><\/div><div class=\"arrow-container animated-element animation-slideRight\"><span class=\"arrow template-arrow-horizontal-4-after arrow-light\"><\/span><\/div>[\/vc_column_inner][vc_column_inner width=&#8221;1\/3&#8243;]<div class=\"info-box features-doctor animated-element animation-slideRight duration-800 delay-600\"><h3>Diagn\u00f2stic i Tractament<\/h3><p>El primer pas \u00e9s realitzar un bon diagn\u00f2stic (si no es disposa d&#8217;ell) i a posteriori ja podrem comen\u00e7ar el tractament.<\/p><\/div><div class=\"arrow-container animated-element animation-slideRight duration-800 delay-1050\"><span class=\"arrow template-arrow-horizontal-4-after arrow-dark\"><\/span><\/div>[\/vc_column_inner][vc_column_inner width=&#8221;1\/3&#8243;]<div class=\"info-box features-people\"><h3>Recuperaci\u00f3<\/h3><p>ALTA del servei quan s&#8217;aconsegueixen els objectius proposats inicialment.<\/p><\/div>[\/vc_column_inner][\/vc_row_inner]<h2 class=\"box-header large align-center page-margin-top-section\">\u00c1reas en las que ofrecemos tratamientos<\/h2>[vc_row_inner top_margin=&#8221;page-margin-top-section&#8221;][vc_column_inner width=&#8221;1\/2&#8243;]<ul class=\"clearfix mc-features mc-features-small mc-features-style-default\"><li class=\"item-content clearfix\">\r\n\t\t\t\t<a class=\"hexagon small\" href=\"https:\/\/www.logopediadomicilio.es\/ca\/servicio\/logopedia-infantil\/\" title=\"Logop\u00e8dia infantil\"><span class=\"features-baby-bed\"><\/span><\/a><div class=\"text\"><h3><a href=\"https:\/\/www.logopediadomicilio.es\/ca\/servicio\/logopedia-infantil\/\"  title=\"Logop\u00e8dia infantil\">Logop\u00e8dia infantil<\/a><\/h3><p>Atenci\u00f3 logop\u00e8dica les dificultats en el llenguatge oral i escrit, aix\u00ed com pel que fa a el desenvolupament orofacial.<\/p>\n<\/div>\r\n\t\t\t<\/li><li class=\"item-content clearfix\">\r\n\t\t\t\t<a class=\"hexagon small\" href=\"https:\/\/www.logopediadomicilio.es\/ca\/servicio\/neurologopedia\/\" title=\"Neurologop\u00e8dia\"><span class=\"features-brain\"><\/span><\/a><div class=\"text\"><h3><a href=\"https:\/\/www.logopediadomicilio.es\/ca\/servicio\/neurologopedia\/\"  title=\"Neurologop\u00e8dia\">Neurologop\u00e8dia<\/a><\/h3><p>Tractament logop\u00e8dic de les alteracions del llenguatge i la degluci\u00f3 degudes a ictus, traumatismes cranioencef\u00e0lics i malalties neurodegeneratives.<\/p>\n<\/div>\r\n\t\t\t<\/li><\/ul>[\/vc_column_inner][vc_column_inner width=&#8221;1\/2&#8243;]<ul class=\"clearfix mc-features mc-features-small mc-features-style-default\"><li class=\"item-content clearfix\">\r\n\t\t\t\t<a class=\"hexagon small\" href=\"https:\/\/www.logopediadomicilio.es\/ca\/servicio\/alteracions-de-la-veu\/\" title=\"Alteracions de la veu\"><span class=\"features-people\"><\/span><\/a><div class=\"text\"><h3><a href=\"https:\/\/www.logopediadomicilio.es\/ca\/servicio\/alteracions-de-la-veu\/\"  title=\"Alteracions de la veu\">Alteracions de la veu<\/a><\/h3><p>Atenci\u00f3 logop\u00e8dica en les disfonies funcionals i org\u00e0niques, tant en poblaci\u00f3 infantil com adulta i en malalties neurodegeneratives.<\/p>\n<\/div>\r\n\t\t\t<\/li><li class=\"item-content clearfix\">\r\n\t\t\t\t<a class=\"hexagon small\" href=\"https:\/\/www.logopediadomicilio.es\/ca\/servicio\/terapia-miofuncional\/\" title=\"Ter\u00e0pia miofuncional\"><span class=\"features-list\"><\/span><\/a><div class=\"text\"><h3><a href=\"https:\/\/www.logopediadomicilio.es\/ca\/servicio\/terapia-miofuncional\/\"  title=\"Ter\u00e0pia miofuncional\">Ter\u00e0pia miofuncional<\/a><\/h3><p>La ter\u00e0pia miofuncional tracta les alteracions en el funcionament orofacial, com la degluci\u00f3 at\u00edpica, alteracions de l&#8217;ATM, entre d&#8217;altres.<\/p>\n<\/div>\r\n\t\t\t<\/li><\/ul>[\/vc_column_inner][\/vc_row_inner][vc_separator color=&#8221;peacoc&#8221; el_width=&#8221;40&#8243; css=&#8221;.vc_custom_1582465485534{margin-top: 25px !important;margin-bottom: 25px !important;}&#8221;]<h2 class=\"box-header large align-center no-border page-margin-top-section\">Ll\u00e1menos por tel\u00e9fono:<\/h2>[vc_row_inner][vc_column_inner][vc_column_text css_animation=&#8221;fadeInDown&#8221;]<\/p>\n<h2 style=\"text-align: center;\"><span style=\"color: #3366ff;\"><a style=\"color: #3366ff;\" href=\"tel:931001485\">931001485<\/a><\/span> (Barcelona) \/\u00a0<span style=\"color: #3366ff;\"><a style=\"color: #3366ff;\" href=\"tel:910911285\">910911285<\/a><\/span> (Madrid) \/ <span style=\"color: #3366ff;\"><a style=\"color: #3366ff;\" href=\"tel:960011185\">960011185<\/a><\/span> (Val\u00e8ncia)<\/h2>\n<p>[\/vc_column_text][\/vc_column_inner][\/vc_row_inner][vc_column_text el_class=&#8221;large align-center margin-top-20&#8243;]O, si ho preferiu, envieu-nos un formulari:[\/vc_column_text]\n<div class=\"wpcf7 no-js\" id=\"wpcf7-f31455-o1\" lang=\"ca\" dir=\"ltr\" data-wpcf7-id=\"31455\">\n<div class=\"screen-reader-response\"><p role=\"status\" aria-live=\"polite\" aria-atomic=\"true\"><\/p> <ul><\/ul><\/div>\n<form action=\"\/ca\/wp-json\/wp\/v2\/pages\/31839#wpcf7-f31455-o1\" method=\"post\" class=\"wpcf7-form init\" aria-label=\"Formulari de contacte\" novalidate=\"novalidate\" data-status=\"init\">\n<fieldset class=\"hidden-fields-container\"><input type=\"hidden\" name=\"_wpcf7\" value=\"31455\" \/><input type=\"hidden\" name=\"_wpcf7_version\" value=\"6.1.5\" \/><input type=\"hidden\" name=\"_wpcf7_locale\" value=\"ca\" \/><input type=\"hidden\" name=\"_wpcf7_unit_tag\" value=\"wpcf7-f31455-o1\" \/><input type=\"hidden\" name=\"_wpcf7_container_post\" value=\"0\" \/><input type=\"hidden\" name=\"_wpcf7_posted_data_hash\" value=\"\" \/><input type=\"hidden\" name=\"_wpcf7_recaptcha_response\" value=\"\" \/>\n<\/fieldset>\n<div class=\"form-row\">\n\t<div class=\"column-half\">\n\t\t<p><label> Nom (obligatori)<br \/>\n<span class=\"wpcf7-form-control-wrap\" data-name=\"your-name\"><input size=\"40\" maxlength=\"400\" class=\"wpcf7-form-control wpcf7-text wpcf7-validates-as-required\" aria-required=\"true\" aria-invalid=\"false\" value=\"\" type=\"text\" name=\"your-name\" \/><\/span> <\/label>\n\t\t<\/p>\n\t<\/div>\n\t<div class=\"column-half\">\n\t\t<p><label> Correu electr\u00f2nic (obligatori)<br \/>\n<span class=\"wpcf7-form-control-wrap\" data-name=\"your-email\"><input size=\"40\" maxlength=\"400\" class=\"wpcf7-form-control wpcf7-email wpcf7-validates-as-required wpcf7-text wpcf7-validates-as-email\" aria-required=\"true\" aria-invalid=\"false\" value=\"\" type=\"email\" name=\"your-email\" \/><\/span> <\/label>\n\t\t<\/p>\n\t<\/div>\n<\/div>\n<div class=\"column-half\">\n\t<p><label> Tel\u00e8fon<br \/>\n<span class=\"wpcf7-form-control-wrap\" data-name=\"tel-165\"><input size=\"40\" maxlength=\"400\" class=\"wpcf7-form-control wpcf7-tel wpcf7-text wpcf7-validates-as-tel\" aria-invalid=\"false\" value=\"\" type=\"tel\" name=\"tel-165\" \/><\/span> <\/label>\n\t<\/p>\n<\/div>\n<div class=\"column-half\">\n\t<p><label> Localitat (obligatorio)<br \/>\n<span class=\"wpcf7-form-control-wrap\" data-name=\"localidad\"><input size=\"40\" maxlength=\"400\" class=\"wpcf7-form-control wpcf7-text wpcf7-validates-as-required\" aria-required=\"true\" aria-invalid=\"false\" value=\"\" type=\"text\" name=\"localidad\" \/><\/span> <\/label>\n\t<\/p>\n<\/div>\n<p><label> Missatge<br \/>\n<span class=\"wpcf7-form-control-wrap\" data-name=\"your-message\"><textarea cols=\"40\" rows=\"10\" maxlength=\"2000\" class=\"wpcf7-form-control wpcf7-textarea\" aria-invalid=\"false\" name=\"your-message\"><\/textarea><\/span> <\/label>\n<\/p>\n<p><input class=\"wpcf7-form-control wpcf7-submit has-spinner\" type=\"submit\" value=\"Enviar formulari\" \/>\n<\/p><div class=\"wpcf7-response-output\" aria-hidden=\"true\"><\/div>\n<\/form>\n<\/div>\n[\/vc_column][\/vc_row]<\/p>\n<\/div>","protected":false},"excerpt":{"rendered":"<p>[vc_row][vc_column][vc_row_inner][vc_column_inner width=&#8221;1\/2&#8243;][vc_single_image image=&#8221;31369&#8243; img_size=&#8221;medium-thumb&#8221; onclick=&#8221;link_image&#8221;][\/vc_column_inner][vc_column_inner width=&#8221;1\/2&#8243;][vc_single_image image=&#8221;30409&#8243; img_size=&#8221;medium-thumb&#8221; onclick=&#8221;link_image&#8221;][\/vc_column_inner][\/vc_row_inner][vc_column_text el_class=&#8221;large margin-top-20&#8243;]Quan parlem de dis\u00e0rtria ens referim a un trastorn de la parla a nivell motor i s&#8217;associa amb trastorns de la respiraci\u00f3, la direcci\u00f3 del flux d&#8217;aire, la funci\u00f3 lar\u00edngia i la pronunciaci\u00f3. \u00c9s a dir, la dis\u00e0rtria, \u00e9s una afecci\u00f3 en la qual hi<\/p>\n","protected":false},"author":1,"featured_media":0,"parent":0,"menu_order":0,"comment_status":"closed","ping_status":"closed","template":"","meta":{"footnotes":""},"class_list":["post-31839","page","type-page","status-publish","hentry"],"_links":{"self":[{"href":"https:\/\/www.logopediadomicilio.es\/ca\/wp-json\/wp\/v2\/pages\/31839","targetHints":{"allow":["GET"]}}],"collection":[{"href":"https:\/\/www.logopediadomicilio.es\/ca\/wp-json\/wp\/v2\/pages"}],"about":[{"href":"https:\/\/www.logopediadomicilio.es\/ca\/wp-json\/wp\/v2\/types\/page"}],"author":[{"embeddable":true,"href":"https:\/\/www.logopediadomicilio.es\/ca\/wp-json\/wp\/v2\/users\/1"}],"replies":[{"embeddable":true,"href":"https:\/\/www.logopediadomicilio.es\/ca\/wp-json\/wp\/v2\/comments?post=31839"}],"version-history":[{"count":3,"href":"https:\/\/www.logopediadomicilio.es\/ca\/wp-json\/wp\/v2\/pages\/31839\/revisions"}],"predecessor-version":[{"id":31842,"href":"https:\/\/www.logopediadomicilio.es\/ca\/wp-json\/wp\/v2\/pages\/31839\/revisions\/31842"}],"wp:attachment":[{"href":"https:\/\/www.logopediadomicilio.es\/ca\/wp-json\/wp\/v2\/media?parent=31839"}],"curies":[{"name":"wp","href":"https:\/\/api.w.org\/{rel}","templated":true}]}}