{"id":31848,"date":"2020-07-12T09:25:15","date_gmt":"2020-07-12T09:25:15","guid":{"rendered":"https:\/\/www.logopediadomicilio.es\/disfonia-intervencio-en-logopedia\/"},"modified":"2021-10-29T12:51:19","modified_gmt":"2021-10-29T12:51:19","slug":"disfonia-intervencio-en-logopedia","status":"publish","type":"page","link":"https:\/\/www.logopediadomicilio.es\/ca\/disfonia-intervencio-en-logopedia\/","title":{"rendered":"Disfonia. Intervenci\u00f3 en logop\u00e8dia"},"content":{"rendered":"<div class=\"wpb-content-wrapper\"><p>[vc_row][vc_column][vc_row_inner][vc_column_inner width=&#8221;1\/2&#8243;][vc_single_image image=&#8221;29777&#8243; img_size=&#8221;430&#215;279&#8243; onclick=&#8221;link_image&#8221;][\/vc_column_inner][vc_column_inner width=&#8221;1\/2&#8243;][vc_single_image image=&#8221;436&#8243; img_size=&#8221;full&#8221; onclick=&#8221;link_image&#8221;][\/vc_column_inner][\/vc_row_inner]<h2 class=\"box-header large margin-top-30\">Disfon\u00eda<\/h2>[vc_column_text el_class=&#8221;large margin-top-20&#8243;]La disfonia engloba qualsevol impediment en l&#8217;emissi\u00f3 vocal que pugui obstaculitzar la producci\u00f3 natural de la veu. Per tant, sempre es tractar\u00e0 d&#8217;una manifestaci\u00f3 \u00fanica o agregada a un conjunt d&#8217;indicis o s\u00edmptomes d&#8217;una malaltia concreta.<\/p>\n<p>Els problemes vocals, de car\u00e0cter funcional, es poden prevenir, fonamentalment a partir de la higiene vocal. Per tant, en aquest article s&#8217;exposaran -a partir de la logop\u00e8dia- les causes i el tractament de la disfonia funcional.<\/p>\n<p>Es pot establir la seg\u00fcent classificaci\u00f3:<\/p>\n<ul>\n<li><strong>Disfonies funcionals:<\/strong> anomalia del comportament vocal que esdev\u00e9 del propi \u00fas de la veu, per un \u00fas incorrecte de la mateixa, inadaptacions vocals o alteracions psicoemocionals.<\/li>\n<li><strong>Disfonies org\u00e0nic-funcionals:<\/strong> emersi\u00f3 de lesi\u00f3 secund\u00e0ria o alteraci\u00f3 funcional.<\/li>\n<\/ul>\n<p>En aquesta contribuci\u00f3 s&#8217;aborden les disfonies de tipus funcional.<\/p>\n<h2>Causes de la disfonia<\/h2>\n<p>Les disfonies funcionals no presenten lesi\u00f3 cordal, la VLE (videolaringoestrobosc\u00f2pia) mostra unes cordes vocals d&#8217;aspecte normal; no obstant aix\u00f2, poden presentar dues tipologies de mecanismes de tancament de les mateixes, per exc\u00e9s o per defecte: hiperfunci\u00f3 o hipofunci\u00f3. De vegades no \u00e9s senzill determinar el proc\u00e9s primari, \u00e9s a dir, a trav\u00e9s de la VLE es pot apreciar una hipofunci\u00f3 establerta sobre un mecanisme previ d&#8217;hiperfunci\u00f3 o, a la inversa, es pot apreciar una hiperfunci\u00f3 que podria ser secund\u00e0ria a una hipofunci\u00f3, com seria el cas de tancament excessiu de bandes ventriculars o tancament anteroposterior per retracci\u00f3 lingual. En aquest sentit, \u00fanicament a partir d&#8217;una exploraci\u00f3 ORL precisa o foni\u00e0trica es podr\u00e0 establir l&#8217;origen del comportament laringi actual, cosa que constituir\u00e0 una valuosa informaci\u00f3 a l&#8217;hora de canalitzar la intervenci\u00f3 logop\u00e8dica.<\/p>\n<p>&nbsp;<\/p>\n<h2>El mal \u00fas i l&#8217;ab\u00fas vocal com a rerefons de la disfonia<\/h2>\n<p>La fonaci\u00f3 realitzada en situaci\u00f3 d&#8217;inadequada tensi\u00f3 lar\u00edngia provoca, generalment, canvis dels teixits laringis que poden derivar en alteracions de la massa, elasticitat i tensi\u00f3 dels plecs vocals; addicionalment, la seva vibraci\u00f3 es veur\u00e0 afectada negativament.<\/p>\n<p>Certs especialistes defineixen l&#8217;ab\u00fas vocal com a mala higiene vocal, cosa que engloba qualsevol h\u00e0bit que pugui exercir un efecte traumatitzant en els plecs vocals. Es poden considerar conductes d&#8217;ab\u00fas vocal:<\/p>\n<ul>\n<li>cridar, bramar,..<\/li>\n<li>Vocalitzacions for\u00e7ades, generalment amb alta intensitat, to agut i la laringe en estat d&#8217;hiperaducci\u00f3.<\/li>\n<li>Parlar<\/li>\n<li>Cantar amb una t\u00e8cnica vocal inadequada o en condicions inadequades<\/li>\n<li>Parlar excessivament quan els plecs vocals es troben en una situaci\u00f3 fr\u00e0gil (al\u00b7l\u00e8rgies, infeccions de les vies respirat\u00f2ries altes\u2026).<\/li>\n<\/ul>\n<p>Addicionalment, aquests especialistes tamb\u00e9 defineixen com a mal \u00fas la utilitzaci\u00f3 incorrecta de la intensitat i del to vocal, a causa de:<\/p>\n<ul>\n<li>Parlar amb un soroll d&#8217;ambient elevat, generalment acompanyat d&#8217;un augment vocal per la tensi\u00f3 lar\u00edngia.<\/li>\n<li>\u00das incorrecte del to vocal<\/li>\n<\/ul>\n<p>En aquest context d&#8217;\u00fas inadequat i ab\u00fas vocal, les difer\u00e8ncies constitucionals i fragilitzants repercutiran en el grau d&#8217;alteraci\u00f3 lar\u00edngia que es pugui manifestar.<\/p>\n<p>Nosaltres entenem per \u00fas inadequat la utilitzaci\u00f3 incorrecta dels mecanismes implicats en l&#8217;emissi\u00f3 vocal, cosa que genera un augment de la tensi\u00f3 lar\u00edngia.<\/p>\n<p>Aix\u00ed mateix, diferenciem el mal \u00fas vocal de l&#8217;ab\u00fas vocal, ja que aquest darrer implica, sobre la base del mal \u00fas vocal, la intensificaci\u00f3 desmesurada de la tensi\u00f3 lar\u00edngia per l&#8217;\u00fas intensiu de la veu, els crits i l&#8217;\u00fas abusiu de la intensitat i del to.<\/p>\n<p>&nbsp;<\/p>\n<h2>Prevenci\u00f3 de la Disfonia<\/h2>\n<p>La prevenci\u00f3 \u00e9s fonamental en el plantejament cl\u00ednic proposat pel logopeda per evitar recaigudes i per ajudar a la rehabilitaci\u00f3 si el factor etiol\u00f2gic primari encara est\u00e0 actuant.<\/p>\n<p>En relaci\u00f3 amb la prevenci\u00f3, el logopeda pot intervenir de la manera seg\u00fcent:<\/p>\n<ul>\n<li>Un cop detectats i establerts els factors etiol\u00f2gics primaris, responsables d&#8217;una problem\u00e0tica vocal determinada, l&#8217;actuaci\u00f3 de prevenci\u00f3 cl\u00ednica estar\u00e0 dirigida a evitar-ne la reaparici\u00f3 (p. ex.: per a una persona exfumadora s&#8217;intensificar\u00e0 la import\u00e0ncia de la desaparici\u00f3 de l&#8217;h\u00e0bit de fumar de manera permanent) o b\u00e9 a suprimir els factors presents que consoliden l&#8217;alteraci\u00f3 (p. ex.: hidrataci\u00f3).<\/li>\n<\/ul>\n<p>Pel que fa a aix\u00f2, les possibles vies d&#8217;actuaci\u00f3 estaran establertes per: informaci\u00f3 adequada al pacient sobre la necessitat de la incorporaci\u00f3 de nous h\u00e0bits, sent el logopeda un referent respecte als canvis que es vol introduir. En algunes situacions caldr\u00e0 la derivaci\u00f3 a altres professionals per actuar en aspectes concrets que sobrepassen les funcions del logopeda.<\/p>\n<ul>\n<li>En els individus sans, en els quals la prevenci\u00f3 representa la seva m\u00e0xima expressi\u00f3, la intervenci\u00f3 logop\u00e8dica possibilita actuar amb antelaci\u00f3 i evitar l&#8217;aparici\u00f3 de patologies m\u00e9s dif\u00edcils. Aix\u00f2 pot obrir un camp nou de treball basat en la informaci\u00f3 i formaci\u00f3 en diferents configuracions com cursos, activitats en grup, individual, etc&#8230; estant especialment recomanats per a col\u00b7lectius de risc com docents, actors, cantants&#8230;<\/li>\n<\/ul>\n<h2>\nAlteracions presents a la disfonia funcional<\/h2>\n<p>Segons quin sigui el comportament present, singlot o hiperfunci\u00f3, sempre hi haur\u00e0, en major o menor grau, alteraci\u00f3 de la veu parlada, cantada i\/o projectada, i sempre s&#8217;observaran les particularitats seg\u00fcents:<\/p>\n<ul>\n<li>S&#8217;avaluar\u00e0 mitjan\u00e7ant l&#8217;exploraci\u00f3 m\u00e8dica si hi ha alteraci\u00f3 del mecanisme laringi d&#8217;adducci\u00f3 (videolaringoestrobosc\u00f2pica &#8211; VLE).<\/li>\n<li>Alteracions ac\u00fastiques de la veu: afectaci\u00f3 del to, de la intensitat i del timbre (agreujament o elevaci\u00f3 de l&#8217;al\u00e7ada tonal, reducci\u00f3 de l&#8217;extensi\u00f3 vocal, generalment limitada per la part aguda a la hiperfunci\u00f3, intensitat disminu\u00efda o augmentada, alteraci\u00f3 variable del timbre vocal ).<\/li>\n<li>Alteraci\u00f3 dels mecanismes que actuen a la fonaci\u00f3: verticalitat, actitud comunicativa, respiraci\u00f3 i\/o activitat gl\u00f2tica.<\/li>\n<\/ul>\n<h2>\nIntervenci\u00f3 en disfonia<\/h2>\n<p>A partir del diagn\u00f2stic m\u00e8dic i la valoraci\u00f3 logop\u00e8dica del trastorn vocal -ac\u00fastica i funcional- s&#8217;inicia el proc\u00e9s de la reeducaci\u00f3 vocal, en qu\u00e8 el logopeda planifica i ordena els continguts de cada sessi\u00f3, informa el pacient sobre el seu trastorn vocal, avalua de manera permanent l&#8217;evoluci\u00f3 personal i ac\u00fastica, i incideix donant pautes d&#8217;higiene vocal que evitin l&#8217;ab\u00fas i la fatiga vocals.<\/p>\n<p>Les variables que intervenen en el proc\u00e9s d&#8217;una reeducaci\u00f3 vocal, en aquest cas de les disfonies funcionals, tenen relaci\u00f3 amb les singularitats de la veu del pacient amb el nivell d&#8217;alteraci\u00f3 de la funci\u00f3 vocal, amb el tipus de patologia present i amb les peculiaritats individuals i les necessitats comunicatives.<\/p>\n<p>Addicionalment, el logopeda haur\u00e0 d&#8217;avaluar l&#8217;impacte de factors que afavoreixen o s\u00f3n desencadenants concomitants amb la disfonia:<\/p>\n<ul>\n<li>Factors ps\u00edquics, emocionals i personalitat del pacient.<\/li>\n<li>Les variables del seu entorn laboral, familiar i social.<\/li>\n<li>La demanda que requereix l&#8217;\u00fas de la veu.<\/li>\n<li>El nivell d&#8217;exig\u00e8ncia vocal.<\/li>\n<\/ul>\n<p>Pel que fa al logopeda, haur\u00e0 de desenvolupar certes qualitats personals indispensables que ha de tenir un terapeuta vocal:<\/p>\n<ul>\n<li>Autenticitat en la seva relaci\u00f3 amb el pacient, que significa poder prendre consci\u00e8ncia dels sentiments que experimenta davant d&#8217;aquest, i fins i tot poder-los comunicar.<\/li>\n<li>Empatia o aptitud per experimentar el m\u00f3n interior del pacient amb el significat que aquest atorga a la seva disfonia.<\/li>\n<li>Consideraci\u00f3 positiva, que implica respectar el pacient com un individu global, amb acceptaci\u00f3.<\/li>\n<\/ul>\n<p>Aix\u00f2 no exclou el rigor dels objectius a adquirir, o la formulaci\u00f3 d&#8217;un comprom\u00eds expl\u00edcit per part del pacient. En aquest sentit, part dels resultats favorables de la intervenci\u00f3 logop\u00e8dica estan relacionats amb la capacitat del pacient per responsabilitzar-se del propi proc\u00e9s vocal.<\/p>\n<p>Autors reconeguts fan refer\u00e8ncia a aquest rol cl\u00ednic del logopeda, que ha de formar part d&#8217;un equip de professionals de l&#8217;\u00e0mbit de la salut. Aix\u00ed, per exemple, en el cas de lesions benignes quir\u00fargiques, \u201cuna bona cirurgia no s&#8217;avalua nom\u00e9s pels resultats anat\u00f2mics, sin\u00f3 tamb\u00e9 pels resultats funcionals, la qualitat de veu resultant i el confort vocal aconseguit\u201d (2013).[\/vc_column_text][\/vc_column][\/vc_row][vc_row css=&#8221;.vc_custom_1594477523392{margin-top: 50px !important;background-color: rgba(232,241,255,0.59) !important;*background-color: rgb(232,241,255) !important;}&#8221;][vc_column css=&#8221;.vc_custom_1579881017377{border-radius: 5px !important;}&#8221;][vc_row_inner][vc_column_inner width=&#8221;1\/4&#8243;][vc_single_image image=&#8221;30645&#8243; alignment=&#8221;center&#8221; style=&#8221;vc_box_outline_circle_2&#8243; css=&#8221;.vc_custom_1594545912327{margin-top: 15px !important;margin-bottom: 15px !important;}&#8221;][vc_column_text]<\/p>\n<p style=\"text-align: center;\">Borja Tormos<\/p>\n<p>[\/vc_column_text][\/vc_column_inner][vc_column_inner width=&#8221;3\/4&#8243;][vc_column_text css_animation=&#8221;fadeInUp&#8221; css=&#8221;.vc_custom_1600362560048{margin-top: 25px !important;margin-bottom: 25px !important;padding-top: 30px !important;padding-right: 30px !important;padding-bottom: 30px !important;padding-left: 30px !important;background-color: rgba(232,241,255,0.59) !important;*background-color: rgb(232,241,255) !important;border-radius: 5px !important;}&#8221;]<strong>Autor del presente article:<\/strong><\/p>\n<p>Borja Tormos, logopeda y psic\u00f2leg, n\u00famero de col\u00b7legiat 08\/4385 al Col\u00b7legio de Logopedes de Catalunya (CLC). Logopeda de Logop\u00e8dia a Domicili. <a href=\"https:\/\/www.linkedin.com\/in\/borja-tormos-70587315b\/?originalSubdomain=es\">LINKEDIN.<\/a><\/p>\n<p><strong>Refer\u00e8ncies bibliogr\u00e0fiques\u00a0 <\/strong><\/p>\n<p>In\u00e9s Bustos S\u00e1nchez (2013). Intervenci\u00f3n logop\u00e9dica en trastornos de la voz. Editorial Paidotribo.<\/p>\n<p><strong>Refer\u00e8ncies webgr\u00e0fiques:<\/strong><\/p>\n<p>https:\/\/www.cun.es\/enfermedades-tratamientos\/enfermedades\/disfonia<br \/>\n[\/vc_column_text][\/vc_column_inner][\/vc_row_inner][\/vc_column][\/vc_row][vc_row][vc_column]<h2 class=\"box-header large align-center page-margin-top-section\">Un proceso simple y eficaz<\/h2>[vc_row_inner top_margin=&#8221;page-margin-top&#8221; el_class=&#8221;flex-box&#8221;][vc_column_inner width=&#8221;1\/3&#8243;]<div class=\"info-box features-phone animated-element animation-fadeIn\"><h3>Contacte<\/h3><p>Contacti amb nosaltres per ampliar la informaci\u00f3 dels nostres serveis i exposar el seu cas.<\/p><\/div><div class=\"arrow-container animated-element animation-slideRight\"><span class=\"arrow template-arrow-horizontal-4-after arrow-light\"><\/span><\/div>[\/vc_column_inner][vc_column_inner width=&#8221;1\/3&#8243;]<div class=\"info-box features-doctor animated-element animation-slideRight duration-800 delay-600\"><h3>Diagn\u00f2stic i Tractament<\/h3><p>El primer pas \u00e9s realitzar un bon diagn\u00f2stic (si no es disposa d&#8217;ell) i a posteriori ja podrem comen\u00e7ar el tractament.<\/p><\/div><div class=\"arrow-container animated-element animation-slideRight duration-800 delay-1050\"><span class=\"arrow template-arrow-horizontal-4-after arrow-dark\"><\/span><\/div>[\/vc_column_inner][vc_column_inner width=&#8221;1\/3&#8243;]<div class=\"info-box features-people\"><h3>Recuperaci\u00f3<\/h3><p>ALTA del servei quan s&#8217;aconsegueixen els objectius proposats inicialment.<\/p><\/div>[\/vc_column_inner][\/vc_row_inner]<h2 class=\"box-header large align-center page-margin-top-section\">\u00c1reas en las que ofrecemos tratamientos<\/h2>[vc_row_inner top_margin=&#8221;page-margin-top-section&#8221;][vc_column_inner width=&#8221;1\/2&#8243;]<ul class=\"clearfix mc-features mc-features-small mc-features-style-default\"><li class=\"item-content clearfix\">\r\n\t\t\t\t<a class=\"hexagon small\" href=\"https:\/\/www.logopediadomicilio.es\/ca\/servicio\/logopedia-infantil\/\" title=\"Logop\u00e8dia infantil\"><span class=\"features-baby-bed\"><\/span><\/a><div class=\"text\"><h3><a href=\"https:\/\/www.logopediadomicilio.es\/ca\/servicio\/logopedia-infantil\/\"  title=\"Logop\u00e8dia infantil\">Logop\u00e8dia infantil<\/a><\/h3><p>Atenci\u00f3 logop\u00e8dica les dificultats en el llenguatge oral i escrit, aix\u00ed com pel que fa a el desenvolupament orofacial.<\/p>\n<\/div>\r\n\t\t\t<\/li><li class=\"item-content clearfix\">\r\n\t\t\t\t<a class=\"hexagon small\" href=\"https:\/\/www.logopediadomicilio.es\/ca\/servicio\/neurologopedia\/\" title=\"Neurologop\u00e8dia\"><span class=\"features-brain\"><\/span><\/a><div class=\"text\"><h3><a href=\"https:\/\/www.logopediadomicilio.es\/ca\/servicio\/neurologopedia\/\"  title=\"Neurologop\u00e8dia\">Neurologop\u00e8dia<\/a><\/h3><p>Tractament logop\u00e8dic de les alteracions del llenguatge i la degluci\u00f3 degudes a ictus, traumatismes cranioencef\u00e0lics i malalties neurodegeneratives.<\/p>\n<\/div>\r\n\t\t\t<\/li><\/ul>[\/vc_column_inner][vc_column_inner width=&#8221;1\/2&#8243;]<ul class=\"clearfix mc-features mc-features-small mc-features-style-default\"><li class=\"item-content clearfix\">\r\n\t\t\t\t<a class=\"hexagon small\" href=\"https:\/\/www.logopediadomicilio.es\/ca\/servicio\/alteracions-de-la-veu\/\" title=\"Alteracions de la veu\"><span class=\"features-people\"><\/span><\/a><div class=\"text\"><h3><a href=\"https:\/\/www.logopediadomicilio.es\/ca\/servicio\/alteracions-de-la-veu\/\"  title=\"Alteracions de la veu\">Alteracions de la veu<\/a><\/h3><p>Atenci\u00f3 logop\u00e8dica en les disfonies funcionals i org\u00e0niques, tant en poblaci\u00f3 infantil com adulta i en malalties neurodegeneratives.<\/p>\n<\/div>\r\n\t\t\t<\/li><li class=\"item-content clearfix\">\r\n\t\t\t\t<a class=\"hexagon small\" href=\"https:\/\/www.logopediadomicilio.es\/ca\/servicio\/terapia-miofuncional\/\" title=\"Ter\u00e0pia miofuncional\"><span class=\"features-list\"><\/span><\/a><div class=\"text\"><h3><a href=\"https:\/\/www.logopediadomicilio.es\/ca\/servicio\/terapia-miofuncional\/\"  title=\"Ter\u00e0pia miofuncional\">Ter\u00e0pia miofuncional<\/a><\/h3><p>La ter\u00e0pia miofuncional tracta les alteracions en el funcionament orofacial, com la degluci\u00f3 at\u00edpica, alteracions de l&#8217;ATM, entre d&#8217;altres.<\/p>\n<\/div>\r\n\t\t\t<\/li><\/ul>[\/vc_column_inner][\/vc_row_inner][vc_separator color=&#8221;peacoc&#8221; el_width=&#8221;40&#8243; css=&#8221;.vc_custom_1582465485534{margin-top: 25px !important;margin-bottom: 25px !important;}&#8221;]<h2 class=\"box-header large align-center no-border page-margin-top-section\">Ll\u00e1menos por tel\u00e9fono:<\/h2>[vc_row_inner][vc_column_inner][vc_column_text css_animation=&#8221;fadeInDown&#8221;]<\/p>\n<h2 style=\"text-align: center;\"><span style=\"color: #3366ff;\"><a style=\"color: #3366ff;\" href=\"tel:931001485\">931001485<\/a><\/span> (Barcelona) \/\u00a0<span style=\"color: #3366ff;\"><a style=\"color: #3366ff;\" href=\"tel:910911285\">910911285<\/a><\/span> (Madrid) \/ <span style=\"color: #3366ff;\"><a style=\"color: #3366ff;\" href=\"tel:960011185\">960011185<\/a><\/span> (Val\u00e8ncia)<\/h2>\n<p>[\/vc_column_text][\/vc_column_inner][\/vc_row_inner][vc_column_text el_class=&#8221;large align-center margin-top-20&#8243;]O, si ho preferiu, envieu-nos un formulari:[\/vc_column_text]\n<div class=\"wpcf7 no-js\" id=\"wpcf7-f31455-o1\" lang=\"ca\" dir=\"ltr\" data-wpcf7-id=\"31455\">\n<div class=\"screen-reader-response\"><p role=\"status\" aria-live=\"polite\" aria-atomic=\"true\"><\/p> <ul><\/ul><\/div>\n<form action=\"\/ca\/wp-json\/wp\/v2\/pages\/31848#wpcf7-f31455-o1\" method=\"post\" class=\"wpcf7-form init\" aria-label=\"Formulari de contacte\" novalidate=\"novalidate\" data-status=\"init\">\n<fieldset class=\"hidden-fields-container\"><input type=\"hidden\" name=\"_wpcf7\" value=\"31455\" \/><input type=\"hidden\" name=\"_wpcf7_version\" value=\"6.1.5\" \/><input type=\"hidden\" name=\"_wpcf7_locale\" value=\"ca\" \/><input type=\"hidden\" name=\"_wpcf7_unit_tag\" value=\"wpcf7-f31455-o1\" \/><input type=\"hidden\" name=\"_wpcf7_container_post\" value=\"0\" \/><input type=\"hidden\" name=\"_wpcf7_posted_data_hash\" value=\"\" \/><input type=\"hidden\" name=\"_wpcf7_recaptcha_response\" value=\"\" \/>\n<\/fieldset>\n<div class=\"form-row\">\n\t<div class=\"column-half\">\n\t\t<p><label> Nom (obligatori)<br \/>\n<span class=\"wpcf7-form-control-wrap\" data-name=\"your-name\"><input size=\"40\" maxlength=\"400\" class=\"wpcf7-form-control wpcf7-text wpcf7-validates-as-required\" aria-required=\"true\" aria-invalid=\"false\" value=\"\" type=\"text\" name=\"your-name\" \/><\/span> <\/label>\n\t\t<\/p>\n\t<\/div>\n\t<div class=\"column-half\">\n\t\t<p><label> Correu electr\u00f2nic (obligatori)<br \/>\n<span class=\"wpcf7-form-control-wrap\" data-name=\"your-email\"><input size=\"40\" maxlength=\"400\" class=\"wpcf7-form-control wpcf7-email wpcf7-validates-as-required wpcf7-text wpcf7-validates-as-email\" aria-required=\"true\" aria-invalid=\"false\" value=\"\" type=\"email\" name=\"your-email\" \/><\/span> <\/label>\n\t\t<\/p>\n\t<\/div>\n<\/div>\n<div class=\"column-half\">\n\t<p><label> Tel\u00e8fon<br \/>\n<span class=\"wpcf7-form-control-wrap\" data-name=\"tel-165\"><input size=\"40\" maxlength=\"400\" class=\"wpcf7-form-control wpcf7-tel wpcf7-text wpcf7-validates-as-tel\" aria-invalid=\"false\" value=\"\" type=\"tel\" name=\"tel-165\" \/><\/span> <\/label>\n\t<\/p>\n<\/div>\n<div class=\"column-half\">\n\t<p><label> Localitat (obligatorio)<br \/>\n<span class=\"wpcf7-form-control-wrap\" data-name=\"localidad\"><input size=\"40\" maxlength=\"400\" class=\"wpcf7-form-control wpcf7-text wpcf7-validates-as-required\" aria-required=\"true\" aria-invalid=\"false\" value=\"\" type=\"text\" name=\"localidad\" \/><\/span> <\/label>\n\t<\/p>\n<\/div>\n<p><label> Missatge<br \/>\n<span class=\"wpcf7-form-control-wrap\" data-name=\"your-message\"><textarea cols=\"40\" rows=\"10\" maxlength=\"2000\" class=\"wpcf7-form-control wpcf7-textarea\" aria-invalid=\"false\" name=\"your-message\"><\/textarea><\/span> <\/label>\n<\/p>\n<p><input class=\"wpcf7-form-control wpcf7-submit has-spinner\" type=\"submit\" value=\"Enviar formulari\" \/>\n<\/p><div class=\"wpcf7-response-output\" aria-hidden=\"true\"><\/div>\n<\/form>\n<\/div>\n[\/vc_column][\/vc_row]<\/p>\n<\/div>","protected":false},"excerpt":{"rendered":"<p>[vc_row][vc_column][vc_row_inner][vc_column_inner width=&#8221;1\/2&#8243;][vc_single_image image=&#8221;29777&#8243; img_size=&#8221;430&#215;279&#8243; onclick=&#8221;link_image&#8221;][\/vc_column_inner][vc_column_inner width=&#8221;1\/2&#8243;][vc_single_image image=&#8221;436&#8243; img_size=&#8221;full&#8221; onclick=&#8221;link_image&#8221;][\/vc_column_inner][\/vc_row_inner][vc_column_text el_class=&#8221;large margin-top-20&#8243;]La disfonia engloba qualsevol impediment en l&#8217;emissi\u00f3 vocal que pugui obstaculitzar la producci\u00f3 natural de la veu. Per tant, sempre es tractar\u00e0 d&#8217;una manifestaci\u00f3 \u00fanica o agregada a un conjunt d&#8217;indicis o s\u00edmptomes d&#8217;una malaltia concreta. Els problemes vocals, de car\u00e0cter funcional, es poden prevenir,<\/p>\n","protected":false},"author":1,"featured_media":0,"parent":0,"menu_order":0,"comment_status":"closed","ping_status":"closed","template":"","meta":{"footnotes":""},"class_list":["post-31848","page","type-page","status-publish","hentry"],"_links":{"self":[{"href":"https:\/\/www.logopediadomicilio.es\/ca\/wp-json\/wp\/v2\/pages\/31848","targetHints":{"allow":["GET"]}}],"collection":[{"href":"https:\/\/www.logopediadomicilio.es\/ca\/wp-json\/wp\/v2\/pages"}],"about":[{"href":"https:\/\/www.logopediadomicilio.es\/ca\/wp-json\/wp\/v2\/types\/page"}],"author":[{"embeddable":true,"href":"https:\/\/www.logopediadomicilio.es\/ca\/wp-json\/wp\/v2\/users\/1"}],"replies":[{"embeddable":true,"href":"https:\/\/www.logopediadomicilio.es\/ca\/wp-json\/wp\/v2\/comments?post=31848"}],"version-history":[{"count":2,"href":"https:\/\/www.logopediadomicilio.es\/ca\/wp-json\/wp\/v2\/pages\/31848\/revisions"}],"predecessor-version":[{"id":31850,"href":"https:\/\/www.logopediadomicilio.es\/ca\/wp-json\/wp\/v2\/pages\/31848\/revisions\/31850"}],"wp:attachment":[{"href":"https:\/\/www.logopediadomicilio.es\/ca\/wp-json\/wp\/v2\/media?parent=31848"}],"curies":[{"name":"wp","href":"https:\/\/api.w.org\/{rel}","templated":true}]}}