{"id":31853,"date":"2020-07-10T20:53:21","date_gmt":"2020-07-10T20:53:21","guid":{"rendered":"https:\/\/www.logopediadomicilio.es\/parkinson-intervencio-en-logopedia\/"},"modified":"2021-11-08T11:00:40","modified_gmt":"2021-11-08T11:00:40","slug":"parkinson-intervencio-en-logopedia","status":"publish","type":"page","link":"https:\/\/www.logopediadomicilio.es\/ca\/parkinson-intervencio-en-logopedia\/","title":{"rendered":"Parkinson: intervenci\u00f3 en logop\u00e8dia"},"content":{"rendered":"<div class=\"wpb-content-wrapper\"><p>[vc_row][vc_column][vc_row_inner][vc_column_inner width=&#8221;1\/2&#8243;][vc_single_image image=&#8221;31369&#8243; img_size=&#8221;medium-thumb&#8221; onclick=&#8221;link_image&#8221;][\/vc_column_inner][vc_column_inner width=&#8221;1\/2&#8243;][vc_single_image image=&#8221;30409&#8243; img_size=&#8221;medium-thumb&#8221; onclick=&#8221;link_image&#8221;][\/vc_column_inner][\/vc_row_inner]<h2 class=\"box-header large margin-top-30\">Retraso del lenguaje, intervenci\u00f3n logop\u00e9dica en Barcelona, Madrid y Valencia<\/h2>[vc_column_text el_class=&#8221;large margin-top-20&#8243;]La malaltia de Parkinson \u00e9s una malaltia neurodegenerativa del sistema nervi\u00f3s central (SNC) que afecta les estructures del cervell encarregades de la coordinaci\u00f3 de moviments, del manteniment del to muscular i del control postural. \u00c9s la segona malaltia neurodegenerativa m\u00e9s freq\u00fcent.<\/p>\n<p>A m\u00e9s, tamb\u00e9 va associat a dificultats de la veu i la parla que produeixen problemes de comunicaci\u00f3 de forma progressiva a mesura que va avan\u00e7ant la malaltia. D&#8217;aquesta manera, el tractament de la malaltia sol ser realitzat per un equip multidisciplinari, en el qual les figures m\u00e9s importants seran el neur\u00f2leg, el logopeda i el fisioterapeuta.<\/p>\n<p>Sol confondre&#8217;s molt la malaltia de Parkinson amb el parkinsonisme ja que s\u00f3n molt similars pel que fa als seus s\u00edmptomes. Aquests dos conceptes estan molt relacionats entre si, tot i que hi ha difer\u00e8ncies fonamentals. En tots dos casos la malaltia \u00e9s degenerativa i no t\u00e9 cura, encara que hi ha tractaments que poden millorar significativament la qualitat de vida del pacient.<br \/>\nEntre els parkinsonismes hi trobem la par\u00e0lisi supranuclear progressiva (PSP), la causa est\u00e0 relacionada amb la p\u00e8rdua neuronal i l&#8217;acumulaci\u00f3 de dip\u00f2sits de prote\u00efna TAU. Un altre cas de parkinsonisme seria la degeneraci\u00f3 corticobasal (DGB) i l&#8217;Atr\u00f2fia multisist\u00e8mica (AMS) de les quals se&#8217;n desconeix la causa. Aquestes tres malalties presenten s\u00edmptomes motors com el Parkinson: Rigidesa muscular, bradicin\u00e8sia o alteracions posturals i altres s\u00edmptomes com poden ser la disf\u00e0gia o afectacions cognitives.<\/p>\n<p>A dia d&#8217;avui i malgrat els grans esfor\u00e7os en investigaci\u00f3 la causa d&#8217;aquesta malaltia \u00e9s desconeguda. L&#8217;exist\u00e8ncia de dades etiol\u00f2gics de la Malaltia de Parkinson \u00e9s molt limitada, tot i que sempre s&#8217;han considerat com a condicionants del desenvolupament de la malaltia factors com l&#8217;envelliment, l&#8217;exposici\u00f3 a t\u00f2xics ambientals, factors gen\u00e8tics i les condicions metab\u00f2liques de l&#8217;organisme que interactuen entre si.<\/p>\n<p><strong>S\u00edmptomes en el llenguatge de la Malaltia de Parkinson<\/strong><\/p>\n<p>Els s\u00edmptomes m\u00e9s freq\u00fcents que podem observar s\u00f3n:<\/p>\n<ul>\n<li><strong>Hipofonia<\/strong> (baix volum de veu): Sovint sol ser el primer s\u00edmptoma logop\u00e8dic apreciable. En un comen\u00e7ament pot dificultar la comunicaci\u00f3 en ambients sorollosos, per\u00f2 amb el pas el temps el volum de veu pot arribar a percebre&#8217;s molt redu\u00eft.<\/li>\n<li><strong>Disminuci\u00f3 de la qualitat de veu.<\/strong><\/li>\n<li><strong>Veu mon\u00f2tona.<\/strong><\/li>\n<li><strong>Alteracions respirat\u00f2ries<\/strong> que incideixen directament en els processos de parla.<\/li>\n<li><strong>Dificultats articulat\u00f2ries<\/strong> observant una parla difusa i inintel\u00b7ligible (Dis\u00e0rtria).<\/li>\n<li><strong>Hipomimia<\/strong>: Disminuci\u00f3 o abs\u00e8ncia d&#8217;expressi\u00f3 m\u00edmica coneguda com a cara de p\u00f2quer.<\/li>\n<li>Dificultats en la <strong>degluci\u00f3<\/strong> i <strong>masticaci\u00f3<\/strong> existint risc d&#8217;asf\u00edxia per broncoaspiraci\u00f3 (<strong>disf\u00e0gia<\/strong>), sobretot en estadis avan\u00e7ats.<\/li>\n<\/ul>\n<h2>Intervenci\u00f3 logop\u00e8dica en la Malaltia de Parkinson<\/h2>\n<p>Podem afirmar que una intervenci\u00f3 logop\u00e8dica constant i perllongada produeix un alentiment en el progr\u00e9s de la malaltia en les diferents afectacions que poden presentar els pacients de Parkinson. D&#8217;aquesta manera, per poder intervenir d&#8217;una manera efica\u00e7 i eficient el primer que hem de plantejar s\u00f3n uns objectius espec\u00edfics, els quals sempre seran \u00fanics i individuals en funci\u00f3 de les necessitats del pacient, els aspectes m\u00e9s ben preservats i aquells en qu\u00e8 conv\u00e9 posar un major \u00e8mfasi en la ter\u00e0pia logop\u00e8dica, per trobar-se en deteriorament en un estat m\u00e9s avan\u00e7at. Aix\u00ed doncs, el tractament logop\u00e8dic se centra en aconseguir una millora dels components de la parla i degluci\u00f3 alterats, aix\u00ed com de potenciar al m\u00e0xim aquelles habilitats conservades. Aquests objectius s&#8217;aconseguiran a trav\u00e9s de les seg\u00fcents l\u00ednies d&#8217;actuaci\u00f3:<\/p>\n<ol>\n<li>Millorar el control de la musculatura fonoarticulatoria<\/li>\n<li>Millorar la pros\u00f2dia per evitar la monotonia de la parla parkinsoniana.<\/li>\n<li>Generar una millora en el ritme de la parla.<\/li>\n<li>Aconseguir establir una articulaci\u00f3 clara i efica\u00e7 dels fonemes.<\/li>\n<li>Adquirir la respiraci\u00f3 adequada per a la fonaci\u00f3 amb una adequada coordinaci\u00f3 fono-respirat\u00f2ria.<\/li>\n<li>Degluci\u00f3 segura i efica\u00e7.<\/li>\n<\/ol>\n<p>Tenint en compte les dificultats que presenten aquests pacients podem determinar un pla de tractament general com el seg\u00fcent:<\/p>\n<p>&#8211; Hem d&#8217;augmentar la sensibilitat muscular actuant sobre la musculatura facial, a causa de la rigidesa que solen presentar, amb estimulacions t\u00e0ctils i execuci\u00f3 de pr\u00e0xies orolinguofaciales per millorar la mobilitat oral (llavis, llengua, paladar i maxil\u00b7lar) i optimitzar l&#8217;articulaci\u00f3 i degluci\u00f3.<\/p>\n<p>-Tractament de la pros\u00f2dia per treballar la melodia i musicalitat de la parla atenuant la t\u00edpica veu mon\u00f2tona que presenten aquests pacients. Es plantejaran exercicis d&#8217;accentuaci\u00f3 i entonaci\u00f3 amb diferents textos, embarbussaments, poemes, refranys i can\u00e7ons.<\/p>\n<p>-Per aconseguir una bona coordinaci\u00f3 fono-respirat\u00f2ria ens centrarem en utilitzar exercicis d&#8217;impostaci\u00f3 i projecci\u00f3 vocal tenint en compte els beneficis d&#8217;una respiraci\u00f3 diafragm\u00e0tica i nasal com pot ser augmentar la capacitat pulmonar i aconseguir una relaxaci\u00f3 muscular generalitzada.<\/p>\n<p>-Entrenar diferents t\u00e8cniques fonat\u00f2ries per atenuar els efectes com la veu hipof\u00f3nica i disf\u00f2nica. Es treballa l&#8217;augment de la pressi\u00f3 subgl\u00f2tica per potenciar la intensitat de la veu.<\/p>\n<p>&#8211; Exercicis d&#8217;agilitat i coordinaci\u00f3 articulat\u00f2ria per aconseguir una millora en l&#8217;articulaci\u00f3 de fonemes i grups conson\u00e0ntics afectats.<\/p>\n<p>-Millorar la hipon\u00edmia mitjan\u00e7ant massatges facials i mobilitzacions actives, que disminueixin la rigidesa i la bradicin\u00e8sia de la musculatura facial guanyant expressivitat.<\/p>\n<p>&#8211; Tractament i prevenci\u00f3 de la disf\u00e0gia orofar\u00edngia per assegurar, en cas que hi hagi dificultats per empassar, un degluci\u00f3 segura i efica\u00e7 que eviti les aspiracions o ennuegaments que poden resultar molt molestos i perillosos. S&#8217;entrenen les diferents maniobres deglut\u00f2ries i s&#8217;assessora sobre l&#8217;alimentaci\u00f3 b\u00e0sica adaptada. Aix\u00ed mateix, es posen al servei dels pacients una s\u00e8rie d&#8217;ajudes t\u00e8cniques per a la degluci\u00f3 com coberts, gots i plats adaptats.<\/p>\n<h3>Tractament logop\u00e8dic en la Malaltia de Parkinson: Intervenci\u00f3 amb la fam\u00edlia<\/h3>\n<p>Durant el tractament logop\u00e8dic s&#8217;orientar\u00e0 cont\u00ednuament a la fam\u00edlia, des de l&#8217;avaluaci\u00f3 del cas i durant tot el tractament, amb la finalitat que ells puguin ajudar els seus familiars en totes les tasques, potenciant la major autonomia possible i millora en el seu benestar, explicant totes actuacions logop\u00e8diques.<\/p>\n<p>Els majors camps d&#8217;intervenci\u00f3 conjunta poden ser:<\/p>\n<p>&#8211; Estrat\u00e8gies per millorar l&#8217;expressi\u00f3 facial (somriure, aixecar les celles, obrir i tancar la boca i massatge facial)<\/p>\n<p>&#8211; Comunicaci\u00f3 verbal (llegir en veu alta, evitar ambients sorollosos, articular de manera exagerada i gesticular, fer pauses entre paraules i utilitzar frases curtes)<\/p>\n<p>&#8211; Posturals: mantenir-se drets sense tensi\u00f3.<\/p>\n<p>&#8211; Respiraci\u00f3 i coordinaci\u00f3 fono respirat\u00f2ria: respirar profundament i empassar saliva abans de parlar. Cures respirat\u00f2ries (mantenir una bona postura i seure correctament, realitzar exercicis respiratoris, integrar aquests exercicis dins de la jornada di\u00e0ria i augmentar la ingesta h\u00eddrica i humidificar l&#8217;ambient).<\/p>\n<p>&#8211; Degluci\u00f3: millorar la degluci\u00f3 (sempre que sigui possible el pacient ha de menjar sol, adquirir rutina de seure amb una postura adequada, realitzar exercicis orofacials preparatoris per activar el reflex de la degluci\u00f3, iniciar la ingesta d&#8217;aliments s\u00f2lids i\/o \u00e0cids, per exemple un sorbet de llimona, perqu\u00e8 estimula el reflex de la degluci\u00f3. Inclinar el cap cap endavant per empassar, mastegar a poc a poc amb la boca tancada, menjar en petites quantitats, ingerir aliments de consist\u00e8ncia homog\u00e8nia i utilitzar espessidors i gelatines si cal).<\/p>\n<p>Les pautes d&#8217;intervenci\u00f3 indicades s\u00f3n de car\u00e0cter orientatiu i han de ser adaptades a cada pacient de Parkinson, en funci\u00f3 de les seves necessitats, els aspectes que es troben m\u00e9s preservats i aquells que requereixen una intervenci\u00f3 logop\u00e8dica m\u00e9s intensiva.[\/vc_column_text][\/vc_column][\/vc_row][vc_row css=&#8221;.vc_custom_1591887338930{background-color: rgba(232,241,255,0.59) !important;*background-color: rgb(232,241,255) !important;}&#8221;][vc_column css=&#8221;.vc_custom_1579881017377{border-radius: 5px !important;}&#8221;][vc_row_inner][vc_column_inner width=&#8221;1\/4&#8243;][vc_single_image image=&#8221;31347&#8243; alignment=&#8221;center&#8221; style=&#8221;vc_box_outline_circle_2&#8243; css=&#8221;.vc_custom_1591959219523{margin-top: 15px !important;margin-bottom: 15px !important;}&#8221;][vc_column_text]<\/p>\n<p style=\"text-align: center;\">Marc Giner<\/p>\n<p>[\/vc_column_text][vc_single_image alignment=&#8221;center&#8221; style=&#8221;vc_box_outline_circle_2&#8243; css=&#8221;.vc_custom_1594414878975{margin-top: 15px !important;margin-bottom: 15px !important;}&#8221;][vc_column_text]<\/p>\n<p style=\"text-align: center;\">Valeria Sandoval<\/p>\n<p>[\/vc_column_text][\/vc_column_inner][vc_column_inner width=&#8221;3\/4&#8243;][vc_column_text css_animation=&#8221;fadeInUp&#8221; css=&#8221;.vc_custom_1594414849631{margin-top: 25px !important;margin-bottom: 25px !important;padding-top: 30px !important;padding-right: 30px !important;padding-bottom: 30px !important;padding-left: 30px !important;background-color: rgba(232,241,255,0.59) !important;*background-color: rgb(232,241,255) !important;border-radius: 5px !important;}&#8221;]<strong>Autors del presente article:<\/strong><\/p>\n<p>Marc Giner Llenas, psicopedagog, n\u00famero de col\u00b7legiat 387 al Col\u00b7legi de Pedagogs de Catalunya (COPEC). Director de Logop\u00e8dia a Domicili. <a href=\"https:\/\/www.linkedin.com\/in\/marc-giner-llenas-28b43836\/\">LINKEDIN<\/a>.<\/p>\n<p>Valeria Sandoval. Logopeda. Col\u00b7legiada n\u00famero 28\/1324 al Colegio de Logopedas de Madrid. <a href=\"https:\/\/www.linkedin.com\/in\/valeria-sandoval-pe%C3%B1a-4a2998180\/\">LINKEDIN<\/a>.<\/p>\n<p><strong>Refer\u00e8ncies bibliogr\u00e0fiques i online:<\/strong><\/p>\n<p><em>-Federaci\u00f3n Espa\u00f1ola de Parkinson (EP). Orientaciones pr\u00e1cticas para el educador. <\/em><\/p>\n<p><em>-Almudena Zurita. Gu\u00eda t\u00e9cnica de intervenci\u00f3n logop\u00e9dica en la Enfermedad de Parkinson. Editorial S\u00edntesis. Julio 2010.<\/em><\/p>\n<p><em>-Enfermedad de Parkinson y otros Parkinsonismos. Antoni Rey P\u00e9rez. Medica Panam\u00e9rica. 12 de mayo 2009.<\/em><\/p>\n<p><em>-Balbino Rojo Colino. Manual de intervenci\u00f3n logop\u00e9dica en los trastornos del habla y fonaci\u00f3n en el enfermo de Parkinson. Fundaci\u00f3n la Caixa 2002. <\/em><\/p>\n<p><em>-Claves para conocer la enfermedad de Parkinson. Federaci\u00f3n Espa\u00f1ola de Parkinson. Gu\u00eda de Patolog\u00edas Edici\u00f3n de la Prensa. <\/em><\/p>\n<p><em>-Federaci\u00f3n Espa\u00f1ola de Parkinson (FEP) www.fedesparkinson.org<\/em>[\/vc_column_text][\/vc_column_inner][\/vc_row_inner][\/vc_column][\/vc_row][vc_row][vc_column]<h2 class=\"box-header large align-center page-margin-top-section\">Un proceso simple y eficaz<\/h2>[vc_row_inner top_margin=&#8221;page-margin-top&#8221; el_class=&#8221;flex-box&#8221;][vc_column_inner width=&#8221;1\/3&#8243;]<div class=\"info-box features-phone animated-element animation-fadeIn\"><h3>Contacte<\/h3><p>Contacti amb nosaltres per ampliar la informaci\u00f3 dels nostres serveis i exposar el seu cas.<\/p><\/div><div class=\"arrow-container animated-element animation-slideRight\"><span class=\"arrow template-arrow-horizontal-4-after arrow-light\"><\/span><\/div>[\/vc_column_inner][vc_column_inner width=&#8221;1\/3&#8243;]<div class=\"info-box features-doctor animated-element animation-slideRight duration-800 delay-600\"><h3>Diagn\u00f2stic i Tractament<\/h3><p>El primer pas \u00e9s realitzar un bon diagn\u00f2stic (si no es disposa d&#8217;ell) i a posteriori ja podrem comen\u00e7ar el tractament.<\/p><\/div><div class=\"arrow-container animated-element animation-slideRight duration-800 delay-1050\"><span class=\"arrow template-arrow-horizontal-4-after arrow-dark\"><\/span><\/div>[\/vc_column_inner][vc_column_inner width=&#8221;1\/3&#8243;]<div class=\"info-box features-people\"><h3>Recuperaci\u00f3<\/h3><p>ALTA del servei quan s&#8217;aconsegueixen els objectius proposats inicialment.<\/p><\/div>[\/vc_column_inner][\/vc_row_inner]<h2 class=\"box-header large align-center page-margin-top-section\">\u00c1reas en las que ofrecemos tratamientos<\/h2>[vc_row_inner top_margin=&#8221;page-margin-top-section&#8221;][vc_column_inner width=&#8221;1\/2&#8243;]<ul class=\"clearfix mc-features mc-features-small mc-features-style-default\"><li class=\"item-content clearfix\">\r\n\t\t\t\t<a class=\"hexagon small\" href=\"https:\/\/www.logopediadomicilio.es\/ca\/servicio\/logopedia-infantil\/\" title=\"Logop\u00e8dia infantil\"><span class=\"features-baby-bed\"><\/span><\/a><div class=\"text\"><h3><a href=\"https:\/\/www.logopediadomicilio.es\/ca\/servicio\/logopedia-infantil\/\"  title=\"Logop\u00e8dia infantil\">Logop\u00e8dia infantil<\/a><\/h3><p>Atenci\u00f3 logop\u00e8dica les dificultats en el llenguatge oral i escrit, aix\u00ed com pel que fa a el desenvolupament orofacial.<\/p>\n<\/div>\r\n\t\t\t<\/li><li class=\"item-content clearfix\">\r\n\t\t\t\t<a class=\"hexagon small\" href=\"https:\/\/www.logopediadomicilio.es\/ca\/servicio\/neurologopedia\/\" title=\"Neurologop\u00e8dia\"><span class=\"features-brain\"><\/span><\/a><div class=\"text\"><h3><a href=\"https:\/\/www.logopediadomicilio.es\/ca\/servicio\/neurologopedia\/\"  title=\"Neurologop\u00e8dia\">Neurologop\u00e8dia<\/a><\/h3><p>Tractament logop\u00e8dic de les alteracions del llenguatge i la degluci\u00f3 degudes a ictus, traumatismes cranioencef\u00e0lics i malalties neurodegeneratives.<\/p>\n<\/div>\r\n\t\t\t<\/li><\/ul>[\/vc_column_inner][vc_column_inner width=&#8221;1\/2&#8243;]<ul class=\"clearfix mc-features mc-features-small mc-features-style-default\"><li class=\"item-content clearfix\">\r\n\t\t\t\t<a class=\"hexagon small\" href=\"https:\/\/www.logopediadomicilio.es\/ca\/servicio\/alteracions-de-la-veu\/\" title=\"Alteracions de la veu\"><span class=\"features-people\"><\/span><\/a><div class=\"text\"><h3><a href=\"https:\/\/www.logopediadomicilio.es\/ca\/servicio\/alteracions-de-la-veu\/\"  title=\"Alteracions de la veu\">Alteracions de la veu<\/a><\/h3><p>Atenci\u00f3 logop\u00e8dica en les disfonies funcionals i org\u00e0niques, tant en poblaci\u00f3 infantil com adulta i en malalties neurodegeneratives.<\/p>\n<\/div>\r\n\t\t\t<\/li><li class=\"item-content clearfix\">\r\n\t\t\t\t<a class=\"hexagon small\" href=\"https:\/\/www.logopediadomicilio.es\/ca\/servicio\/terapia-miofuncional\/\" title=\"Ter\u00e0pia miofuncional\"><span class=\"features-list\"><\/span><\/a><div class=\"text\"><h3><a href=\"https:\/\/www.logopediadomicilio.es\/ca\/servicio\/terapia-miofuncional\/\"  title=\"Ter\u00e0pia miofuncional\">Ter\u00e0pia miofuncional<\/a><\/h3><p>La ter\u00e0pia miofuncional tracta les alteracions en el funcionament orofacial, com la degluci\u00f3 at\u00edpica, alteracions de l&#8217;ATM, entre d&#8217;altres.<\/p>\n<\/div>\r\n\t\t\t<\/li><\/ul>[\/vc_column_inner][\/vc_row_inner][vc_separator color=&#8221;peacoc&#8221; el_width=&#8221;40&#8243; css=&#8221;.vc_custom_1582465485534{margin-top: 25px !important;margin-bottom: 25px !important;}&#8221;]<h2 class=\"box-header large align-center no-border page-margin-top-section\">Ll\u00e1menos por tel\u00e9fono:<\/h2>[vc_row_inner][vc_column_inner][vc_column_text css_animation=&#8221;fadeInDown&#8221;]<\/p>\n<h2 style=\"text-align: center;\"><span style=\"color: #3366ff;\"><a style=\"color: #3366ff;\" href=\"tel:931001485\">931001485<\/a><\/span> (Barcelona) \/\u00a0<span style=\"color: #3366ff;\"><a style=\"color: #3366ff;\" href=\"tel:910911285\">910911285<\/a><\/span> (Madrid) \/ <span style=\"color: #3366ff;\"><a style=\"color: #3366ff;\" href=\"tel:960011185\">960011185<\/a><\/span> (Val\u00e8ncia)<\/h2>\n<p>[\/vc_column_text][\/vc_column_inner][\/vc_row_inner][vc_column_text el_class=&#8221;large align-center margin-top-20&#8243;]O, si ho preferiu, envieu-nos un formulari:[\/vc_column_text]\n<div class=\"wpcf7 no-js\" id=\"wpcf7-f31455-o1\" lang=\"ca\" dir=\"ltr\" data-wpcf7-id=\"31455\">\n<div class=\"screen-reader-response\"><p role=\"status\" aria-live=\"polite\" aria-atomic=\"true\"><\/p> <ul><\/ul><\/div>\n<form action=\"\/ca\/wp-json\/wp\/v2\/pages\/31853#wpcf7-f31455-o1\" method=\"post\" class=\"wpcf7-form init\" aria-label=\"Formulari de contacte\" novalidate=\"novalidate\" data-status=\"init\">\n<fieldset class=\"hidden-fields-container\"><input type=\"hidden\" name=\"_wpcf7\" value=\"31455\" \/><input type=\"hidden\" name=\"_wpcf7_version\" value=\"6.1.5\" \/><input type=\"hidden\" name=\"_wpcf7_locale\" value=\"ca\" \/><input type=\"hidden\" name=\"_wpcf7_unit_tag\" value=\"wpcf7-f31455-o1\" \/><input type=\"hidden\" name=\"_wpcf7_container_post\" value=\"0\" \/><input type=\"hidden\" name=\"_wpcf7_posted_data_hash\" value=\"\" \/><input type=\"hidden\" name=\"_wpcf7_recaptcha_response\" value=\"\" \/>\n<\/fieldset>\n<div class=\"form-row\">\n\t<div class=\"column-half\">\n\t\t<p><label> Nom (obligatori)<br \/>\n<span class=\"wpcf7-form-control-wrap\" data-name=\"your-name\"><input size=\"40\" maxlength=\"400\" class=\"wpcf7-form-control wpcf7-text wpcf7-validates-as-required\" aria-required=\"true\" aria-invalid=\"false\" value=\"\" type=\"text\" name=\"your-name\" \/><\/span> <\/label>\n\t\t<\/p>\n\t<\/div>\n\t<div class=\"column-half\">\n\t\t<p><label> Correu electr\u00f2nic (obligatori)<br \/>\n<span class=\"wpcf7-form-control-wrap\" data-name=\"your-email\"><input size=\"40\" maxlength=\"400\" class=\"wpcf7-form-control wpcf7-email wpcf7-validates-as-required wpcf7-text wpcf7-validates-as-email\" aria-required=\"true\" aria-invalid=\"false\" value=\"\" type=\"email\" name=\"your-email\" \/><\/span> <\/label>\n\t\t<\/p>\n\t<\/div>\n<\/div>\n<div class=\"column-half\">\n\t<p><label> Tel\u00e8fon<br \/>\n<span class=\"wpcf7-form-control-wrap\" data-name=\"tel-165\"><input size=\"40\" maxlength=\"400\" class=\"wpcf7-form-control wpcf7-tel wpcf7-text wpcf7-validates-as-tel\" aria-invalid=\"false\" value=\"\" type=\"tel\" name=\"tel-165\" \/><\/span> <\/label>\n\t<\/p>\n<\/div>\n<div class=\"column-half\">\n\t<p><label> Localitat (obligatorio)<br \/>\n<span class=\"wpcf7-form-control-wrap\" data-name=\"localidad\"><input size=\"40\" maxlength=\"400\" class=\"wpcf7-form-control wpcf7-text wpcf7-validates-as-required\" aria-required=\"true\" aria-invalid=\"false\" value=\"\" type=\"text\" name=\"localidad\" \/><\/span> <\/label>\n\t<\/p>\n<\/div>\n<p><label> Missatge<br \/>\n<span class=\"wpcf7-form-control-wrap\" data-name=\"your-message\"><textarea cols=\"40\" rows=\"10\" maxlength=\"2000\" class=\"wpcf7-form-control wpcf7-textarea\" aria-invalid=\"false\" name=\"your-message\"><\/textarea><\/span> <\/label>\n<\/p>\n<p><input class=\"wpcf7-form-control wpcf7-submit has-spinner\" type=\"submit\" value=\"Enviar formulari\" \/>\n<\/p><div class=\"wpcf7-response-output\" aria-hidden=\"true\"><\/div>\n<\/form>\n<\/div>\n[\/vc_column][\/vc_row]<\/p>\n<\/div>","protected":false},"excerpt":{"rendered":"<p>[vc_row][vc_column][vc_row_inner][vc_column_inner width=&#8221;1\/2&#8243;][vc_single_image image=&#8221;31369&#8243; img_size=&#8221;medium-thumb&#8221; onclick=&#8221;link_image&#8221;][\/vc_column_inner][vc_column_inner width=&#8221;1\/2&#8243;][vc_single_image image=&#8221;30409&#8243; img_size=&#8221;medium-thumb&#8221; onclick=&#8221;link_image&#8221;][\/vc_column_inner][\/vc_row_inner][vc_column_text el_class=&#8221;large margin-top-20&#8243;]La malaltia de Parkinson \u00e9s una malaltia neurodegenerativa del sistema nervi\u00f3s central (SNC) que afecta les estructures del cervell encarregades de la coordinaci\u00f3 de moviments, del manteniment del to muscular i del control postural. \u00c9s la segona malaltia neurodegenerativa m\u00e9s freq\u00fcent. A m\u00e9s, tamb\u00e9 va<\/p>\n","protected":false},"author":1,"featured_media":0,"parent":0,"menu_order":0,"comment_status":"closed","ping_status":"closed","template":"","meta":{"footnotes":""},"class_list":["post-31853","page","type-page","status-publish","hentry"],"_links":{"self":[{"href":"https:\/\/www.logopediadomicilio.es\/ca\/wp-json\/wp\/v2\/pages\/31853","targetHints":{"allow":["GET"]}}],"collection":[{"href":"https:\/\/www.logopediadomicilio.es\/ca\/wp-json\/wp\/v2\/pages"}],"about":[{"href":"https:\/\/www.logopediadomicilio.es\/ca\/wp-json\/wp\/v2\/types\/page"}],"author":[{"embeddable":true,"href":"https:\/\/www.logopediadomicilio.es\/ca\/wp-json\/wp\/v2\/users\/1"}],"replies":[{"embeddable":true,"href":"https:\/\/www.logopediadomicilio.es\/ca\/wp-json\/wp\/v2\/comments?post=31853"}],"version-history":[{"count":3,"href":"https:\/\/www.logopediadomicilio.es\/ca\/wp-json\/wp\/v2\/pages\/31853\/revisions"}],"predecessor-version":[{"id":31856,"href":"https:\/\/www.logopediadomicilio.es\/ca\/wp-json\/wp\/v2\/pages\/31853\/revisions\/31856"}],"wp:attachment":[{"href":"https:\/\/www.logopediadomicilio.es\/ca\/wp-json\/wp\/v2\/media?parent=31853"}],"curies":[{"name":"wp","href":"https:\/\/api.w.org\/{rel}","templated":true}]}}