{"id":31861,"date":"2020-09-11T15:02:44","date_gmt":"2020-09-11T15:02:44","guid":{"rendered":"https:\/\/www.logopediadomicilio.es\/logopedia-en-trastorns-del-neurodesenvolupament\/"},"modified":"2021-11-08T11:15:50","modified_gmt":"2021-11-08T11:15:50","slug":"logopedia-en-trastorns-del-neurodesenvolupament","status":"publish","type":"page","link":"https:\/\/www.logopediadomicilio.es\/ca\/logopedia-en-trastorns-del-neurodesenvolupament\/","title":{"rendered":"Logop\u00e8dia en Trastorns del Neurodesenvolupament"},"content":{"rendered":"<div class=\"wpb-content-wrapper\"><p>[vc_row][vc_column][vc_row_inner][vc_column_inner width=&#8221;1\/2&#8243;][vc_single_image image=&#8221;31369&#8243; img_size=&#8221;medium-thumb&#8221; onclick=&#8221;link_image&#8221;][\/vc_column_inner][vc_column_inner width=&#8221;1\/2&#8243;][vc_single_image image=&#8221;30409&#8243; img_size=&#8221;medium-thumb&#8221; onclick=&#8221;link_image&#8221;][\/vc_column_inner][\/vc_row_inner]<h2 class=\"box-header large margin-top-30\">Logopedia en Trastornos del Neurodesarrollo<\/h2>[vc_column_text el_class=&#8221;large margin-top-20&#8243;]Un trastorn del neurodesenvolupament o trastorn del desenvolupament neurol\u00f2gic \u00e9s el conjunt de dificultats cognitives que afecten la maduraci\u00f3 neurol\u00f2gica normal dels nens i nenes a diferents nivells, generant alteracions o retards en l&#8217;aprenentatge i\/o en el creixement d&#8217;habilitats del tipus motor, comunicacionals i socials.<\/p>\n<p>Les causes dels trastorns del neurodesenvolupament s\u00f3n diverses. Hi ha diferents factors que poden afectar el normal desenvolupament del cervell, encara que en molts casos la causa \u00e9s desconeguda. Les causes m\u00e9s comunes dels trastorns del neurodesenvolupament s\u00f3n: Cong\u00e8nites, contextuals o ambientals, prenatals, perinatals i\/o postnatals (traumatismes, infeccions o exposicions a elements t\u00f2xics durant els primers anys de vida).<\/p>\n<p>\u00c9s possible identificar tres grups de Trastorns del Neurodesenvolupament amb clares interconnexions entre ells:<\/p>\n<ol>\n<li>Trastorns del Neurodesenvolupament sindr\u00f2mics. S&#8217;identifiquen cl\u00ednicament per uns s\u00edmptomes molt t\u00edpics, estant ben diferenciats d&#8217;altres trastorns, i s&#8217;ajusten a un patr\u00f3 hereditari de tipus mendeli\u00e0. Solen presentar un fenotip dism\u00f2rfic, manifestacions sist\u00e8miques, s\u00edmptomes neurol\u00f2gics i un fenotip conductual bastant espec\u00edfic. En pr\u00e0cticament tots ells s&#8217;ha identificat la regi\u00f3 gen\u00e8tica responsable. Un exemple \u00e9s la S\u00edndrome de Down.<\/li>\n<li>Trastorns del Neurodesenvolupament vinculats a una causa ambiental coneguda. El m\u00e9s representatiu, per la seva elevada freq\u00fc\u00e8ncia, \u00e9s l&#8217;espectre d&#8217;efectes fetals de l&#8217;alcohol. De totes maneres, encara que existeix una causa ambiental evident, no s&#8217;exclou una multifactorialitat amb intervenci\u00f3 d&#8217;efectes gen\u00e8tics.<\/li>\n<li>Trastorns del Neurodesenvolupament sense una causa espec\u00edfica identificada. S&#8217;hi han d&#8217;incloure: el trastorn del llenguatge, el trastorn de la parla, el trastorn de la comunicaci\u00f3 social, el trastorn espec\u00edfic de l&#8217;aprenentatge, el TDAH, el trastorn de l&#8217;espectre autista (TEA), el trastorn de el desenvolupament de la comunicaci\u00f3, el trastorn de moviments estereotipats i els diversos trastorns de tics.<\/li>\n<\/ol>\n<h3>Tipus de trastorn del neurodesenvolupament que necessitaran l&#8217;ajuda del logopeda.<\/h3>\n<p>La psicopedagogia identifica 5 diferents tipus de trastorn, els que poden ser detectats a molt primerenca edat en els nens (preescolars) i tenir un car\u00e0cter permanent o transitori.<\/p>\n<ul>\n<li>Trastorns de la comunicaci\u00f3: es defineix com la dificultat d&#8217;un individu per comunicar-se adequadament tot i tenir les capacitats per fer-ho d&#8217;acord amb el que s&#8217;espera segons l&#8217;edat. Dins d&#8217;aquest tipus trobem subcategories com el trastorn de l&#8217;expressi\u00f3, de la comprensi\u00f3, fonol\u00f2gic o la incapacitat de produir correctament els sons de les paraules; a m\u00e9s del trastorn pragm\u00e0tic de la comunicaci\u00f3 i el trastorn de la flu\u00efdesa de la parla d&#8217;inici en la inf\u00e0ncia. Aquest pot ser identificat f\u00e0cilment pels pares en els primers anys de vida dels seus fills.<\/li>\n<li>Discapacitat intel\u00b7lectual: es caracteritza per limitacions significatives en el funcionament intel\u00b7lectual i en la conducta adaptativa expressada en habilitats socials, conductuals i pr\u00e0ctiques.<\/li>\n<li>Trastorn d&#8217;espectre autista (TEA): segons explica la psicopedagoga, &#8220;aquesta condici\u00f3 es compon per un conjunt de diferents trastorns del desenvolupament, que solen ser cr\u00f2nics i que van des d&#8217;un grau lleu a greu. L&#8217;Autisme, la S\u00edndrome d&#8217;Asperger i el Trastorn generalitzat del desenvolupament no especificat, s\u00f3n part del TEA&#8221;. Es caracteritzen per dificultats en la comunicaci\u00f3 i interacci\u00f3 interpersonal, patrons de comportament i interessos repetitius, a m\u00e9s de problemes per captar i expressar sentiments, entre d&#8217;altres aspectes. El tipus de trastorn m\u00e9s conegut dins de l&#8217;Espectre autista \u00e9s l&#8217;Asperger.<\/li>\n<li>Dificultat espec\u00edfica de l&#8217;aprenentatge (DEA): en aquest cas, el nen\/a o jove manifesta dificultats en l&#8217;adquisici\u00f3 d&#8217;habilitats acad\u00e8miques com l&#8217;escriptura (disgrafia), lectura (disl\u00e8xia) o matem\u00e0tiques (discalculia).<\/li>\n<li>Trastorn de d\u00e8ficit d&#8217;atenci\u00f3 i hiperactivitat (TDAH): aquest \u00e9s un dels trastorns m\u00e9s coneguts i comuns al nostre pa\u00eds, i en el que s&#8217;observa la pres\u00e8ncia de s\u00edmptomes t\u00edpics d&#8217;inatenci\u00f3, com la dificultat per mantenir l&#8217;atenci\u00f3, tend\u00e8ncia a cometre errors per aquesta falta de concentraci\u00f3, problemes per acabar tasques assignades, aix\u00ed com tamb\u00e9 p\u00e8rdua i oblit d&#8217;objectes. Aquest trastorn pot anar acompanyat, a m\u00e9s, d&#8217;hiperactivitat, que comporta una inquietud motora constant en els nens, com parlar en forma excessiva, dificultat per mantenir-se assegut i esperar el seu torn per parlar, per exemple.<\/li>\n<\/ul>\n<p>No ens podem deixar els Trastorns del Neurodesenvolupament de tipus sindr\u00f2mic, en qu\u00e8 es veuran alterats un o diversos dels aspectes anteriorment esmentats.<\/p>\n<p>Aquests trastorns produeixen dificultats d&#8217;intensitat variable en els processos d&#8217;adaptaci\u00f3 i participaci\u00f3 social i\/o en la realitzaci\u00f3 d&#8217;activitats b\u00e0siques per a la superviv\u00e8ncia en els que el paper del logopeda ser\u00e0 fonamental ja que s&#8217;encarregar\u00e0 dels tractaments espec\u00edfics per a cada un dels trastorns del neurodesenvolupament pel que fa a la parla, la comunicaci\u00f3, el llenguatge, l&#8217;alimentaci\u00f3 i l&#8217;aprenentatge.[\/vc_column_text][\/vc_column][\/vc_row][vc_row css=&#8221;.vc_custom_1591887338930{background-color: rgba(232,241,255,0.59) !important;*background-color: rgb(232,241,255) !important;}&#8221;][vc_column css=&#8221;.vc_custom_1579881017377{border-radius: 5px !important;}&#8221;][vc_row_inner][vc_column_inner width=&#8221;1\/4&#8243;][vc_single_image image=&#8221;30598&#8243; alignment=&#8221;center&#8221; style=&#8221;vc_box_outline_circle_2&#8243; css=&#8221;.vc_custom_1595192634943{margin-top: 15px !important;margin-bottom: 15px !important;}&#8221;][vc_column_text]<\/p>\n<p style=\"text-align: center;\">Sandra Feli\u00fa<\/p>\n<p>[\/vc_column_text][\/vc_column_inner][vc_column_inner width=&#8221;3\/4&#8243;][vc_column_text css_animation=&#8221;fadeInUp&#8221; css=&#8221;.vc_custom_1599836331762{margin-top: 25px !important;margin-bottom: 25px !important;padding-top: 30px !important;padding-right: 30px !important;padding-bottom: 30px !important;padding-left: 30px !important;background-color: rgba(232,241,255,0.59) !important;*background-color: rgb(232,241,255) !important;border-radius: 5px !important;}&#8221;]<strong>Autora del present article:<\/strong><\/p>\n<p>Sandra Feli\u00fa. Logopeda. Col\u00b7legiada n\u00famero 28\/1324 al Colegio de Logopedas de Madrid. <a href=\"https:\/\/www.linkedin.com\/in\/sandra-feli%C3%BA-vacas-73a02b176\/\">Lindekin<\/a><\/p>\n<p>&nbsp;<\/p>\n<p><strong>Bibliografia<\/strong><\/p>\n<ul>\n<li>Artigas-Pallar\u00e9s J, Guitart M, Gabau-Vila, E. Bases gen\u00e9ticas de los trastornos del neurodesarrollo. Rev Neurol 2013; 56 (Supl 1): S23-S34<\/li>\n<\/ul>\n<p><strong>Webgrafia.<\/strong><\/p>\n<ul>\n<li><a href=\"https:\/\/www.neuronup.com\/es\/neurorrehabilitacion\/disorder\">https:\/\/www.neuronup.com\/es\/neurorrehabilitacion\/disorder<\/a><\/li>\n<li><a href=\"https:\/\/www.logopediaymas.es\/trastornos-del-neurodesarrollo\/\">https:\/\/www.logopediaymas.es\/trastornos-del-neurodesarrollo\/<\/a><\/li>\n<li><a href=\"http:\/\/www.clinicavespucio.cl\/especialidades\/trastornos-del-neurodesarrollo-que-son-y-cuantos-tipos-existen\/#:~:text=Un%20trastorno%20del%20neurodesarrollo%20o,de%20habilidades%20del%20tipo%20motor%2C\">http:\/\/www.clinicavespucio.cl\/especialidades\/trastornos-del-neurodesarrollo-que-son-y-cuantos-tipos-existen\/#:~:text=Un%20trastorno%20del%20neurodesarrollo%20o,de%20habilidades%20del%20tipo%20motor%2C<\/a><\/li>\n<\/ul>\n<p>[\/vc_column_text][\/vc_column_inner][\/vc_row_inner][\/vc_column][\/vc_row][vc_row][vc_column]<h2 class=\"box-header large align-center page-margin-top-section\">Un proceso simple y eficaz<\/h2>[vc_row_inner top_margin=&#8221;page-margin-top&#8221; el_class=&#8221;flex-box&#8221;][vc_column_inner width=&#8221;1\/3&#8243;]<div class=\"info-box features-phone animated-element animation-fadeIn\"><h3>Contacte<\/h3><p>Contacti amb nosaltres per ampliar la informaci\u00f3 dels nostres serveis i exposar el seu cas.<\/p><\/div><div class=\"arrow-container animated-element animation-slideRight\"><span class=\"arrow template-arrow-horizontal-4-after arrow-light\"><\/span><\/div>[\/vc_column_inner][vc_column_inner width=&#8221;1\/3&#8243;]<div class=\"info-box features-doctor animated-element animation-slideRight duration-800 delay-600\"><h3>Diagn\u00f2stic i Tractament<\/h3><p>El primer pas \u00e9s realitzar un bon diagn\u00f2stic (si no es disposa d&#8217;ell) i a posteriori ja podrem comen\u00e7ar el tractament.<\/p><\/div><div class=\"arrow-container animated-element animation-slideRight duration-800 delay-1050\"><span class=\"arrow template-arrow-horizontal-4-after arrow-dark\"><\/span><\/div>[\/vc_column_inner][vc_column_inner width=&#8221;1\/3&#8243;]<div class=\"info-box features-people\"><h3>Recuperaci\u00f3<\/h3><p>ALTA del servei quan s&#8217;aconsegueixen els objectius proposats inicialment.<\/p><\/div>[\/vc_column_inner][\/vc_row_inner]<h2 class=\"box-header large align-center page-margin-top-section\">\u00c1reas en las que ofrecemos tratamientos<\/h2>[vc_row_inner top_margin=&#8221;page-margin-top-section&#8221;][vc_column_inner width=&#8221;1\/2&#8243;]<ul class=\"clearfix mc-features mc-features-small mc-features-style-default\"><li class=\"item-content clearfix\">\r\n\t\t\t\t<a class=\"hexagon small\" href=\"https:\/\/www.logopediadomicilio.es\/ca\/servicio\/logopedia-infantil\/\" title=\"Logop\u00e8dia infantil\"><span class=\"features-baby-bed\"><\/span><\/a><div class=\"text\"><h3><a href=\"https:\/\/www.logopediadomicilio.es\/ca\/servicio\/logopedia-infantil\/\"  title=\"Logop\u00e8dia infantil\">Logop\u00e8dia infantil<\/a><\/h3><p>Atenci\u00f3 logop\u00e8dica les dificultats en el llenguatge oral i escrit, aix\u00ed com pel que fa a el desenvolupament orofacial.<\/p>\n<\/div>\r\n\t\t\t<\/li><li class=\"item-content clearfix\">\r\n\t\t\t\t<a class=\"hexagon small\" href=\"https:\/\/www.logopediadomicilio.es\/ca\/servicio\/neurologopedia\/\" title=\"Neurologop\u00e8dia\"><span class=\"features-brain\"><\/span><\/a><div class=\"text\"><h3><a href=\"https:\/\/www.logopediadomicilio.es\/ca\/servicio\/neurologopedia\/\"  title=\"Neurologop\u00e8dia\">Neurologop\u00e8dia<\/a><\/h3><p>Tractament logop\u00e8dic de les alteracions del llenguatge i la degluci\u00f3 degudes a ictus, traumatismes cranioencef\u00e0lics i malalties neurodegeneratives.<\/p>\n<\/div>\r\n\t\t\t<\/li><\/ul>[\/vc_column_inner][vc_column_inner width=&#8221;1\/2&#8243;]<ul class=\"clearfix mc-features mc-features-small mc-features-style-default\"><li class=\"item-content clearfix\">\r\n\t\t\t\t<a class=\"hexagon small\" href=\"https:\/\/www.logopediadomicilio.es\/ca\/servicio\/alteracions-de-la-veu\/\" title=\"Alteracions de la veu\"><span class=\"features-people\"><\/span><\/a><div class=\"text\"><h3><a href=\"https:\/\/www.logopediadomicilio.es\/ca\/servicio\/alteracions-de-la-veu\/\"  title=\"Alteracions de la veu\">Alteracions de la veu<\/a><\/h3><p>Atenci\u00f3 logop\u00e8dica en les disfonies funcionals i org\u00e0niques, tant en poblaci\u00f3 infantil com adulta i en malalties neurodegeneratives.<\/p>\n<\/div>\r\n\t\t\t<\/li><li class=\"item-content clearfix\">\r\n\t\t\t\t<a class=\"hexagon small\" href=\"https:\/\/www.logopediadomicilio.es\/ca\/servicio\/terapia-miofuncional\/\" title=\"Ter\u00e0pia miofuncional\"><span class=\"features-list\"><\/span><\/a><div class=\"text\"><h3><a href=\"https:\/\/www.logopediadomicilio.es\/ca\/servicio\/terapia-miofuncional\/\"  title=\"Ter\u00e0pia miofuncional\">Ter\u00e0pia miofuncional<\/a><\/h3><p>La ter\u00e0pia miofuncional tracta les alteracions en el funcionament orofacial, com la degluci\u00f3 at\u00edpica, alteracions de l&#8217;ATM, entre d&#8217;altres.<\/p>\n<\/div>\r\n\t\t\t<\/li><\/ul>[\/vc_column_inner][\/vc_row_inner][vc_separator color=&#8221;peacoc&#8221; el_width=&#8221;40&#8243; css=&#8221;.vc_custom_1582465485534{margin-top: 25px !important;margin-bottom: 25px !important;}&#8221;]<h2 class=\"box-header large align-center no-border page-margin-top-section\">Ll\u00e1menos por tel\u00e9fono:<\/h2>[vc_row_inner][vc_column_inner][vc_column_text css_animation=&#8221;fadeInDown&#8221;]<\/p>\n<h2 style=\"text-align: center;\"><span style=\"color: #3366ff;\"><a style=\"color: #3366ff;\" href=\"tel:931001485\">931001485<\/a><\/span> (Barcelona) \/\u00a0<span style=\"color: #3366ff;\"><a style=\"color: #3366ff;\" href=\"tel:910911285\">910911285<\/a><\/span> (Madrid) \/ <span style=\"color: #3366ff;\"><a style=\"color: #3366ff;\" href=\"tel:960011185\">960011185<\/a><\/span> (Val\u00e8ncia)<\/h2>\n<p>[\/vc_column_text][\/vc_column_inner][\/vc_row_inner][vc_column_text el_class=&#8221;large align-center margin-top-20&#8243;]O, si ho preferiu, envieu-nos un formulari:[\/vc_column_text]\n<div class=\"wpcf7 no-js\" id=\"wpcf7-f31455-o1\" lang=\"ca\" dir=\"ltr\" data-wpcf7-id=\"31455\">\n<div class=\"screen-reader-response\"><p role=\"status\" aria-live=\"polite\" aria-atomic=\"true\"><\/p> <ul><\/ul><\/div>\n<form action=\"\/ca\/wp-json\/wp\/v2\/pages\/31861#wpcf7-f31455-o1\" method=\"post\" class=\"wpcf7-form init\" aria-label=\"Formulari de contacte\" novalidate=\"novalidate\" data-status=\"init\">\n<fieldset class=\"hidden-fields-container\"><input type=\"hidden\" name=\"_wpcf7\" value=\"31455\" \/><input type=\"hidden\" name=\"_wpcf7_version\" value=\"6.1.5\" \/><input type=\"hidden\" name=\"_wpcf7_locale\" value=\"ca\" \/><input type=\"hidden\" name=\"_wpcf7_unit_tag\" value=\"wpcf7-f31455-o1\" \/><input type=\"hidden\" name=\"_wpcf7_container_post\" value=\"0\" \/><input type=\"hidden\" name=\"_wpcf7_posted_data_hash\" value=\"\" \/><input type=\"hidden\" name=\"_wpcf7_recaptcha_response\" value=\"\" \/>\n<\/fieldset>\n<div class=\"form-row\">\n\t<div class=\"column-half\">\n\t\t<p><label> Nom (obligatori)<br \/>\n<span class=\"wpcf7-form-control-wrap\" data-name=\"your-name\"><input size=\"40\" maxlength=\"400\" class=\"wpcf7-form-control wpcf7-text wpcf7-validates-as-required\" aria-required=\"true\" aria-invalid=\"false\" value=\"\" type=\"text\" name=\"your-name\" \/><\/span> <\/label>\n\t\t<\/p>\n\t<\/div>\n\t<div class=\"column-half\">\n\t\t<p><label> Correu electr\u00f2nic (obligatori)<br \/>\n<span class=\"wpcf7-form-control-wrap\" data-name=\"your-email\"><input size=\"40\" maxlength=\"400\" class=\"wpcf7-form-control wpcf7-email wpcf7-validates-as-required wpcf7-text wpcf7-validates-as-email\" aria-required=\"true\" aria-invalid=\"false\" value=\"\" type=\"email\" name=\"your-email\" \/><\/span> <\/label>\n\t\t<\/p>\n\t<\/div>\n<\/div>\n<div class=\"column-half\">\n\t<p><label> Tel\u00e8fon<br \/>\n<span class=\"wpcf7-form-control-wrap\" data-name=\"tel-165\"><input size=\"40\" maxlength=\"400\" class=\"wpcf7-form-control wpcf7-tel wpcf7-text wpcf7-validates-as-tel\" aria-invalid=\"false\" value=\"\" type=\"tel\" name=\"tel-165\" \/><\/span> <\/label>\n\t<\/p>\n<\/div>\n<div class=\"column-half\">\n\t<p><label> Localitat (obligatorio)<br \/>\n<span class=\"wpcf7-form-control-wrap\" data-name=\"localidad\"><input size=\"40\" maxlength=\"400\" class=\"wpcf7-form-control wpcf7-text wpcf7-validates-as-required\" aria-required=\"true\" aria-invalid=\"false\" value=\"\" type=\"text\" name=\"localidad\" \/><\/span> <\/label>\n\t<\/p>\n<\/div>\n<p><label> Missatge<br \/>\n<span class=\"wpcf7-form-control-wrap\" data-name=\"your-message\"><textarea cols=\"40\" rows=\"10\" maxlength=\"2000\" class=\"wpcf7-form-control wpcf7-textarea\" aria-invalid=\"false\" name=\"your-message\"><\/textarea><\/span> <\/label>\n<\/p>\n<p><input class=\"wpcf7-form-control wpcf7-submit has-spinner\" type=\"submit\" value=\"Enviar formulari\" \/>\n<\/p><div class=\"wpcf7-response-output\" aria-hidden=\"true\"><\/div>\n<\/form>\n<\/div>\n[\/vc_column][\/vc_row]<\/p>\n<\/div>","protected":false},"excerpt":{"rendered":"<p>[vc_row][vc_column][vc_row_inner][vc_column_inner width=&#8221;1\/2&#8243;][vc_single_image image=&#8221;31369&#8243; img_size=&#8221;medium-thumb&#8221; onclick=&#8221;link_image&#8221;][\/vc_column_inner][vc_column_inner width=&#8221;1\/2&#8243;][vc_single_image image=&#8221;30409&#8243; img_size=&#8221;medium-thumb&#8221; onclick=&#8221;link_image&#8221;][\/vc_column_inner][\/vc_row_inner][vc_column_text el_class=&#8221;large margin-top-20&#8243;]Un trastorn del neurodesenvolupament o trastorn del desenvolupament neurol\u00f2gic \u00e9s el conjunt de dificultats cognitives que afecten la maduraci\u00f3 neurol\u00f2gica normal dels nens i nenes a diferents nivells, generant alteracions o retards en l&#8217;aprenentatge i\/o en el creixement d&#8217;habilitats del tipus motor, comunicacionals i socials.<\/p>\n","protected":false},"author":3,"featured_media":0,"parent":0,"menu_order":0,"comment_status":"closed","ping_status":"closed","template":"","meta":{"footnotes":""},"class_list":["post-31861","page","type-page","status-publish","hentry"],"_links":{"self":[{"href":"https:\/\/www.logopediadomicilio.es\/ca\/wp-json\/wp\/v2\/pages\/31861","targetHints":{"allow":["GET"]}}],"collection":[{"href":"https:\/\/www.logopediadomicilio.es\/ca\/wp-json\/wp\/v2\/pages"}],"about":[{"href":"https:\/\/www.logopediadomicilio.es\/ca\/wp-json\/wp\/v2\/types\/page"}],"author":[{"embeddable":true,"href":"https:\/\/www.logopediadomicilio.es\/ca\/wp-json\/wp\/v2\/users\/3"}],"replies":[{"embeddable":true,"href":"https:\/\/www.logopediadomicilio.es\/ca\/wp-json\/wp\/v2\/comments?post=31861"}],"version-history":[{"count":3,"href":"https:\/\/www.logopediadomicilio.es\/ca\/wp-json\/wp\/v2\/pages\/31861\/revisions"}],"predecessor-version":[{"id":31866,"href":"https:\/\/www.logopediadomicilio.es\/ca\/wp-json\/wp\/v2\/pages\/31861\/revisions\/31866"}],"wp:attachment":[{"href":"https:\/\/www.logopediadomicilio.es\/ca\/wp-json\/wp\/v2\/media?parent=31861"}],"curies":[{"name":"wp","href":"https:\/\/api.w.org\/{rel}","templated":true}]}}