{"id":31871,"date":"2021-01-23T15:47:21","date_gmt":"2021-01-23T15:47:21","guid":{"rendered":"https:\/\/www.logopediadomicilio.es\/disfonia-intervencio-en-logopedia\/alteracions-de-la-veu-en-el-professorat-prevencio-i-intervencio\/"},"modified":"2021-11-08T11:30:02","modified_gmt":"2021-11-08T11:30:02","slug":"alteracions-de-la-veu-en-el-professorat-prevencio-i-intervencio","status":"publish","type":"page","link":"https:\/\/www.logopediadomicilio.es\/ca\/disfonia-intervencio-en-logopedia\/alteracions-de-la-veu-en-el-professorat-prevencio-i-intervencio\/","title":{"rendered":"Alteracions de la veu en el professorat, prevenci\u00f3 i intervenci\u00f3"},"content":{"rendered":"<div class=\"wpb-content-wrapper\"><p>[vc_row][vc_column][vc_row_inner][vc_column_inner width=&#8221;1\/2&#8243;][vc_single_image image=&#8221;31583&#8243; img_size=&#8221;430&#215;279&#8243; alignment=&#8221;center&#8221; onclick=&#8221;link_image&#8221;][\/vc_column_inner][vc_column_inner width=&#8221;1\/2&#8243;][vc_single_image image=&#8221;31585&#8243; img_size=&#8221;430&#215;279&#8243; alignment=&#8221;center&#8221; onclick=&#8221;link_image&#8221;][\/vc_column_inner][\/vc_row_inner]<h2 class=\"box-header large margin-top-30\">Alteraciones de la voz en el profesorado<\/h2>[vc_column_text el_class=&#8221;large margin-top-20&#8243;]La veu \u00e9s el mitj\u00e0 de comunicaci\u00f3 de l&#8217;\u00e9sser hum\u00e0. i ha algunes professions, com mestres, professors o docents en general, que exigeixen un especial \u00fas de la veu ja que \u00e9s el seu instrument de treball. Sovint, aquests professionals ignoren el mecanisme i les funcions del sistema fonador i la utilitzen durant les jornades docents exposant-se a un risc de sobrec\u00e0rrega o sobreesfor\u00e7 vocal que pot perjudicar la capacitat pel seu exercici professional.<\/p>\n<p>L&#8217;\u00fas professional de la veu implica una c\u00e0rrega vocal excessiva que sol derivar en un desgast o lesions de l&#8217;aparell fonador. La c\u00e0rrega vocal es defineix per 5 factors relacionats directament amb l&#8217;\u00fas de la veu: el temps de fonaci\u00f3 durant la jornada de treball; el nivell d&#8217;intensitat utilitzat (intensitat alta); el to mitj\u00e0 de veu parlada (to inadequat); el nivell de soroll ambiental (superior a 55 dB), i un temps de descans vocal limitat. La sobrec\u00e0rrega vocal a la qual se sotmet un professor sol donar lloc a adaptacions funcionals inadequades (especialment hiperfuncionals o hipercin\u00e8tiques) que en alguns casos arriben a ocasionar lesions lar\u00edngs estructurals d&#8217;origen funcional.<\/p>\n<p>A m\u00e9s, hi ha altres factors que incideixen indirectament en la veu i augmenten el risc de disfonia: l&#8217;estr\u00e8s o altres factors psicol\u00f2gics, altres condicions de salut que incideixen en la veu (debilitat general, malaltia, etc.), h\u00e0bits perjudicials (fumar, falta d&#8217;hidrataci\u00f3, alimentaci\u00f3 inadequada, vida sedent\u00e0ria, son insuficient, etc.).<\/p>\n<p>Totes aquestes condicions impliquen que en la majoria dels casos es produeixi alguna alteraci\u00f3 de la veu durant algun moment de la seva carrera professional, ja sigui de forma ocasional o transit\u00f2ria, comen\u00e7ant amb alguns signes d&#8217;alarma: alteraci\u00f3 o p\u00e8rdua de la veu durant m\u00e9s de dues setmanes sense que hi hagi cap vinculaci\u00f3 amb una malaltia catarral, bronquial o pulmonar; tenir picor, sequedat i \/ o dolor a la zona posterior de la boca; agulletes i \/ o tensi\u00f3 a l&#8217;altura de la laringe o m\u00fasculs propers, voler raspar\/gargamellejar cont\u00ednuament, necessitat d&#8217;invertir molta energia per parlar o augmentar el volum perqu\u00e8 sin\u00f3 &#8220;la veu no surt&#8221;, sent complicades les converses en ambients sorollosos; perdre la veu a mesura que passa la setmana encara que es recuperi en per\u00edodes de descans o perdre registre tonal al cantar. Si no s\u00f3n &#8220;escoltats&#8221; derivaran en lesions org\u00e0niques (patologia nodular, els problemes relacionats amb les disfonies hiperfuncionants, l&#8217;edema de Reinke i el p\u00f2lip laringi) que impliquen una actuaci\u00f3 m\u00e8dica m\u00e9s en\u00e8rgica, l&#8217;aplicaci\u00f3 d&#8217;intervencions quir\u00fargiques en determinats casos i una reeducaci\u00f3 m\u00e9s laboriosa per part del logopeda.<\/p>\n<p><strong>Prevenci\u00f3 i intervenci\u00f3 de les alteracions de la veu en el professorat per part del logopeda.<\/strong><\/p>\n<p>Per evitar alteracions de la veu en el docent \u00e9s imprescindible que aquests coneguin els mecanismes de la fonaci\u00f3 i els recursos de la veu, i aix\u00ed prendre consci\u00e8ncia dels seus propis h\u00e0bits, per corregir-los mitjan\u00e7ant l&#8217;exercici i l&#8217;automatitzaci\u00f3 dels mecanismes m\u00e9s adequats per aconseguir un major rendiment de les qualitats sonores evitant el cansament vocal.<\/p>\n<p>Com a mesura preventiva cal que es coneguin mesures d&#8217;higiene vocal i s&#8217;intentin controlar els factors ambientals, per a aix\u00f2 es recomana:<\/p>\n<ul>\n<li>Evitar els ambients carregats de fum i pols, ja que irriten i produeixen sequedat a la mucosa.<\/li>\n<li>Observar els canvis climatol\u00f2gics i controlar els ambients amb aire condicionat o amb exc\u00e9s de calefacci\u00f3. Evitar canvis bruscs de temperatura.<\/li>\n<li>Humidificar l&#8217;ambient quan hi hagi calefacci\u00f3, col\u00b7locant un recipient d&#8217;aigua sobre el radiador.<\/li>\n<li>Tenir cura de les emanacions d&#8217;olors fortes o de l&#8217;exposici\u00f3 a productes qu\u00edmics, productes de neteja, pintures, etc.<\/li>\n<li>Millorar l&#8217;ac\u00fastica dels espais tancats en els centres de nova creaci\u00f3.<\/li>\n<li>Controlar i reduir el soroll ambiental en la mesura del possible.<\/li>\n<\/ul>\n<p>Algunes mesures d&#8217;higiene vocal i recomanacions en l&#8217;\u00fas de la veu s\u00f3n:<\/p>\n<ul>\n<li>No fumar ni beure, ja que es tracta d&#8217;agents nocius per a la mucosa de la laringe i causen una forta irritaci\u00f3, fins al punt de produir que els plecs vocals perdin mobilitat.<\/li>\n<li>Evitar els picants i els \u00e0pats abundants si despr\u00e9s d&#8217;aquests es far\u00e0 un \u00fas professional de la veu. Tenir una alimentaci\u00f3 equilibrada, que contingui vitamines A, B, E, D i C per evitar el reflux que pot irritar les cordes vocals.<\/li>\n<li>No prendre begudes excessivament fredes ni calentes, sin\u00f3 naturals i temperades.<\/li>\n<li>Evitar els caramels de menta ja que ressequen la mucosa. S\u00f3n preferibles els c\u00edtrics o de malv\u00ed.<\/li>\n<li>Hidratar-se adequadament: beure aigua amb freq\u00fc\u00e8ncia durant l&#8217;activitat laboral.<\/li>\n<li>Mantenir un ritme regular de son.<\/li>\n<li>Controlar la postura dura: No girar el coll al parlar mentre s&#8217;escriu a la pissarra, evitar &#8220;postures rares&#8221; o fer esfor\u00e7os mentre es parla.<\/li>\n<li>Demanar la col\u00b7laboraci\u00f3 de l&#8217;alumnat i dels companys de treball.<\/li>\n<li>Atendre els &#8220;signes i s\u00edmptomes d&#8217;alarma&#8221; per acudir als professionals com m\u00e9s aviat millor.<\/li>\n<li>No for\u00e7ar la veu per sobre del nivell de soroll ambiental. Ajuda&#8217;t de mesures t\u00e8cniques d&#8217;amplificaci\u00f3 si cal.<\/li>\n<li>No for\u00e7ar la veu quan es pateixen processos patol\u00f2gics a la faringe o en estats d&#8217;esgotament f\u00edsic i \/ o mental.<\/li>\n<li>Evitar els abusos extralaborals de la veu. Fer rep\u00f2s vocal despr\u00e9s de la jornada laboral.<\/li>\n<li>Aprendre una t\u00e8cnica vocal i de control emocional adequada, intentant dominar les situacions sense un continu i excessiu esfor\u00e7 vocal.<\/li>\n<li>Aprendre a controlar les pauses adequadament quan es parla.<\/li>\n<li>Realitzar exercicis d'&#8221;escalfament&#8221; pels articuladors de la veu.<\/li>\n<\/ul>\n<p>Un cop controlat l&#8217;entorn i els factors de risc \u00e9s imprescindible acudir al logopeda per procedir amb la reeducaci\u00f3 de la veu. Amb la reeducaci\u00f3 logop\u00e8dica es pret\u00e9n aconseguir un \u00fas correcte de la veu des del coneixement de la t\u00e8cnica vocal precisa fins arribar a la utilitzaci\u00f3 de la mateixa, primer conscientment i despr\u00e9s autom\u00e0ticament.<\/p>\n<p>El treball vocal es basa en despertar sensacions propioceptives correctes per anar modelant un esquema corporal-vocal. Per a aix\u00f2 ens centrarem en:<\/p>\n<ol>\n<li>Adquirir coneixements b\u00e0sics sobre com \u00e9s i com funciona la laringe, el mecanisme respiratori i el mecanisme ressonador. A m\u00e9s de proporcionar els recursos i habilitats necess\u00e0ries per a identificar la utilitzaci\u00f3 de la pr\u00f2pia veu i recon\u00e8ixer patrons o usos inadequats i \/ o abusius de la mateixa.<\/li>\n<li>Controlar la relaxaci\u00f3 de diverses parts del cos, especialment de les espatlles, t\u00f2rax, cara i clatell, i aconseguir l&#8217;equilibri adequat entre totes elles.<\/li>\n<li>Experimentar la sensaci\u00f3 de suport que la respiraci\u00f3 costo-diafragm\u00e0tica-abdominal atorga a la veu, i l&#8217;ocupaci\u00f3 dels m\u00fasculs abdominals.<\/li>\n<li>Adquirir una articulaci\u00f3 precisa de vocals i consonants, que ajudaran a que l&#8217;emissi\u00f3 de la veu sigui clara i concisa, mantenint amb flexibilitat la mobilitat de la mand\u00edbula i la llengua.<\/li>\n<li>L&#8217;adquisici\u00f3 d&#8217;una bona t\u00e8cnica vocal, definida com el coneixement i la pr\u00e0ctica d&#8217;una correcta emissi\u00f3 vocal, sense esfor\u00e7, mantenint el to i controlant el volum segons les necessitats. Exercitant els par\u00e0metres de la veu: intensitat, to i timbre. En definitiva, els exercicis es centraran en: el control postural, relaxaci\u00f3 general i espec\u00edfica, respiraci\u00f3 costo-driafragm\u00e1tica i la seva coordinaci\u00f3 amb la fonaci\u00f3, \u00fas de ressonadors, millorar la impostaci\u00f3 vocal, evitar l&#8217;atac vocal, controlar el ritme, l&#8217;articulaci\u00f3, l&#8217;extensi\u00f3 tonal i la projecci\u00f3 de la veu.<\/li>\n<\/ol>\n<p>[\/vc_column_text][\/vc_column][\/vc_row][vc_row css=&#8221;.vc_custom_1594477523392{margin-top: 50px !important;background-color: rgba(232,241,255,0.59) !important;*background-color: rgb(232,241,255) !important;}&#8221;][vc_column css=&#8221;.vc_custom_1579881017377{border-radius: 5px !important;}&#8221;][vc_row_inner][vc_column_inner width=&#8221;1\/4&#8243;][vc_single_image image=&#8221;30598&#8243; alignment=&#8221;center&#8221; style=&#8221;vc_box_outline_circle_2&#8243; css=&#8221;.vc_custom_1611416694392{margin-top: 15px !important;margin-bottom: 15px !important;}&#8221;][vc_column_text]<\/p>\n<p style=\"text-align: center;\">Sandra Feli\u00fa<\/p>\n<p>[\/vc_column_text][\/vc_column_inner][vc_column_inner width=&#8221;3\/4&#8243;][vc_column_text css_animation=&#8221;fadeInUp&#8221; css=&#8221;.vc_custom_1611417244799{margin-top: 25px !important;margin-bottom: 25px !important;padding-top: 30px !important;padding-right: 30px !important;padding-bottom: 30px !important;padding-left: 30px !important;background-color: rgba(232,241,255,0.59) !important;*background-color: rgb(232,241,255) !important;border-radius: 5px !important;}&#8221;]<strong>Bibliografia.<\/strong><\/p>\n<ul>\n<li>Dom\u00ednguez-Alonso, J et al (2019). Perturbaci\u00f3n de la voz en docentes. Rev Esp Salud P\u00fablica. 2019; Vol. 93: 9 de agosto e1-13.<\/li>\n<li>Castej\u00f3n Fern\u00e1ndez, L (2012). Prevenci\u00f3n de disfon\u00edas funcionales en el profesorado universitario: tres niveles de acci\u00f3n preventiva. Instituto de Ciencias de la Educaci\u00f3n de la Universidad de Oviedo. Publicado por Elsevier Espa\u00f1a, S.L.<\/li>\n<\/ul>\n<p><strong>Webografia.<\/strong><\/p>\n<ul>\n<li><a href=\"https:\/\/www.infosalus.com\/salud-investigacion\/noticia-signos-alarma-disfonia-20170124140014.html\"><strong>https:\/\/www.infosalus.com\/salud-investigacion\/noticia-signos-alarma-disfonia-20170124140014.html<\/strong><\/a><\/li>\n<li><a href=\"https:\/\/www.vozalia.com\/blog\/disfonia-del-docente-consejos-para-cuidar-la-voz-y-evitar-la-disfonia-docente\/\"><strong>https:\/\/www.vozalia.com\/blog\/disfonia-del-docente-consejos-para-cuidar-la-voz-y-evitar-la-disfonia-docente\/<\/strong><\/a><\/li>\n<li><a href=\"https:\/\/www.juntadeandalucia.es\/empleo\/webiaprl\/ladep\/sites\/es.empleo.webiaprl.ladep\/files\/recursos\/documentacion_normativa\/vozRanchal.pdf\"><strong>https:\/\/www.juntadeandalucia.es\/empleo\/webiaprl\/ladep\/sites\/es.empleo.webiaprl<\/strong><\/a><\/li>\n<li><a href=\"https:\/\/nanopdf.com\/download\/importancia-de-la-voz-en-la-profesion-docente_pdf\"><strong>https:\/\/nanopdf.com\/download\/importancia-de-la-voz-en-la-profesion-docente_pdf<\/strong><\/a><\/li>\n<\/ul>\n<p>[\/vc_column_text][\/vc_column_inner][\/vc_row_inner][\/vc_column][\/vc_row][vc_row][vc_column]<h2 class=\"box-header large align-center page-margin-top-section\">Un proceso simple y eficaz<\/h2>[vc_row_inner top_margin=&#8221;page-margin-top&#8221; el_class=&#8221;flex-box&#8221;][vc_column_inner width=&#8221;1\/3&#8243;]<div class=\"info-box features-phone animated-element animation-fadeIn\"><h3>Contacte<\/h3><p>Contacti amb nosaltres per ampliar la informaci\u00f3 dels nostres serveis i exposar el seu cas.<\/p><\/div><div class=\"arrow-container animated-element animation-slideRight\"><span class=\"arrow template-arrow-horizontal-4-after arrow-light\"><\/span><\/div>[\/vc_column_inner][vc_column_inner width=&#8221;1\/3&#8243;]<div class=\"info-box features-doctor animated-element animation-slideRight duration-800 delay-600\"><h3>Diagn\u00f2stic i Tractament<\/h3><p>El primer pas \u00e9s realitzar un bon diagn\u00f2stic (si no es disposa d&#8217;ell) i a posteriori ja podrem comen\u00e7ar el tractament.<\/p><\/div><div class=\"arrow-container animated-element animation-slideRight duration-800 delay-1050\"><span class=\"arrow template-arrow-horizontal-4-after arrow-dark\"><\/span><\/div>[\/vc_column_inner][vc_column_inner width=&#8221;1\/3&#8243;]<div class=\"info-box features-people\"><h3>Recuperaci\u00f3<\/h3><p>ALTA del servei quan s&#8217;aconsegueixen els objectius proposats inicialment.<\/p><\/div>[\/vc_column_inner][\/vc_row_inner]<h2 class=\"box-header large align-center page-margin-top-section\">\u00c1reas en las que ofrecemos tratamientos<\/h2>[vc_row_inner top_margin=&#8221;page-margin-top-section&#8221;][vc_column_inner width=&#8221;1\/2&#8243;]<ul class=\"clearfix mc-features mc-features-small mc-features-style-default\"><li class=\"item-content clearfix\">\r\n\t\t\t\t<a class=\"hexagon small\" href=\"https:\/\/www.logopediadomicilio.es\/ca\/servicio\/logopedia-infantil\/\" title=\"Logop\u00e8dia infantil\"><span class=\"features-baby-bed\"><\/span><\/a><div class=\"text\"><h3><a href=\"https:\/\/www.logopediadomicilio.es\/ca\/servicio\/logopedia-infantil\/\"  title=\"Logop\u00e8dia infantil\">Logop\u00e8dia infantil<\/a><\/h3><p>Atenci\u00f3 logop\u00e8dica les dificultats en el llenguatge oral i escrit, aix\u00ed com pel que fa a el desenvolupament orofacial.<\/p>\n<\/div>\r\n\t\t\t<\/li><li class=\"item-content clearfix\">\r\n\t\t\t\t<a class=\"hexagon small\" href=\"https:\/\/www.logopediadomicilio.es\/ca\/servicio\/neurologopedia\/\" title=\"Neurologop\u00e8dia\"><span class=\"features-brain\"><\/span><\/a><div class=\"text\"><h3><a href=\"https:\/\/www.logopediadomicilio.es\/ca\/servicio\/neurologopedia\/\"  title=\"Neurologop\u00e8dia\">Neurologop\u00e8dia<\/a><\/h3><p>Tractament logop\u00e8dic de les alteracions del llenguatge i la degluci\u00f3 degudes a ictus, traumatismes cranioencef\u00e0lics i malalties neurodegeneratives.<\/p>\n<\/div>\r\n\t\t\t<\/li><\/ul>[\/vc_column_inner][vc_column_inner width=&#8221;1\/2&#8243;]<ul class=\"clearfix mc-features mc-features-small mc-features-style-default\"><li class=\"item-content clearfix\">\r\n\t\t\t\t<a class=\"hexagon small\" href=\"https:\/\/www.logopediadomicilio.es\/ca\/servicio\/alteracions-de-la-veu\/\" title=\"Alteracions de la veu\"><span class=\"features-people\"><\/span><\/a><div class=\"text\"><h3><a href=\"https:\/\/www.logopediadomicilio.es\/ca\/servicio\/alteracions-de-la-veu\/\"  title=\"Alteracions de la veu\">Alteracions de la veu<\/a><\/h3><p>Atenci\u00f3 logop\u00e8dica en les disfonies funcionals i org\u00e0niques, tant en poblaci\u00f3 infantil com adulta i en malalties neurodegeneratives.<\/p>\n<\/div>\r\n\t\t\t<\/li><li class=\"item-content clearfix\">\r\n\t\t\t\t<a class=\"hexagon small\" href=\"https:\/\/www.logopediadomicilio.es\/ca\/servicio\/terapia-miofuncional\/\" title=\"Ter\u00e0pia miofuncional\"><span class=\"features-list\"><\/span><\/a><div class=\"text\"><h3><a href=\"https:\/\/www.logopediadomicilio.es\/ca\/servicio\/terapia-miofuncional\/\"  title=\"Ter\u00e0pia miofuncional\">Ter\u00e0pia miofuncional<\/a><\/h3><p>La ter\u00e0pia miofuncional tracta les alteracions en el funcionament orofacial, com la degluci\u00f3 at\u00edpica, alteracions de l&#8217;ATM, entre d&#8217;altres.<\/p>\n<\/div>\r\n\t\t\t<\/li><\/ul>[\/vc_column_inner][\/vc_row_inner][vc_separator color=&#8221;peacoc&#8221; el_width=&#8221;40&#8243; css=&#8221;.vc_custom_1582465485534{margin-top: 25px !important;margin-bottom: 25px !important;}&#8221;]<h2 class=\"box-header large align-center no-border page-margin-top-section\">Ll\u00e1menos por tel\u00e9fono:<\/h2>[vc_row_inner][vc_column_inner][vc_column_text css_animation=&#8221;fadeInDown&#8221;]<\/p>\n<h2 style=\"text-align: center;\"><span style=\"color: #3366ff;\"><a style=\"color: #3366ff;\" href=\"tel:931001485\">931001485<\/a><\/span> (Barcelona) \/\u00a0<span style=\"color: #3366ff;\"><a style=\"color: #3366ff;\" href=\"tel:910911285\">910911285<\/a><\/span> (Madrid) \/ <span style=\"color: #3366ff;\"><a style=\"color: #3366ff;\" href=\"tel:960011185\">960011185<\/a><\/span> (Val\u00e8ncia)<\/h2>\n<p>[\/vc_column_text][\/vc_column_inner][\/vc_row_inner][vc_column_text el_class=&#8221;large align-center margin-top-20&#8243;]O, si ho preferiu, envieu-nos un formulari:[\/vc_column_text]\n<div class=\"wpcf7 no-js\" id=\"wpcf7-f31455-o1\" lang=\"ca\" dir=\"ltr\" data-wpcf7-id=\"31455\">\n<div class=\"screen-reader-response\"><p role=\"status\" aria-live=\"polite\" aria-atomic=\"true\"><\/p> <ul><\/ul><\/div>\n<form action=\"\/ca\/wp-json\/wp\/v2\/pages\/31871#wpcf7-f31455-o1\" method=\"post\" class=\"wpcf7-form init\" aria-label=\"Formulari de contacte\" novalidate=\"novalidate\" data-status=\"init\">\n<fieldset class=\"hidden-fields-container\"><input type=\"hidden\" name=\"_wpcf7\" value=\"31455\" \/><input type=\"hidden\" name=\"_wpcf7_version\" value=\"6.1.5\" \/><input type=\"hidden\" name=\"_wpcf7_locale\" value=\"ca\" \/><input type=\"hidden\" name=\"_wpcf7_unit_tag\" value=\"wpcf7-f31455-o1\" \/><input type=\"hidden\" name=\"_wpcf7_container_post\" value=\"0\" \/><input type=\"hidden\" name=\"_wpcf7_posted_data_hash\" value=\"\" \/><input type=\"hidden\" name=\"_wpcf7_recaptcha_response\" value=\"\" \/>\n<\/fieldset>\n<div class=\"form-row\">\n\t<div class=\"column-half\">\n\t\t<p><label> Nom (obligatori)<br \/>\n<span class=\"wpcf7-form-control-wrap\" data-name=\"your-name\"><input size=\"40\" maxlength=\"400\" class=\"wpcf7-form-control wpcf7-text wpcf7-validates-as-required\" aria-required=\"true\" aria-invalid=\"false\" value=\"\" type=\"text\" name=\"your-name\" \/><\/span> <\/label>\n\t\t<\/p>\n\t<\/div>\n\t<div class=\"column-half\">\n\t\t<p><label> Correu electr\u00f2nic (obligatori)<br \/>\n<span class=\"wpcf7-form-control-wrap\" data-name=\"your-email\"><input size=\"40\" maxlength=\"400\" class=\"wpcf7-form-control wpcf7-email wpcf7-validates-as-required wpcf7-text wpcf7-validates-as-email\" aria-required=\"true\" aria-invalid=\"false\" value=\"\" type=\"email\" name=\"your-email\" \/><\/span> <\/label>\n\t\t<\/p>\n\t<\/div>\n<\/div>\n<div class=\"column-half\">\n\t<p><label> Tel\u00e8fon<br \/>\n<span class=\"wpcf7-form-control-wrap\" data-name=\"tel-165\"><input size=\"40\" maxlength=\"400\" class=\"wpcf7-form-control wpcf7-tel wpcf7-text wpcf7-validates-as-tel\" aria-invalid=\"false\" value=\"\" type=\"tel\" name=\"tel-165\" \/><\/span> <\/label>\n\t<\/p>\n<\/div>\n<div class=\"column-half\">\n\t<p><label> Localitat (obligatorio)<br \/>\n<span class=\"wpcf7-form-control-wrap\" data-name=\"localidad\"><input size=\"40\" maxlength=\"400\" class=\"wpcf7-form-control wpcf7-text wpcf7-validates-as-required\" aria-required=\"true\" aria-invalid=\"false\" value=\"\" type=\"text\" name=\"localidad\" \/><\/span> <\/label>\n\t<\/p>\n<\/div>\n<p><label> Missatge<br \/>\n<span class=\"wpcf7-form-control-wrap\" data-name=\"your-message\"><textarea cols=\"40\" rows=\"10\" maxlength=\"2000\" class=\"wpcf7-form-control wpcf7-textarea\" aria-invalid=\"false\" name=\"your-message\"><\/textarea><\/span> <\/label>\n<\/p>\n<p><input class=\"wpcf7-form-control wpcf7-submit has-spinner\" type=\"submit\" value=\"Enviar formulari\" \/>\n<\/p><div class=\"wpcf7-response-output\" aria-hidden=\"true\"><\/div>\n<\/form>\n<\/div>\n[\/vc_column][\/vc_row]<\/p>\n<\/div>","protected":false},"excerpt":{"rendered":"<p>[vc_row][vc_column][vc_row_inner][vc_column_inner width=&#8221;1\/2&#8243;][vc_single_image image=&#8221;31583&#8243; img_size=&#8221;430&#215;279&#8243; alignment=&#8221;center&#8221; onclick=&#8221;link_image&#8221;][\/vc_column_inner][vc_column_inner width=&#8221;1\/2&#8243;][vc_single_image image=&#8221;31585&#8243; img_size=&#8221;430&#215;279&#8243; alignment=&#8221;center&#8221; onclick=&#8221;link_image&#8221;][\/vc_column_inner][\/vc_row_inner][vc_column_text el_class=&#8221;large margin-top-20&#8243;]La veu \u00e9s el mitj\u00e0 de comunicaci\u00f3 de l&#8217;\u00e9sser hum\u00e0. i ha algunes professions, com mestres, professors o docents en general, que exigeixen un especial \u00fas de la veu ja que \u00e9s el seu instrument de treball. Sovint, aquests professionals ignoren el mecanisme<\/p>\n","protected":false},"author":2,"featured_media":0,"parent":31848,"menu_order":0,"comment_status":"closed","ping_status":"closed","template":"","meta":{"footnotes":""},"class_list":["post-31871","page","type-page","status-publish","hentry"],"_links":{"self":[{"href":"https:\/\/www.logopediadomicilio.es\/ca\/wp-json\/wp\/v2\/pages\/31871","targetHints":{"allow":["GET"]}}],"collection":[{"href":"https:\/\/www.logopediadomicilio.es\/ca\/wp-json\/wp\/v2\/pages"}],"about":[{"href":"https:\/\/www.logopediadomicilio.es\/ca\/wp-json\/wp\/v2\/types\/page"}],"author":[{"embeddable":true,"href":"https:\/\/www.logopediadomicilio.es\/ca\/wp-json\/wp\/v2\/users\/2"}],"replies":[{"embeddable":true,"href":"https:\/\/www.logopediadomicilio.es\/ca\/wp-json\/wp\/v2\/comments?post=31871"}],"version-history":[{"count":3,"href":"https:\/\/www.logopediadomicilio.es\/ca\/wp-json\/wp\/v2\/pages\/31871\/revisions"}],"predecessor-version":[{"id":31874,"href":"https:\/\/www.logopediadomicilio.es\/ca\/wp-json\/wp\/v2\/pages\/31871\/revisions\/31874"}],"up":[{"embeddable":true,"href":"https:\/\/www.logopediadomicilio.es\/ca\/wp-json\/wp\/v2\/pages\/31848"}],"wp:attachment":[{"href":"https:\/\/www.logopediadomicilio.es\/ca\/wp-json\/wp\/v2\/media?parent=31871"}],"curies":[{"name":"wp","href":"https:\/\/api.w.org\/{rel}","templated":true}]}}