{"id":31957,"date":"2018-10-19T10:38:40","date_gmt":"2018-10-19T10:38:40","guid":{"rendered":"https:\/\/www.logopediadomicilio.es\/avis-legal-i-politica-de-privadesa\/"},"modified":"2022-01-18T21:16:22","modified_gmt":"2022-01-18T21:16:22","slug":"avis-legal-i-politica-de-privadesa","status":"publish","type":"page","link":"https:\/\/www.logopediadomicilio.es\/ca\/avis-legal-i-politica-de-privadesa\/","title":{"rendered":"Av\u00eds legal i pol\u00edtica de privadesa"},"content":{"rendered":"<h2>Av\u00eds legal i pol\u00edtica de privadesa<\/h2>\n<p>En compliment de la Llei 34\/2002, d&#8217;11 de juliol, de serveis de la societat de la informaci\u00f3 i de<br \/>\nComer\u00e7 Electr\u00f2nic, us informem que Marc Giner d&#8217;ON PSICOLOGIA S.C.P, amb domicili a EN RAMBLA 62 2n PIS,08201.i CIF J-65847113 \u00e9s titular d&#8217;aquest lloc web.<\/p>\n<h3><strong>FINALITAT DEL TRACTAMENT DE LES DADES PERSONALS<\/strong><\/h3>\n<p>La nostra empresa de conformitat amb el que estableix la Llei de Protecci\u00f3 de Dades de Car\u00e0cter Personal i Reglament UE 2016\/679, en cas que ens envieu algun correu electr\u00f2nic a l&#8217;adre\u00e7a indicada a la mateixa, o ompliu algun formulari de recollida de dades, us informem que les dades de car\u00e0cter personal que ens proporcioneu, seran registrades al fitxer del que \u00e9s responsable ON PSICOLOGIA SCP, amb la finalitat de gestionar la vostra consulta, oferir-vos els nostres productes i serveis, mantenir una relaci\u00f3 comercial, aix\u00ed com per a l&#8217;enviament per qualsevol mitj\u00e0, fins i tot per correu electr\u00f2nic o altres mitjans de comunicaci\u00f3 electr\u00f2nica equivalents, informacions publicit\u00e0ries o promocionals sobre els productes o serveis de l&#8217;Empresa, havent-ne sol\u00b7licitat pr\u00e8viament el consentiment.<\/p>\n<p>&nbsp;<\/p>\n<p>ON PSICOLOGIA S.C.P. declara haver adoptat totes les mesures de seguretat necess\u00e0ries i adequades al que estableixen el Reglament UE 2016\/679 i el Reial decret 1720\/2007, de 21 de desembre, pel qual s&#8217;aprova el Reglament de desenvolupament de la LOPD i ha establert tots els mitjans t\u00e8cnics al seu abast amb la intenci\u00f3 d&#8217;evitar la p\u00e8rdua, mal \u00fas, alteraci\u00f3, acc\u00e9s no autoritzat o robatori de les dades que faciliteu.<\/p>\n<h3>TERMINI DE CONSERVACI\u00d3 DE LES DADES PERSONALS<\/h3>\n<p>Les dades es conservaran per un per\u00edode de temps que no excedir\u00e0 del termini necessari per a les finalitats per a les quals les dades esmentades van ser recollides.<\/p>\n<p>Criteris de conservaci\u00f3 de les dades: es conservaran durant el termini que marqui la Llei, mentre hi hagi un inter\u00e8s mutu per mantenir la fi del tractament i quan ja no sigui necessari per a tal fi, mentre que es mantingui la relaci\u00f3 contractual, mentre no se sol\u00b7liciti la seva supressi\u00f3 per linteressat i no hagin deliminar-se per ser necessaris per al compliment duna obligaci\u00f3 legal o per la formulaci\u00f3, exercici i defensa de reclamacions. Se suprimiran amb mesures de seguretat adequades per garantir la pseudonimitzaci\u00f3 de les dades o la seva destrucci\u00f3 total.<\/p>\n<p>Si l&#8217;Usuari revoca el seu consentiment o exercita els drets de cancel\u00b7laci\u00f3 o supressi\u00f3, les dades personals es conservaran bloquejades a disposici\u00f3 de l&#8217;Administraci\u00f3 de Just\u00edcia durant els terminis establerts legalment per atendre les possibles responsabilitats nascudes del tractament dels mateixos. Posteriorment se suprimiran amb mesures de seguretat adequades per garantir la pseudonimitzaci\u00f3 de les dades o la seva destrucci\u00f3 total.<\/p>\n<h3>LEGITIMACI\u00d3 PER AL TRACTAMENT DE LES DADES PERSONALS<\/h3>\n<p>ON PSICOLOGIA S.C.P. es troba legitimada per dur a terme el tractament de les dades personals segons:<\/p>\n<p>El client ha aportat les vostres dades personals per a relacions precontractuals o contractuals. L&#8217;Usuari o client ha prestat el consentiment informat per a l&#8217;enviament de comunicacions comercials, per a la instal\u00b7laci\u00f3 de sistemes de seguiment que informen sobre h\u00e0bits de navegaci\u00f3 segons la Pol\u00edtica de Cookies, o per a l&#8217;enviament d&#8217;informaci\u00f3 requerida a trav\u00e9s de formularis de contacte.<\/p>\n<p>Hi ha obligacions legals que requereixen el tractament de les dades personals, dacord amb els serveis prestats.<\/p>\n<h3>CESSIONS I DESTINATARIS DE LES DADES PERSONALS<\/h3>\n<p>Totes les cessions que s&#8217;indiquen a continuaci\u00f3 resulten necess\u00e0ries per al compliment de les finalitats assenyalades anteriorment, o b\u00e9 es duen a terme en compliment d&#8217;una obligaci\u00f3 legal. Les dades personals podran ser cedides a:<\/p>\n<p>Les administracions p\u00fabliques i l&#8217;administraci\u00f3 de just\u00edcia.<\/p>\n<p>Els prove\u00efdors de serveis inform\u00e0tics, fins i tot serveis de \u201ccomputaci\u00f3 al n\u00favol\u201d.<\/p>\n<p>&nbsp;<\/p>\n<h3>DRETS DELS INTERESSATS<\/h3>\n<p>Els Usuaris\/clients poden exercitar davant ON PSICOLOGIA S.C.P. els drets dacc\u00e9s, rectificaci\u00f3 o supressi\u00f3, limitaci\u00f3 del seu tractament, oposici\u00f3, portabilitat, ia oposar-se a decisions individuals automatitzades. Aix\u00ed mateix, podran revocar-ne el consentiment en cas que l&#8217;hagin atorgat per a alguna finalitat espec\u00edfica, podent modificar-ne les prefer\u00e8ncies en tot moment.<\/p>\n<p>Podran exercitar-se a trav\u00e9s del correu electr\u00f2nic info@logopediadomicilio.es oa la seg\u00fcent adre\u00e7a; RAMBLA 62 2n PIS,08201. S&#8217;informa a l&#8217;usuari que pot adre\u00e7ar qualsevol tipus de reclamaci\u00f3 en mat\u00e8ria de protecci\u00f3 de dades personals a l&#8217;Ag\u00e8ncia Espanyola de Protecci\u00f3 de Dades www.agpd.es, Autoritat de Control de l&#8217;Estat espanyol.<\/p>\n<p>&nbsp;<\/p>\n<h3>DADES DE MENORS<\/h3>\n<p>La nostra empresa no demanar\u00e0 ni tractar\u00e0 dades personals de menors de 16 anys, sense donar ple compliment als requisits establerts a la normativa aplicable de protecci\u00f3 de dades i el Reglament UE 679\/2016.<\/p>\n<p>El tractament de les dades personals d&#8217;un nen es considera l\u00edcit quan tingui com a m\u00ednim 16 anys. Si el nen \u00e9s menor de 16 anys, aquest tractament \u00fanicament es considerar\u00e0 l\u00edcit si el consentiment el va donar o autoritzar el titular de la p\u00e0tria potestat o tutela sobre el nen, i nom\u00e9s en la mesura que es va donar o autoritzar.<\/p>\n<h3>DADES PERSONALS DE TERCERS<\/h3>\n<p>En el cas que les dades personals aportades pertanyessin a un tercer, l&#8217;Usuari garanteix que ha informat el tercer d&#8217;aquesta Pol\u00edtica de Privadesa i ha obtingut la seva autoritzaci\u00f3 per facilitar les seves dades a ON PSICOLOGIA S.C.P amb les finalitats assenyalades. Igualment garanteix que les dades aportades s\u00f3n exactes i actualitzades, i \u00e9s responsable de qualsevol dany o perjudici, directe o indirecte, que pogu\u00e9s ocasionar-se com a conseq\u00fc\u00e8ncia de l&#8217;incompliment de tal obligaci\u00f3.<\/p>\n<h3>TRACTAMENT CURR\u00cdCULUM VITAE<\/h3>\n<p>Tal com indica el Reglament UE 2016\/679 aquells candidats que ens facilitin les seves dades sol\u00b7licitem el seu consentiment de forma clara en la recollida de les seves dades personals i els usos que els donarem. Per aquest motiu us facilitem la informaci\u00f3 de forma clara i concisa, indicant a m\u00e9s al candidat que podreu sol\u00b7licitar una c\u00f2pia de les vostres dades, les quals se us oferiran en un format estructurat.<\/p>\n<p>Respecte a la conservaci\u00f3 de les dades, nom\u00e9s guardarem dades que estiguin actualitzades, per la qual cosa en el cas que hi hagi CV que portin m\u00e9s de 24 mesos sense actualitzar, s&#8217;esborraran o bloquejaran per impedir-ne la lectura.<\/p>\n<p>La nostra empresa mant\u00e9 des de fa anys una rigorosa pol\u00edtica de privadesa amb les dades de les persones que han establert relacions amb nosaltres enviant-nos el seu curr\u00edculum vitae. La finalitat del tractament de les teves dades \u00e9s donar curs a la teva sol\u00b7licitud d&#8217;ocupaci\u00f3 i gestionar el possible proc\u00e9s de selecci\u00f3, cosa que pot incloure la participaci\u00f3 a diverses proves de selecci\u00f3.<\/p>\n<p>Per aix\u00f2, us comuniquem que les vostres dades han estat incloses en un manual de registres de tractaments, adoptant les mesures t\u00e8cniques i organitzatives pertinents, segons la normativa vigent per garantir la seguretat i integritat dels mateixos.<\/p>\n<p><strong>\u00a0<\/strong><\/p>\n<h3><strong>CONTINGUTS<\/strong><\/h3>\n<p>Tots els continguts inclosos a la p\u00e0gina web i en particular les marques, noms comercials, dissenys industrials, dissenys, textos, fotografies, gr\u00e0fics, logotips, icones, programari o qualsevol altre signe susceptible d&#8217;utilitzaci\u00f3 industrial i comercial estan protegits per drets de propietat industrial i intel\u00b7lectual de ON PSICOLOGIA SCP Queda per tant prohibida qualsevol utilitzaci\u00f3, i\/o reproducci\u00f3 dels mateixos sense consentiment expr\u00e9s de l&#8217;Empresa.<\/p>\n<p>ON PSICOLOGIA S.C.P. no ser\u00e0 responsable de la infracci\u00f3 dels drets de propietat intel\u00b7lectual o industrial de tercers que poguessin derivar-se de la inclusi\u00f3 a la P\u00e0gina Web de marques, noms comercials, dissenys industrials, patents, dissenys, textos, fotografies, gr\u00e0fics, logotips, icones o programari pertanyents a tercers que hagin declarat ser-ne titulars en incloure&#8217;ls a la P\u00e0gina Web.<\/p>\n<p>&nbsp;<\/p>\n<p>L&#8217;Usuari s&#8217;obliga a fer servir els continguts de la P\u00e0gina Web de forma diligent, correcta i l\u00edcita i es compromet a abstenir-se de:<\/p>\n<p>Utilitzar els continguts amb finalitats o efectes contraris a la llei, a la moral ia les bones<\/p>\n<p>costums oa lordre p\u00fablic.<\/p>\n<p>Reproduir, copiar, distribuir, permetre l&#8217;acc\u00e9s del p\u00fablic a trav\u00e9s de qualsevol modalitat de comunicaci\u00f3 p\u00fablica, transformar o modificar els continguts, llevat que es compti amb la corresponent autoritzaci\u00f3 del titular.<\/p>\n<p>Utilitzar els continguts de la P\u00e0gina Web per remetre publicitat, comunicacions amb finalitats de venda directa o amb qualsevol altra classe de finalitat comercial, missatges no sol\u00b7licitats dirigits a una pluralitat de persones amb independ\u00e8ncia de la seva finalitat, aix\u00ed com a abstenir-se de comercialitzar o divulgar de qualsevol manera aquesta informaci\u00f3.<\/p>\n<p>&nbsp;<\/p>\n<p>En cas de conflicte de qualsevol \u00edndole, les dues parts intentaran arribar a un acord pac\u00edfic. No sent possible, els Tribunals de Sabadell tindran la compet\u00e8ncia per con\u00e8ixer el cas, i no \u00e9s possible acudir a un altre fur per exercitar l&#8217;acci\u00f3.<\/p>\n<p>&nbsp;<\/p>\n<p><strong><em>Pol\u00edtica de Cookies \/ Cookie Policy \u2013 \u200b\u200bInformaci\u00f3 gen\u00e8rica:<\/em><\/strong><\/p>\n<p>En compliment de la Llei 34\/2002 de Serveis de la Societat de la Informaci\u00f3 i Comer\u00e7 Electr\u00f2nic LSSICE i les seves modificacions del Reial decret llei 13\/2012, de 30 de mar\u00e7, que afecten l&#8217;\u00fas de cookies i els enviaments comercials per correu electr\u00f2nic , i en compliment de la Directiva Europea 2009\/136\/CE, i amb l&#8217;objectiu de garantir la teva privadesa, t&#8217;informem que a la nostra web utilitzem cookies i altres mecanismes similars que ens permeten facilitar-te l&#8217;\u00fas i navegaci\u00f3 a trav\u00e9s de la p\u00e0gina web , garantir lacc\u00e9s a determinades funcionalitats i addicionalment, ens ajuden a millorar la qualitat de la p\u00e0gina dacord als teus h\u00e0bits i estils de navegaci\u00f3.<\/p>\n<p><strong><em>Les cookies no s\u00f3n virus inform\u00e0tics, no fan malb\u00e9 l&#8217;ordinador ni alenteixen el seu funcionament i poden eliminar-les en qualsevol moment, o rebutjar-les configurant el programa de navegaci\u00f3 que utilitza. En general, la nostra web nom\u00e9s utilitza cookies de car\u00e0cter t\u00e8cnic, destinades \u00fanicament a permetre a l&#8217;usuari navegar per la p\u00e0gina web, cookies estrictament necess\u00e0ries, per a la prestaci\u00f3 d&#8217;un servei expressament sol\u00b7licitat per l&#8217;usuari i cookies sense capacitat d&#8217;identificar l&#8217;usuari.<\/em><\/strong><\/p>\n<p>&nbsp;<\/p>\n<p>ELS USUARIS QUE NO ESTIGUIN D&#8217;ACORD AMB AQUESTA POL\u00cdTICA NO HAN D&#8217;INTRODUIR CAP DADA A TRAV\u00c9S D&#8217;AQUEST LLOC WEB, NI ACCEDIR AL CONTINGUT D&#8217;AQUESTA WEB.<\/p>\n","protected":false},"excerpt":{"rendered":"<p>Av\u00eds legal i pol\u00edtica de privadesa En compliment de la Llei 34\/2002, d&#8217;11 de juliol, de serveis de la societat de la informaci\u00f3 i de Comer\u00e7 Electr\u00f2nic, us informem que Marc Giner d&#8217;ON PSICOLOGIA S.C.P, amb domicili a EN RAMBLA 62 2n PIS,08201.i CIF J-65847113 \u00e9s titular d&#8217;aquest lloc web. FINALITAT DEL TRACTAMENT DE LES<\/p>\n","protected":false},"author":1,"featured_media":0,"parent":0,"menu_order":0,"comment_status":"closed","ping_status":"closed","template":"template-default-without-breadcrumbs.php","meta":{"footnotes":""},"class_list":["post-31957","page","type-page","status-publish","hentry"],"_links":{"self":[{"href":"https:\/\/www.logopediadomicilio.es\/ca\/wp-json\/wp\/v2\/pages\/31957","targetHints":{"allow":["GET"]}}],"collection":[{"href":"https:\/\/www.logopediadomicilio.es\/ca\/wp-json\/wp\/v2\/pages"}],"about":[{"href":"https:\/\/www.logopediadomicilio.es\/ca\/wp-json\/wp\/v2\/types\/page"}],"author":[{"embeddable":true,"href":"https:\/\/www.logopediadomicilio.es\/ca\/wp-json\/wp\/v2\/users\/1"}],"replies":[{"embeddable":true,"href":"https:\/\/www.logopediadomicilio.es\/ca\/wp-json\/wp\/v2\/comments?post=31957"}],"version-history":[{"count":1,"href":"https:\/\/www.logopediadomicilio.es\/ca\/wp-json\/wp\/v2\/pages\/31957\/revisions"}],"predecessor-version":[{"id":31958,"href":"https:\/\/www.logopediadomicilio.es\/ca\/wp-json\/wp\/v2\/pages\/31957\/revisions\/31958"}],"wp:attachment":[{"href":"https:\/\/www.logopediadomicilio.es\/ca\/wp-json\/wp\/v2\/media?parent=31957"}],"curies":[{"name":"wp","href":"https:\/\/api.w.org\/{rel}","templated":true}]}}