{"id":31970,"date":"2018-10-25T12:40:12","date_gmt":"2018-10-25T12:40:12","guid":{"rendered":"https:\/\/www.logopediadomicilio.es\/contacte\/"},"modified":"2022-01-18T22:06:35","modified_gmt":"2022-01-18T22:06:35","slug":"contacte","status":"publish","type":"page","link":"https:\/\/www.logopediadomicilio.es\/ca\/contacte\/","title":{"rendered":"Contacte"},"content":{"rendered":"<div class=\"wpb-content-wrapper\"><p>[vc_row top_margin=&#8221;page-margin-top&#8221; el_position=&#8221;last&#8221; css=&#8221;.vc_custom_1540298553080{border-top-width: 1px !important;border-top-color: #e5e5e5 !important;border-top-style: solid !important;}&#8221;][vc_column][vc_single_image image=&#8221;31050&#8243; img_size=&#8221;800&#215;300&#8243; alignment=&#8221;center&#8221;][\/vc_column][\/vc_row][vc_row top_margin=&#8221;page-margin-top-section&#8221;][vc_column width=&#8221;2\/3&#8243;][vc_row_inner][vc_column_inner width=&#8221;1\/2&#8243;]<ul class=\"clearfix mc-features mc-features-small mc-features-style-default page-margin-top\"><li class=\"item-content clearfix\">\r\n\t\t\t\t<span class=\"hexagon small animated-element animation-scale\"  title=\"Seus socials\"><span class=\"features-location\"><\/span><\/span><div class=\"text\"><h2><span   title=\"Seus socials\">Seus socials<\/span><\/h2><p>C\/ Rambla, 62, 2\u00ba piso, 08201 Sabadell (Barcelona)<br \/>\nC\/ S\u00e1nchez Pacheco, 82b \u2013 B\u00baA, 28002 Madrid<br \/>\nAvenida del Puerto 81, puerta 48, 46021 Valencia<\/p>\n<\/div>\r\n\t\t\t<\/li><\/ul>[\/vc_column_inner][vc_column_inner width=&#8221;1\/2&#8243;]<ul class=\"clearfix mc-features mc-features-small mc-features-style-default page-margin-top\"><li class=\"item-content clearfix\">\r\n\t\t\t\t<span class=\"hexagon small animated-element animation-scale\"  title=\"Horari d&#8217;atenci\u00f3\"><span class=\"features-clock\"><\/span><\/span><div class=\"text\"><h2><span   title=\"Horari d&#8217;atenci\u00f3\">Horari d&#8217;atenci\u00f3<\/span><\/h2><p>De dilluns a divendres: 09:00 &#8211; 20:30<\/p>\n<\/div>\r\n\t\t\t<\/li><\/ul>[\/vc_column_inner][\/vc_row_inner][vc_row_inner][vc_column_inner width=&#8221;1\/2&#8243;]<ul class=\"clearfix mc-features mc-features-small mc-features-style-light page-margin-top\"><li class=\"item-content clearfix\">\r\n\t\t\t\t<span class=\"hexagon small animated-element animation-scale\"  title=\"Email\"><span class=\"features-email\"><\/span><\/span><div class=\"text\"><h2><span   title=\"Email\">Email<\/span><\/h2><p>Barcelona:<br \/>\n<a href='mailto:info@logopediadomicili.com'>info@logopediadomicili.com<\/a><br \/>\nMadrid y Valencia:<br \/>\n<a href='mailto:info@logopediadomicilio.es'>info@logopediadomicilio.es<\/a><\/p>\n<\/div>\r\n\t\t\t<\/li><\/ul>[\/vc_column_inner][vc_column_inner width=&#8221;1\/2&#8243;]<ul class=\"clearfix mc-features mc-features-small mc-features-style-light page-margin-top\"><li class=\"item-content clearfix\">\r\n\t\t\t\t<span class=\"hexagon small animated-element animation-scale\"  title=\"Tel\u00e8fons\"><span class=\"features-phone\"><\/span><\/span><div class=\"text\"><h2><span   title=\"Tel\u00e8fons\">Tel\u00e8fons<\/span><\/h2><p>Barcelona: <a href='tel:931001485'>931 001 485<\/a><br \/>\nMadrid: <a href='tel:910911285'>910 911 285<\/a><br \/>\nValencia: <a href='tel:960001185'>960 001 185<\/a><\/p>\n<\/div>\r\n\t\t\t<\/li><\/ul>[\/vc_column_inner][\/vc_row_inner][vc_empty_space height=&#8221;62px&#8221;][vc_row_inner][vc_column_inner width=&#8221;1\/2&#8243;][\/vc_column_inner][vc_column_inner width=&#8221;1\/2&#8243;][\/vc_column_inner][\/vc_row_inner][vc_empty_space height=&#8221;15px&#8221;][vc_row_inner][vc_column_inner][vc_column_text el_class=&#8221;large align-center page-margin-top&#8221;]<\/p>\n<h2 style=\"text-align: center;\">Formulari de contacte<\/h2>\n<p>[\/vc_column_text][vc_column_text el_class=&#8221;large align-center page-margin-top&#8221;]<\/p>\n<p style=\"text-align: center;\">Si ho preferiu, podeu enviar-nos el formulari de contacte que teniu a la vostra disposici\u00f3.<br \/>\nRespondrem en el per\u00edode m\u00e9s breu possible.<\/p>\n<p>[\/vc_column_text][vc_empty_space height=&#8221;62px&#8221;]\n<div class=\"wpcf7 no-js\" id=\"wpcf7-f31455-o1\" lang=\"ca\" dir=\"ltr\" data-wpcf7-id=\"31455\">\n<div class=\"screen-reader-response\"><p role=\"status\" aria-live=\"polite\" aria-atomic=\"true\"><\/p> <ul><\/ul><\/div>\n<form action=\"\/ca\/wp-json\/wp\/v2\/pages\/31970#wpcf7-f31455-o1\" method=\"post\" class=\"wpcf7-form init\" aria-label=\"Formulari de contacte\" novalidate=\"novalidate\" data-status=\"init\">\n<fieldset class=\"hidden-fields-container\"><input type=\"hidden\" name=\"_wpcf7\" value=\"31455\" \/><input type=\"hidden\" name=\"_wpcf7_version\" value=\"6.1.5\" \/><input type=\"hidden\" name=\"_wpcf7_locale\" value=\"ca\" \/><input type=\"hidden\" name=\"_wpcf7_unit_tag\" value=\"wpcf7-f31455-o1\" \/><input type=\"hidden\" name=\"_wpcf7_container_post\" value=\"0\" \/><input type=\"hidden\" name=\"_wpcf7_posted_data_hash\" value=\"\" \/><input type=\"hidden\" name=\"_wpcf7_recaptcha_response\" value=\"\" \/>\n<\/fieldset>\n<div class=\"form-row\">\n\t<div class=\"column-half\">\n\t\t<p><label> Nom (obligatori)<br \/>\n<span class=\"wpcf7-form-control-wrap\" data-name=\"your-name\"><input size=\"40\" maxlength=\"400\" class=\"wpcf7-form-control wpcf7-text wpcf7-validates-as-required\" aria-required=\"true\" aria-invalid=\"false\" value=\"\" type=\"text\" name=\"your-name\" \/><\/span> <\/label>\n\t\t<\/p>\n\t<\/div>\n\t<div class=\"column-half\">\n\t\t<p><label> Correu electr\u00f2nic (obligatori)<br \/>\n<span class=\"wpcf7-form-control-wrap\" data-name=\"your-email\"><input size=\"40\" maxlength=\"400\" class=\"wpcf7-form-control wpcf7-email wpcf7-validates-as-required wpcf7-text wpcf7-validates-as-email\" aria-required=\"true\" aria-invalid=\"false\" value=\"\" type=\"email\" name=\"your-email\" \/><\/span> <\/label>\n\t\t<\/p>\n\t<\/div>\n<\/div>\n<div class=\"column-half\">\n\t<p><label> Tel\u00e8fon<br \/>\n<span class=\"wpcf7-form-control-wrap\" data-name=\"tel-165\"><input size=\"40\" maxlength=\"400\" class=\"wpcf7-form-control wpcf7-tel wpcf7-text wpcf7-validates-as-tel\" aria-invalid=\"false\" value=\"\" type=\"tel\" name=\"tel-165\" \/><\/span> <\/label>\n\t<\/p>\n<\/div>\n<div class=\"column-half\">\n\t<p><label> Localitat (obligatorio)<br \/>\n<span class=\"wpcf7-form-control-wrap\" data-name=\"localidad\"><input size=\"40\" maxlength=\"400\" class=\"wpcf7-form-control wpcf7-text wpcf7-validates-as-required\" aria-required=\"true\" aria-invalid=\"false\" value=\"\" type=\"text\" name=\"localidad\" \/><\/span> <\/label>\n\t<\/p>\n<\/div>\n<p><label> Missatge<br \/>\n<span class=\"wpcf7-form-control-wrap\" data-name=\"your-message\"><textarea cols=\"40\" rows=\"10\" maxlength=\"2000\" class=\"wpcf7-form-control wpcf7-textarea\" aria-invalid=\"false\" name=\"your-message\"><\/textarea><\/span> <\/label>\n<\/p>\n<p><input class=\"wpcf7-form-control wpcf7-submit has-spinner\" type=\"submit\" value=\"Enviar formulari\" \/>\n<\/p><div class=\"wpcf7-response-output\" aria-hidden=\"true\"><\/div>\n<\/form>\n<\/div>\n[\/vc_column_inner][\/vc_row_inner][\/vc_column][vc_column width=&#8221;1\/3&#8243;][vc_raw_html]PGlmcmFtZSBzdHlsZT0iYm9yZGVyOiAwOyIgdGFiaW5kZXg9IjAiIHNyYz0iaHR0cHM6Ly93d3cuZ29vZ2xlLmNvbS9tYXBzL2VtYmVkP3BiPSExbTE0ITFtOCExbTMhMWQxMTk0NC41NTkxNjQxNDU3MjMhMmQyLjEwOTc4ITNkNDEuNTQ0NTcwNCEzbTIhMWkxMDI0ITJpNzY4ITRmMTMuMSEzbTMhMW0yITFzMHgwJTNBMHhkNzM5MTRkOGUzOTNkMWI3ITJzTG9nb3AlQzMlQThkaWElMjBhJTIwRG9taWNpbGkhNWUwITNtMiExc2VzITJzZXMhNHYxNTk1Nzg3MjM2ODY5ITVtMiExc2VzITJzZXMiIHdpZHRoPSIxMDAlIiBoZWlnaHQ9IjQ1MCIgZnJhbWVib3JkZXI9IjAiIGFsbG93ZnVsbHNjcmVlbj0iYWxsb3dmdWxsc2NyZWVuIiBhcmlhLWhpZGRlbj0iZmFsc2UiPjwvaWZyYW1lPg==[\/vc_raw_html][vc_empty_space height=&#8221;12px&#8221;][vc_raw_html]PGlmcmFtZSBzcmM9Imh0dHBzOi8vd3d3Lmdvb2dsZS5jb20vbWFwcy9lbWJlZD9wYj0hMW0xNCExbTghMW0zITFkMTIxNDQuODU1NTk2NTE1NzIxITJkLTMuNjY5MzM5OSEzZDQwLjQ0ODQwMjUhM20yITFpMTAyNCEyaTc2OCE0ZjEzLjEhM20zITFtMiExczB4MCUzQTB4YWFiNDJlZmE1MDk2ODQzYyEyc0xvZ29wZWRpYSUyMGElMjBEb21pY2lsaW8lMjBNYWRyaWQhNWUwITNtMiExc2VzITJzZXMhNHYxNTk1Nzg3MzQxOTAxITVtMiExc2VzITJzZXMiIHdpZHRoPSIxMDAlIiBoZWlnaHQ9IjQ1MCIgZnJhbWVib3JkZXI9IjAiIHN0eWxlPSJib3JkZXI6MDsiIGFsbG93ZnVsbHNjcmVlbj0iIiBhcmlhLWhpZGRlbj0iZmFsc2UiIHRhYmluZGV4PSIwIj48L2lmcmFtZT4=[\/vc_raw_html][vc_empty_space height=&#8221;12px&#8221;][vc_raw_html]PGlmcmFtZSBzcmM9Imh0dHBzOi8vd3d3Lmdvb2dsZS5jb20vbWFwcy9lbWJlZD9wYj0hMW0xOCExbTEyITFtMyExZDExNzYuMTc5MDcxNzkwNTU5MiEyZC0wLjM1Mjg4MzQ5NDc0NTAyMDQ1ITNkMzkuNDY2MTM1MjAwNzg1NzE1ITJtMyExZjAhMmYwITNmMCEzbTIhMWkxMDI0ITJpNzY4ITRmMTMuMSEzbTMhMW0yITFzMHhkNjA0ODk0YmJjZTk4OWIlM0EweDQ4YmIxZjZiZDc3N2ZkMmUhMnNBdmluZ3VkYSUyMGRlbCUyMFBvcnQlMkMlMjA4MSUyQyUyMHB1ZXJ0YSUyMDQ4JTJDJTIwNDYwMjElMjBWYWxlbmNpYSE1ZTAhM20yITFzZXMhMnNlcyE0djE1OTU3ODc0NTc3MDMhNW0yITFzZXMhMnNlcyIgd2lkdGg9IjEwMCUiIGhlaWdodD0iNDUwIiBmcmFtZWJvcmRlcj0iMCIgc3R5bGU9ImJvcmRlcjowOyIgYWxsb3dmdWxsc2NyZWVuPSIiIGFyaWEtaGlkZGVuPSJmYWxzZSIgdGFiaW5kZXg9IjAiPjwvaWZyYW1lPg==[\/vc_raw_html][\/vc_column][\/vc_row]<\/p>\n<\/div>","protected":false},"excerpt":{"rendered":"<p>[vc_row top_margin=&#8221;page-margin-top&#8221; el_position=&#8221;last&#8221; css=&#8221;.vc_custom_1540298553080{border-top-width: 1px !important;border-top-color: #e5e5e5 !important;border-top-style: solid !important;}&#8221;][vc_column][vc_single_image image=&#8221;31050&#8243; img_size=&#8221;800&#215;300&#8243; alignment=&#8221;center&#8221;][\/vc_column][\/vc_row][vc_row top_margin=&#8221;page-margin-top-section&#8221;][vc_column width=&#8221;2\/3&#8243;][vc_row_inner][vc_column_inner width=&#8221;1\/2&#8243;][\/vc_column_inner][vc_column_inner width=&#8221;1\/2&#8243;][\/vc_column_inner][\/vc_row_inner][vc_row_inner][vc_column_inner width=&#8221;1\/2&#8243;][\/vc_column_inner][vc_column_inner width=&#8221;1\/2&#8243;][\/vc_column_inner][\/vc_row_inner][vc_empty_space height=&#8221;62px&#8221;][vc_row_inner][vc_column_inner width=&#8221;1\/2&#8243;][\/vc_column_inner][vc_column_inner width=&#8221;1\/2&#8243;][\/vc_column_inner][\/vc_row_inner][vc_empty_space height=&#8221;15px&#8221;][vc_row_inner][vc_column_inner][vc_column_text el_class=&#8221;large align-center page-margin-top&#8221;] Formulari de contacte [\/vc_column_text][vc_column_text el_class=&#8221;large align-center page-margin-top&#8221;] Si ho preferiu, podeu enviar-nos el formulari de contacte que teniu a la vostra disposici\u00f3. Respondrem en el per\u00edode m\u00e9s breu possible.<\/p>\n","protected":false},"author":1,"featured_media":0,"parent":0,"menu_order":0,"comment_status":"closed","ping_status":"closed","template":"template-default-without-breadcrumbs.php","meta":{"footnotes":""},"class_list":["post-31970","page","type-page","status-publish","hentry"],"_links":{"self":[{"href":"https:\/\/www.logopediadomicilio.es\/ca\/wp-json\/wp\/v2\/pages\/31970","targetHints":{"allow":["GET"]}}],"collection":[{"href":"https:\/\/www.logopediadomicilio.es\/ca\/wp-json\/wp\/v2\/pages"}],"about":[{"href":"https:\/\/www.logopediadomicilio.es\/ca\/wp-json\/wp\/v2\/types\/page"}],"author":[{"embeddable":true,"href":"https:\/\/www.logopediadomicilio.es\/ca\/wp-json\/wp\/v2\/users\/1"}],"replies":[{"embeddable":true,"href":"https:\/\/www.logopediadomicilio.es\/ca\/wp-json\/wp\/v2\/comments?post=31970"}],"version-history":[{"count":2,"href":"https:\/\/www.logopediadomicilio.es\/ca\/wp-json\/wp\/v2\/pages\/31970\/revisions"}],"predecessor-version":[{"id":31974,"href":"https:\/\/www.logopediadomicilio.es\/ca\/wp-json\/wp\/v2\/pages\/31970\/revisions\/31974"}],"wp:attachment":[{"href":"https:\/\/www.logopediadomicilio.es\/ca\/wp-json\/wp\/v2\/media?parent=31970"}],"curies":[{"name":"wp","href":"https:\/\/api.w.org\/{rel}","templated":true}]}}