{"id":31975,"date":"2020-10-12T14:20:51","date_gmt":"2020-10-12T14:20:51","guid":{"rendered":"https:\/\/www.logopediadomicilio.es\/logopedia-en-ictus-o-accidents-cerebrovasculars\/"},"modified":"2022-01-18T22:11:10","modified_gmt":"2022-01-18T22:11:10","slug":"logopedia-en-ictus-o-accidents-cerebrovasculars","status":"publish","type":"page","link":"https:\/\/www.logopediadomicilio.es\/ca\/logopedia-en-ictus-o-accidents-cerebrovasculars\/","title":{"rendered":"Logop\u00e8dia en ictus o accidents cerebrovasculars"},"content":{"rendered":"<div class=\"wpb-content-wrapper\"><p>[vc_row][vc_column][vc_row_inner][vc_column_inner width=&#8221;1\/2&#8243;][vc_single_image image=&#8221;29793&#8243; img_size=&#8221;medium-thumb&#8221; onclick=&#8221;link_image&#8221;][\/vc_column_inner][vc_column_inner width=&#8221;1\/2&#8243;][vc_single_image image=&#8221;31436&#8243; img_size=&#8221;medium-thumb&#8221; onclick=&#8221;link_image&#8221;][\/vc_column_inner][\/vc_row_inner]<h2 class=\"box-header large margin-top-30\">Importancia de la logopedia en ictus o accidentes cerebrovasculares<\/h2>[vc_column_text el_class=&#8221;large margin-top-20&#8243;]Els accidents cerebrovasculars (ACV) o ICTUS s\u00f3n d\u00e8ficits neurol\u00f2gics focals d&#8217;origen vascular i d&#8217;instauraci\u00f3 brusca i sobtada, sense traumatisme (\u00e9s l&#8217;equivalent a un infart de cor, per\u00f2 en el cervell).<\/p>\n<p>Hi ha dos tipus principals d&#8217;ictus. Els ictus hemorr\u00e0gics o hemorr\u00e0gies cerebrals, que es produeixen quan un vas sanguini (vena o art\u00e8ria) es trenca, i els ictus isqu\u00e8mics o infarts cerebrals, que succeeiexen quan una art\u00e8ria s&#8217;obstrueix per la pres\u00e8ncia d&#8217;un co\u00e0gul de sang.<\/p>\n<p>Les seq\u00fceles posteriors dependran del tipus d&#8217;Ictus, la localitzaci\u00f3 i la durada de la simptomatologia d&#8217;aquest. El dany cerebral adquirit pot ser irreparable i deixar seq\u00fceles greus que repercuteixin de forma notable en la qualitat de vida dels afectats. Per aquest motiu la intervenci\u00f3 logop\u00e8dica preco\u00e7, i la d&#8217;altres professionals, sobretot en els 6 primers mesos despr\u00e9s de l&#8217;ictus \u00e9s molt important.<\/p>\n<p>En la rehabilitaci\u00f3 de l&#8217;ictus hi estan involucrats diferents professionals com neur\u00f2legs, terapeutes ocupacionals, fisioterapeutes, logopedes, psic\u00f2legs, etc. que han d&#8217;abordar la seva rehabilitaci\u00f3 de manera multidisciplin\u00e0ria. El logopeda \u00e9s el professional que interv\u00e9 en la rehabilitaci\u00f3 de la parla, la degluci\u00f3, el llenguatge i la comunicaci\u00f3 despr\u00e9s d&#8217;haver patit un ictus.<\/p>\n<p><span style=\"text-decoration: underline;\">Alteracions del llenguatge o af\u00e0sia<\/span>: els pacients poden presentar trastorns af\u00e0sics amb p\u00e8rdua total de la parla, p\u00e8rdua de la capacitat per expressar-se, p\u00e8rdua de la capacitat de comprensi\u00f3 o barreja d&#8217;ambdues. El logopeda s&#8217;encarregar\u00e0 de la rehabilitaci\u00f3 del llenguatge, ajudant a restaurar les funcions alterades i proporcionant un sistema de comunicaci\u00f3 alternatiu al pacient mentre es duu a terme aquesta rehabilitaci\u00f3.<\/p>\n<p><span style=\"text-decoration: underline;\">Par\u00e0lisi facial:<\/span> la par\u00e0lisi facial afecta la mobilitat volunt\u00e0ria dels m\u00fasculs de la cara. Pot afectar una hemicara sencera (front, ulls, nas i boca) o nom\u00e9s a la meitat inferior (nas i boca). La simetria facial es perd, perdent l&#8217;expressivitat i la capacitat de tancar l&#8217;ull o els llavis de la banda afectada, cosa que influeix en el control de la secreci\u00f3 salivar, la masticaci\u00f3-degluci\u00f3 i la parla, entre d&#8217;altres, de manera que el paper del logopeda \u00e9s fonamental.<\/p>\n<p><span style=\"text-decoration: underline;\">Alteracions de la parla o dis\u00e0rtria:<\/span> en aquest cas s&#8217;altera l&#8217;esquema motor de la parla (no el llenguatge) i, juntament amb la debilitat o p\u00e8rdua de mobilitat dels \u00f2rgans bucofonatoris i\/o del sistema respiratori, pot afectar l&#8217;articulaci\u00f3, el ritme i la flu\u00efdesa de la parla, aix\u00ed com la veu i el timbre.<\/p>\n<p><span style=\"text-decoration: underline;\">Disf\u00e0gia<\/span>: despr\u00e9s d&#8217;un accident cerebrovascular els pacients poden presentar dificultats en les diferents fases de la degluci\u00f3. Aquestes dificultats es poden trobar en la formaci\u00f3 del vol alimentici, en el transport d&#8217;aquest cap a la part posterior fins que s&#8217;activa el reflex deglutori (fase oral o preparat\u00f2ria), en el pas del bol alimentici per la faringe fins a l&#8217;es\u00f2fag (fase far\u00edngia) i\/o al pas del bol a l&#8217;es\u00f2fag i, finalment, a l&#8217;est\u00f3mac (fase esof\u00e0gica, involunt\u00e0ria). A cada fase hi intervenen diferents m\u00fasculs i es produeixen diferents passos, de manera que el logopeda s&#8217;encarregar\u00e0 de valorar la musculatura i els nervis afectats per aconseguir una degluci\u00f3 efica\u00e7 i segura despr\u00e9s de la rehabilitaci\u00f3.<\/p>\n<p>Totes aquestes alteracions influiran en la qualitat de vida del pacient, afectant-ne la seva comunicaci\u00f3 i socialitzaci\u00f3 ja que presentaran problemes de comprensi\u00f3 en les activitats quotidianes, dificultats per entendre la televisi\u00f3 o la r\u00e0dio o comunicar-se i\/o alimentar-se amb familiars i amics. Com a conseq\u00fc\u00e8ncia poden apar\u00e8ixer depressions i a\u00efllament social, de manera que, la tasca del logopeda en l&#8217;ictus \u00e9s fonamental en la recuperaci\u00f3 de les habilitats comunicatives perqu\u00e8, en la mesura del possible, puguin dur una vida &#8220;normal&#8221;.[\/vc_column_text][\/vc_column][\/vc_row][vc_row css=&#8221;.vc_custom_1594477523392{margin-top: 50px !important;background-color: rgba(232,241,255,0.59) !important;*background-color: rgb(232,241,255) !important;}&#8221;][vc_column css=&#8221;.vc_custom_1579881017377{border-radius: 5px !important;}&#8221;][vc_row_inner][vc_column_inner width=&#8221;1\/4&#8243;][vc_single_image image=&#8221;30598&#8243; alignment=&#8221;center&#8221; style=&#8221;vc_box_outline_circle_2&#8243; css=&#8221;.vc_custom_1603456931204{margin-top: 15px !important;margin-bottom: 15px !important;}&#8221;][vc_column_text]<\/p>\n<p style=\"text-align: center;\">Sandra Feli\u00fa<\/p>\n<p>[\/vc_column_text][\/vc_column_inner][vc_column_inner width=&#8221;3\/4&#8243;][vc_column_text css_animation=&#8221;fadeInUp&#8221; css=&#8221;.vc_custom_1603457029712{margin-top: 25px !important;margin-bottom: 25px !important;padding-top: 30px !important;padding-right: 30px !important;padding-bottom: 30px !important;padding-left: 30px !important;background-color: rgba(232,241,255,0.59) !important;*background-color: rgb(232,241,255) !important;border-radius: 5px !important;}&#8221;]<strong>Autora del present article:<\/strong><\/p>\n<p>Sandra Feli\u00fa. Logopeda. Col\u00b7legiada n\u00famero 28\/1324 al Colegio de Logopedas de Madrid. <a href=\"https:\/\/www.linkedin.com\/in\/sandra-feli%C3%BA-vacas-73a02b176\/\">Lindekin<\/a><\/p>\n<p>&nbsp;<\/p>\n<p><strong>Refer\u00e8ncies bibliogr\u00e0fiques\u00a0 <\/strong><\/p>\n<ul>\n<li>Acosta, V.M. y Moreno, A.M. (1999). Dificultades del lenguaje en ambientes educativos. Barcelona: Masson.<\/li>\n<li>Gallego, J.L. (1999). Calidad en la intervenci\u00f3n logop\u00e9dica. Estudio de casos. M\u00e1laga: Aljibe.<\/li>\n<li>Mendoza, E. (2001). Trastorno espec\u00edfico del lenguaje (TEL). Madrid: Pir\u00e1mide.<\/li>\n<li>Moreno, J.M., Su\u00e1rez, A., Mart\u00ednez, J.D. y Garc\u00eda-Baamonde, M.E. (2004). Retrasos en la adquisici\u00f3n y desarrollo del lenguaje. Estudio de casos. Madrid: EOS.<\/li>\n<li>Puyuelo, M. (2005). Casos cl\u00ednicos en Logopedia (volumen 2). Barcelona: Masson.<\/li>\n<li>Aguado, G. (2004). Trastorno espec\u00edfico del lenguaje: retraso de lenguaje y disfasia. (pp.15-28). M\u00e1laga. Editorial: Aljibe.<\/li>\n<li>Puyuelo, M. y Santana, R. Intervenci\u00f3n del lenguaje. Editorial Masson, Barcelona.<\/li>\n<li>Aguado, G. (1989): El desarrollo de la morfosintaxis en el ni\u00f1o. C.E.P.E., Madrid.<\/li>\n<li>Cooper, J.; Reynell, J. &amp; Modley, M. (1982): M\u00e9todo para favorecer el desarrollo del lenguaje. M\u00e9dico y T\u00e9cnica, Barcelona.<\/li>\n<li>G\u00f3mez Tol\u00f3n, J. (1987): Trastornos de la adquisici\u00f3n del lenguaje. Escuela Espa\u00f1ola, Madrid.<\/li>\n<li>Monfort, M. (1984): La investigaci\u00f3n logop\u00e9dica. II Simposio de logopedia, C.E.P.E., Madrid.<\/li>\n<li>Monfort, M. (1986): Investigaci\u00f3n y logopedia. III Simposio de logopedia, C.E.P.E., Madrid.<\/li>\n<li>Monfort, M. &amp; Ju\u00e1rez, A. (1993): Los ni\u00f1os disf\u00e1sicos. C.E.P.E., Madrid.<\/li>\n<li>Monfort, M. (1995): Ense\u00f1ar a hablar. IV Simposio de logopedia, C.E.P.E., Madrid.<\/li>\n<li>Nieto, M. (1990): Retardo del lenguaje. C.E.P.E., Madrid.<\/li>\n<li>Aguado, G. (1988): \u00abEl retraso del lenguaje\u00bb. En: Pe\u00f1a Casanova (Comp.) (1988): Manual de logopedia. Masson, Barcelona, 200-215.<\/li>\n<\/ul>\n<p>&nbsp;<\/p>\n<p><strong>Webgrafia<\/strong><\/p>\n<ul>\n<li><a href=\"https:\/\/revistas.ucm.es\/index.php\/RLOG\/article\/view\/61928\">https:\/\/revistas.ucm.es\/index.php\/RLOG\/article\/view\/61928<\/a><\/li>\n<li><a href=\"http:\/\/www.logopediadomicilio.es\/lectoescritura-en-ninos-con-trastorno-especifico-del-lenguaje\/\">http:\/\/www.logopediadomicilio.es\/lectoescritura-en-ninos-con-trastorno-especifico-del-lenguaje\/<\/a><\/li>\n<li><a href=\"https:\/\/www.uchile.cl\/noticias\/90483\/como-mejorar-el-aprendizaje-en-los-escolares-con-tel\">https:\/\/www.uchile.cl\/noticias\/90483\/como-mejorar-el-aprendizaje-en-los-escolares-con-tel<\/a><\/li>\n<li><a href=\"https:\/\/centropedagogicopaideiaavila.wordpress.com\/2018\/03\/20\/caracteristicas-del-alumnado-con-trastorno-especifico-del-lenguaje-tel\/\">https:\/\/centropedagogicopaideiaavila.wordpress.com\/2018\/03\/20\/caracteristicas-del-alumnado-con-trastorno-especifico-del-lenguaje-tel\/<\/a><\/li>\n<li><a href=\"https:\/\/neuropediatra.org\/2019\/01\/11\/tel-trastorno-especifico-del-lenguaje-tel\/\">https:\/\/neuropediatra.org\/2019\/01\/11\/tel-trastorno-especifico-del-lenguaje-tel\/<\/a><\/li>\n<li><a href=\"https:\/\/www.nidcd.nih.gov\/es\/espanol\/el-trastorno-especifico-del-lenguaje\">https:\/\/www.nidcd.nih.gov\/es\/espanol\/el-trastorno-especifico-del-lenguaje<\/a><\/li>\n<li><a href=\"https:\/\/www.atelma.es\/qu%C3%A9-es-el-trastorno-espec%C3%ADfico-del-lenguaje\/\">https:\/\/www.atelma.es\/qu%C3%A9-es-el-trastorno-espec%C3%ADfico-del-lenguaje\/<\/a><\/li>\n<li><a href=\"https:\/\/www.fundacioncadah.org\/web\/articulo\/dsm-5-trastorno-especifico-del-aprendizaje.html\">https:\/\/www.fundacioncadah.org\/web\/articulo\/dsm-5-trastorno-especifico-del-aprendizaje.html<\/a><\/li>\n<li><a href=\"https:\/\/www.sciencedirect.com\/science\/article\/abs\/pii\/S0214460312000290\">https:\/\/www.sciencedirect.com\/science\/article\/abs\/pii\/S0214460312000290<\/a><\/li>\n<li><a href=\"http:\/\/www.scielo.br\/scielo.php?pid=S1516-18462013000400016&amp;script=sci_arttext\">http:\/\/www.scielo.br\/scielo.php?pid=S1516-18462013000400016&amp;script=sci_arttext<\/a><\/li>\n<li><a href=\"https:\/\/dialnet.unirioja.es\/servlet\/articulo?codigo=5779676\">https:\/\/dialnet.unirioja.es\/servlet\/articulo?codigo=5779676<\/a><\/li>\n<\/ul>\n<p>[\/vc_column_text][\/vc_column_inner][\/vc_row_inner][\/vc_column][\/vc_row][vc_row][vc_column]<h2 class=\"box-header large align-center page-margin-top-section\">Un proceso simple y eficaz<\/h2>[vc_row_inner top_margin=&#8221;page-margin-top&#8221; el_class=&#8221;flex-box&#8221;][vc_column_inner width=&#8221;1\/3&#8243;]<div class=\"info-box features-phone animated-element animation-fadeIn\"><h3>Contacte<\/h3><p>Contacti amb nosaltres per ampliar la informaci\u00f3 dels nostres serveis i exposar el seu cas.<\/p><\/div><div class=\"arrow-container animated-element animation-slideRight\"><span class=\"arrow template-arrow-horizontal-4-after arrow-light\"><\/span><\/div>[\/vc_column_inner][vc_column_inner width=&#8221;1\/3&#8243;]<div class=\"info-box features-doctor animated-element animation-slideRight duration-800 delay-600\"><h3>Diagn\u00f2stic i Tractament<\/h3><p>El primer pas \u00e9s realitzar un bon diagn\u00f2stic (si no es disposa d&#8217;ell) i a posteriori ja podrem comen\u00e7ar el tractament.<\/p><\/div><div class=\"arrow-container animated-element animation-slideRight duration-800 delay-1050\"><span class=\"arrow template-arrow-horizontal-4-after arrow-dark\"><\/span><\/div>[\/vc_column_inner][vc_column_inner width=&#8221;1\/3&#8243;]<div class=\"info-box features-people\"><h3>Recuperaci\u00f3<\/h3><p>ALTA del servei quan s&#8217;aconsegueixen els objectius proposats inicialment.<\/p><\/div>[\/vc_column_inner][\/vc_row_inner]<h2 class=\"box-header large align-center page-margin-top-section\">\u00c1reas en las que ofrecemos tratamientos<\/h2>[vc_row_inner top_margin=&#8221;page-margin-top-section&#8221;][vc_column_inner width=&#8221;1\/2&#8243;]<ul class=\"clearfix mc-features mc-features-small mc-features-style-default\"><li class=\"item-content clearfix\">\r\n\t\t\t\t<a class=\"hexagon small\" href=\"https:\/\/www.logopediadomicilio.es\/ca\/servicio\/logopedia-infantil\/\" title=\"Logop\u00e8dia infantil\"><span class=\"features-baby-bed\"><\/span><\/a><div class=\"text\"><h3><a href=\"https:\/\/www.logopediadomicilio.es\/ca\/servicio\/logopedia-infantil\/\"  title=\"Logop\u00e8dia infantil\">Logop\u00e8dia infantil<\/a><\/h3><p>Atenci\u00f3 logop\u00e8dica les dificultats en el llenguatge oral i escrit, aix\u00ed com pel que fa a el desenvolupament orofacial.<\/p>\n<\/div>\r\n\t\t\t<\/li><li class=\"item-content clearfix\">\r\n\t\t\t\t<a class=\"hexagon small\" href=\"https:\/\/www.logopediadomicilio.es\/ca\/servicio\/neurologopedia\/\" title=\"Neurologop\u00e8dia\"><span class=\"features-brain\"><\/span><\/a><div class=\"text\"><h3><a href=\"https:\/\/www.logopediadomicilio.es\/ca\/servicio\/neurologopedia\/\"  title=\"Neurologop\u00e8dia\">Neurologop\u00e8dia<\/a><\/h3><p>Tractament logop\u00e8dic de les alteracions del llenguatge i la degluci\u00f3 degudes a ictus, traumatismes cranioencef\u00e0lics i malalties neurodegeneratives.<\/p>\n<\/div>\r\n\t\t\t<\/li><\/ul>[\/vc_column_inner][vc_column_inner width=&#8221;1\/2&#8243;]<ul class=\"clearfix mc-features mc-features-small mc-features-style-default\"><li class=\"item-content clearfix\">\r\n\t\t\t\t<a class=\"hexagon small\" href=\"https:\/\/www.logopediadomicilio.es\/ca\/servicio\/alteracions-de-la-veu\/\" title=\"Alteracions de la veu\"><span class=\"features-people\"><\/span><\/a><div class=\"text\"><h3><a href=\"https:\/\/www.logopediadomicilio.es\/ca\/servicio\/alteracions-de-la-veu\/\"  title=\"Alteracions de la veu\">Alteracions de la veu<\/a><\/h3><p>Atenci\u00f3 logop\u00e8dica en les disfonies funcionals i org\u00e0niques, tant en poblaci\u00f3 infantil com adulta i en malalties neurodegeneratives.<\/p>\n<\/div>\r\n\t\t\t<\/li><li class=\"item-content clearfix\">\r\n\t\t\t\t<a class=\"hexagon small\" href=\"https:\/\/www.logopediadomicilio.es\/ca\/servicio\/terapia-miofuncional\/\" title=\"Ter\u00e0pia miofuncional\"><span class=\"features-list\"><\/span><\/a><div class=\"text\"><h3><a href=\"https:\/\/www.logopediadomicilio.es\/ca\/servicio\/terapia-miofuncional\/\"  title=\"Ter\u00e0pia miofuncional\">Ter\u00e0pia miofuncional<\/a><\/h3><p>La ter\u00e0pia miofuncional tracta les alteracions en el funcionament orofacial, com la degluci\u00f3 at\u00edpica, alteracions de l&#8217;ATM, entre d&#8217;altres.<\/p>\n<\/div>\r\n\t\t\t<\/li><\/ul>[\/vc_column_inner][\/vc_row_inner][vc_separator color=&#8221;peacoc&#8221; el_width=&#8221;40&#8243; css=&#8221;.vc_custom_1582465485534{margin-top: 25px !important;margin-bottom: 25px !important;}&#8221;]<h2 class=\"box-header large align-center no-border page-margin-top-section\">Ll\u00e1menos por tel\u00e9fono:<\/h2>[vc_row_inner][vc_column_inner][vc_column_text css_animation=&#8221;fadeInDown&#8221;]<\/p>\n<h2 style=\"text-align: center;\"><span style=\"color: #3366ff;\"><a style=\"color: #3366ff;\" href=\"tel:931001485\">931001485<\/a><\/span> (Barcelona) \/\u00a0<span style=\"color: #3366ff;\"><a style=\"color: #3366ff;\" href=\"tel:910911285\">910911285<\/a><\/span> (Madrid) \/ <span style=\"color: #3366ff;\"><a style=\"color: #3366ff;\" href=\"tel:960011185\">960011185<\/a><\/span> (Val\u00e8ncia)<\/h2>\n<p>[\/vc_column_text][\/vc_column_inner][\/vc_row_inner][vc_column_text el_class=&#8221;large align-center margin-top-20&#8243;]O, si ho preferiu, envieu-nos un formulari:[\/vc_column_text]\n<div class=\"wpcf7 no-js\" id=\"wpcf7-f31455-o1\" lang=\"ca\" dir=\"ltr\" data-wpcf7-id=\"31455\">\n<div class=\"screen-reader-response\"><p role=\"status\" aria-live=\"polite\" aria-atomic=\"true\"><\/p> <ul><\/ul><\/div>\n<form action=\"\/ca\/wp-json\/wp\/v2\/pages\/31975#wpcf7-f31455-o1\" method=\"post\" class=\"wpcf7-form init\" aria-label=\"Formulari de contacte\" novalidate=\"novalidate\" data-status=\"init\">\n<fieldset class=\"hidden-fields-container\"><input type=\"hidden\" name=\"_wpcf7\" value=\"31455\" \/><input type=\"hidden\" name=\"_wpcf7_version\" value=\"6.1.5\" \/><input type=\"hidden\" name=\"_wpcf7_locale\" value=\"ca\" \/><input type=\"hidden\" name=\"_wpcf7_unit_tag\" value=\"wpcf7-f31455-o1\" \/><input type=\"hidden\" name=\"_wpcf7_container_post\" value=\"0\" \/><input type=\"hidden\" name=\"_wpcf7_posted_data_hash\" value=\"\" \/><input type=\"hidden\" name=\"_wpcf7_recaptcha_response\" value=\"\" \/>\n<\/fieldset>\n<div class=\"form-row\">\n\t<div class=\"column-half\">\n\t\t<p><label> Nom (obligatori)<br \/>\n<span class=\"wpcf7-form-control-wrap\" data-name=\"your-name\"><input size=\"40\" maxlength=\"400\" class=\"wpcf7-form-control wpcf7-text wpcf7-validates-as-required\" aria-required=\"true\" aria-invalid=\"false\" value=\"\" type=\"text\" name=\"your-name\" \/><\/span> <\/label>\n\t\t<\/p>\n\t<\/div>\n\t<div class=\"column-half\">\n\t\t<p><label> Correu electr\u00f2nic (obligatori)<br \/>\n<span class=\"wpcf7-form-control-wrap\" data-name=\"your-email\"><input size=\"40\" maxlength=\"400\" class=\"wpcf7-form-control wpcf7-email wpcf7-validates-as-required wpcf7-text wpcf7-validates-as-email\" aria-required=\"true\" aria-invalid=\"false\" value=\"\" type=\"email\" name=\"your-email\" \/><\/span> <\/label>\n\t\t<\/p>\n\t<\/div>\n<\/div>\n<div class=\"column-half\">\n\t<p><label> Tel\u00e8fon<br \/>\n<span class=\"wpcf7-form-control-wrap\" data-name=\"tel-165\"><input size=\"40\" maxlength=\"400\" class=\"wpcf7-form-control wpcf7-tel wpcf7-text wpcf7-validates-as-tel\" aria-invalid=\"false\" value=\"\" type=\"tel\" name=\"tel-165\" \/><\/span> <\/label>\n\t<\/p>\n<\/div>\n<div class=\"column-half\">\n\t<p><label> Localitat (obligatorio)<br \/>\n<span class=\"wpcf7-form-control-wrap\" data-name=\"localidad\"><input size=\"40\" maxlength=\"400\" class=\"wpcf7-form-control wpcf7-text wpcf7-validates-as-required\" aria-required=\"true\" aria-invalid=\"false\" value=\"\" type=\"text\" name=\"localidad\" \/><\/span> <\/label>\n\t<\/p>\n<\/div>\n<p><label> Missatge<br \/>\n<span class=\"wpcf7-form-control-wrap\" data-name=\"your-message\"><textarea cols=\"40\" rows=\"10\" maxlength=\"2000\" class=\"wpcf7-form-control wpcf7-textarea\" aria-invalid=\"false\" name=\"your-message\"><\/textarea><\/span> <\/label>\n<\/p>\n<p><input class=\"wpcf7-form-control wpcf7-submit has-spinner\" type=\"submit\" value=\"Enviar formulari\" \/>\n<\/p><div class=\"wpcf7-response-output\" aria-hidden=\"true\"><\/div>\n<\/form>\n<\/div>\n[\/vc_column][\/vc_row]<\/p>\n<\/div>","protected":false},"excerpt":{"rendered":"<p>[vc_row][vc_column][vc_row_inner][vc_column_inner width=&#8221;1\/2&#8243;][vc_single_image image=&#8221;29793&#8243; img_size=&#8221;medium-thumb&#8221; onclick=&#8221;link_image&#8221;][\/vc_column_inner][vc_column_inner width=&#8221;1\/2&#8243;][vc_single_image image=&#8221;31436&#8243; img_size=&#8221;medium-thumb&#8221; onclick=&#8221;link_image&#8221;][\/vc_column_inner][\/vc_row_inner][vc_column_text el_class=&#8221;large margin-top-20&#8243;]Els accidents cerebrovasculars (ACV) o ICTUS s\u00f3n d\u00e8ficits neurol\u00f2gics focals d&#8217;origen vascular i d&#8217;instauraci\u00f3 brusca i sobtada, sense traumatisme (\u00e9s l&#8217;equivalent a un infart de cor, per\u00f2 en el cervell). Hi ha dos tipus principals d&#8217;ictus. Els ictus hemorr\u00e0gics o hemorr\u00e0gies cerebrals, que es produeixen<\/p>\n","protected":false},"author":2,"featured_media":0,"parent":0,"menu_order":0,"comment_status":"closed","ping_status":"closed","template":"","meta":{"footnotes":""},"class_list":["post-31975","page","type-page","status-publish","hentry"],"_links":{"self":[{"href":"https:\/\/www.logopediadomicilio.es\/ca\/wp-json\/wp\/v2\/pages\/31975","targetHints":{"allow":["GET"]}}],"collection":[{"href":"https:\/\/www.logopediadomicilio.es\/ca\/wp-json\/wp\/v2\/pages"}],"about":[{"href":"https:\/\/www.logopediadomicilio.es\/ca\/wp-json\/wp\/v2\/types\/page"}],"author":[{"embeddable":true,"href":"https:\/\/www.logopediadomicilio.es\/ca\/wp-json\/wp\/v2\/users\/2"}],"replies":[{"embeddable":true,"href":"https:\/\/www.logopediadomicilio.es\/ca\/wp-json\/wp\/v2\/comments?post=31975"}],"version-history":[{"count":3,"href":"https:\/\/www.logopediadomicilio.es\/ca\/wp-json\/wp\/v2\/pages\/31975\/revisions"}],"predecessor-version":[{"id":31978,"href":"https:\/\/www.logopediadomicilio.es\/ca\/wp-json\/wp\/v2\/pages\/31975\/revisions\/31978"}],"wp:attachment":[{"href":"https:\/\/www.logopediadomicilio.es\/ca\/wp-json\/wp\/v2\/media?parent=31975"}],"curies":[{"name":"wp","href":"https:\/\/api.w.org\/{rel}","templated":true}]}}