{"id":32093,"date":"2022-09-09T09:06:15","date_gmt":"2022-09-09T09:06:15","guid":{"rendered":"https:\/\/www.logopediadomicilio.es\/treballa-amb-nosaltres\/"},"modified":"2022-09-15T18:34:51","modified_gmt":"2022-09-15T18:34:51","slug":"treballa-amb-nosaltres","status":"publish","type":"page","link":"https:\/\/www.logopediadomicilio.es\/ca\/treballa-amb-nosaltres\/","title":{"rendered":"Treballa amb nosaltres"},"content":{"rendered":"<div class=\"wpb-content-wrapper\"><p>[vc_row][vc_column][vc_column_text]Som una empresa en continu creixement que sempre estem buscant els millors logopedes per poder atendre les nostres fam\u00edlies als seus domicilis, escoles, resid\u00e8ncies, entre altres entorns. Treballar com a logopeda al domicili permet en molts casos una feina a l&#8217;ecosistema propi del pacient, alhora que potencia la relaci\u00f3 i el treball conjunt amb la fam\u00edlia, un tipus d&#8217;intervenci\u00f3 que reverteix molt positivament en l&#8217;evoluci\u00f3 dels nostres pacients. A m\u00e9s, formar\u00e0s part d&#8217;un gran equip de professionals amb molta experi\u00e8ncia i formaci\u00f3, alhora que oferim molt bones condicions de treball.<\/p>\n<p>Si creus que et pot interessar omple el formulari que trobar\u00e0s a continuaci\u00f3:[\/vc_column_text][\/vc_column][\/vc_row][vc_row][vc_column]\n<div class=\"wpcf7 no-js\" id=\"wpcf7-f32099-o1\" lang=\"ca\" dir=\"ltr\" data-wpcf7-id=\"32099\">\n<div class=\"screen-reader-response\"><p role=\"status\" aria-live=\"polite\" aria-atomic=\"true\"><\/p> <ul><\/ul><\/div>\n<form action=\"\/ca\/wp-json\/wp\/v2\/pages\/32093#wpcf7-f32099-o1\" method=\"post\" class=\"wpcf7-form init\" aria-label=\"Formulari de contacte\" enctype=\"multipart\/form-data\" novalidate=\"novalidate\" data-status=\"init\">\n<fieldset class=\"hidden-fields-container\"><input type=\"hidden\" name=\"_wpcf7\" value=\"32099\" \/><input type=\"hidden\" name=\"_wpcf7_version\" value=\"6.1.5\" \/><input type=\"hidden\" name=\"_wpcf7_locale\" value=\"ca\" \/><input type=\"hidden\" name=\"_wpcf7_unit_tag\" value=\"wpcf7-f32099-o1\" \/><input type=\"hidden\" name=\"_wpcf7_container_post\" value=\"0\" \/><input type=\"hidden\" name=\"_wpcf7_posted_data_hash\" value=\"\" \/><input type=\"hidden\" name=\"_wpcf7_recaptcha_response\" value=\"\" \/>\n<\/fieldset>\n<p><label> Nom i cognoms*<br \/>\n<span class=\"wpcf7-form-control-wrap\" data-name=\"your-name\"><input size=\"40\" maxlength=\"400\" class=\"wpcf7-form-control wpcf7-text wpcf7-validates-as-required\" aria-required=\"true\" aria-invalid=\"false\" value=\"\" type=\"text\" name=\"your-name\" \/><\/span> <\/label>\n<\/p>\n<p><label> Correu electr\u00f2nic*<br \/>\n<span class=\"wpcf7-form-control-wrap\" data-name=\"your-email\"><input size=\"40\" maxlength=\"400\" class=\"wpcf7-form-control wpcf7-email wpcf7-validates-as-required wpcf7-text wpcf7-validates-as-email\" aria-required=\"true\" aria-invalid=\"false\" value=\"\" type=\"email\" name=\"your-email\" \/><\/span> <\/label>\n<\/p>\n<p><label> Poblaci\u00f3*<br \/>\n<span class=\"wpcf7-form-control-wrap\" data-name=\"poblacion\"><input size=\"40\" maxlength=\"400\" class=\"wpcf7-form-control wpcf7-text wpcf7-validates-as-required\" aria-required=\"true\" aria-invalid=\"false\" value=\"\" type=\"text\" name=\"poblacion\" \/><\/span> <\/label>\n<\/p>\n<p><label> Tel\u00e8fon*<br \/>\n<span class=\"wpcf7-form-control-wrap\" data-name=\"telefono\"><input size=\"40\" maxlength=\"400\" class=\"wpcf7-form-control wpcf7-tel wpcf7-validates-as-required wpcf7-text wpcf7-validates-as-tel\" aria-required=\"true\" aria-invalid=\"false\" value=\"\" type=\"tel\" name=\"telefono\" \/><\/span> <\/label>\n<\/p>\n<p><label> Motius pels que contactes amb nosaltres*<br \/>\n<span class=\"wpcf7-form-control-wrap\" data-name=\"intereses\"><textarea cols=\"40\" rows=\"10\" maxlength=\"2000\" class=\"wpcf7-form-control wpcf7-textarea wpcf7-validates-as-required\" aria-required=\"true\" aria-invalid=\"false\" name=\"intereses\"><\/textarea><\/span> <\/label>\n<\/p>\n<p><label> Any de finalitzaci\u00f3 del Grau o Diplomatura en Logop\u00e8dia*<br \/>\n<span class=\"wpcf7-form-control-wrap\" data-name=\"text-540\"><input size=\"40\" maxlength=\"400\" class=\"wpcf7-form-control wpcf7-text wpcf7-validates-as-required\" aria-required=\"true\" aria-invalid=\"false\" value=\"\" type=\"text\" name=\"text-540\" \/><\/span> <\/label>\n<\/p>\n<p><label> Altres estudis relacionats amb la logop\u00e8dia<br \/>\n<span class=\"wpcf7-form-control-wrap\" data-name=\"otrosestudios\"><input size=\"40\" maxlength=\"400\" class=\"wpcf7-form-control wpcf7-text\" aria-invalid=\"false\" value=\"\" type=\"text\" name=\"otrosestudios\" \/><\/span><\/label>\n<\/p>\n<p><label> M\u00e0ster o Postgraus<br \/>\n<span class=\"wpcf7-form-control-wrap\" data-name=\"masterpostgrados\"><input size=\"40\" maxlength=\"400\" class=\"wpcf7-form-control wpcf7-text\" aria-invalid=\"false\" value=\"\" type=\"text\" name=\"masterpostgrados\" \/><\/span><\/label>\n<\/p>\n<p><label> Temps que portes exercint com a logopeda*<br \/>\n<span class=\"wpcf7-form-control-wrap\" data-name=\"experiencia\"><input size=\"40\" maxlength=\"400\" class=\"wpcf7-form-control wpcf7-text wpcf7-validates-as-required\" aria-required=\"true\" aria-invalid=\"false\" value=\"\" type=\"text\" name=\"experiencia\" \/><\/span><\/label>\n<\/p>\n<p><label> Resum dela teva experi\u00e8ncia com a logopeda: tipus de casos que has tractat, responsabilitat que has tingut...<br \/>\n<span class=\"wpcf7-form-control-wrap\" data-name=\"resumenexperiencia\"><textarea cols=\"40\" rows=\"10\" maxlength=\"2000\" class=\"wpcf7-form-control wpcf7-textarea wpcf7-validates-as-required\" aria-required=\"true\" aria-invalid=\"false\" name=\"resumenexperiencia\"><\/textarea><\/span><\/label>\n<\/p>\n<p><label> Disponibilitat hor\u00e0ria*<br \/>\n<span class=\"wpcf7-form-control-wrap\" data-name=\"radio-900\"><span class=\"wpcf7-form-control wpcf7-radio\"><span class=\"wpcf7-list-item first\"><label><input type=\"radio\" name=\"radio-900\" value=\"Matins\" checked=\"checked\" \/><span class=\"wpcf7-list-item-label\">Matins<\/span><\/label><\/span><span class=\"wpcf7-list-item\"><label><input type=\"radio\" name=\"radio-900\" value=\"Matins i tardes\" \/><span class=\"wpcf7-list-item-label\">Matins i tardes<\/span><\/label><\/span><span class=\"wpcf7-list-item\"><label><input type=\"radio\" name=\"radio-900\" value=\"Tardes\" \/><span class=\"wpcf7-list-item-label\">Tardes<\/span><\/label><\/span><span class=\"wpcf7-list-item\"><label><input type=\"radio\" name=\"radio-900\" value=\"Alguna tarda\" \/><span class=\"wpcf7-list-item-label\">Alguna tarda<\/span><\/label><\/span><span class=\"wpcf7-list-item\"><label><input type=\"radio\" name=\"radio-900\" value=\"Algun mat\u00ed\" \/><span class=\"wpcf7-list-item-label\">Algun mat\u00ed<\/span><\/label><\/span><span class=\"wpcf7-list-item last\"><label><input type=\"radio\" name=\"radio-900\" value=\"Alg\u00fan mat\u00ed i alguna tarda\" \/><span class=\"wpcf7-list-item-label\">Alg\u00fan mat\u00ed i alguna tarda<\/span><\/label><\/span><\/span><\/span><\/label>\n<\/p>\n<p><label> \u00bfEst\u00e0s donat d'alta com autonom\/a?*<br \/>\n<span class=\"wpcf7-form-control-wrap\" data-name=\"autonomo\"><span class=\"wpcf7-form-control wpcf7-radio\"><span class=\"wpcf7-list-item first\"><label><input type=\"radio\" name=\"autonomo\" value=\"Si\" checked=\"checked\" \/><span class=\"wpcf7-list-item-label\">Si<\/span><\/label><\/span><span class=\"wpcf7-list-item last\"><label><input type=\"radio\" name=\"autonomo\" value=\"No\" \/><span class=\"wpcf7-list-item-label\">No<\/span><\/label><\/span><\/span><\/span><\/label>\n<\/p>\n<p><label> Inclou el teu curr\u00edculum vitae com a arxiu adjunt<br \/>\n<span class=\"wpcf7-form-control-wrap\" data-name=\"cv\"><input size=\"40\" class=\"wpcf7-form-control wpcf7-file wpcf7-validates-as-required\" accept=\".pdf,.txt\" aria-required=\"true\" aria-invalid=\"false\" type=\"file\" name=\"cv\" \/><\/span><\/label>\n<\/p>\n<p><label><span class=\"wpcf7-form-control-wrap\" data-name=\"acceptance-568\"><span class=\"wpcf7-form-control wpcf7-acceptance\"><span class=\"wpcf7-list-item\"><input type=\"checkbox\" name=\"acceptance-568\" value=\"1\" aria-invalid=\"false\" \/><\/span><\/span><\/span> Accepta el nostre <a href=\"https:\/\/www.logopediadomicilio.es\/aviso-legal-y-politica-de-privacidad\/\">av\u00eds legal i pol\u00edtica de privacitat<\/a>.<\/label>\n<\/p>\n<p><input class=\"wpcf7-form-control wpcf7-submit has-spinner\" type=\"submit\" value=\"Enviar\" \/>\n<\/p><div class=\"wpcf7-response-output\" aria-hidden=\"true\"><\/div>\n<\/form>\n<\/div>\n[\/vc_column][\/vc_row]<\/p>\n<\/div>","protected":false},"excerpt":{"rendered":"<p>[vc_row][vc_column][vc_column_text]Som una empresa en continu creixement que sempre estem buscant els millors logopedes per poder atendre les nostres fam\u00edlies als seus domicilis, escoles, resid\u00e8ncies, entre altres entorns. Treballar com a logopeda al domicili permet en molts casos una feina a l&#8217;ecosistema propi del pacient, alhora que potencia la relaci\u00f3 i el treball conjunt amb la<\/p>\n","protected":false},"author":2,"featured_media":0,"parent":0,"menu_order":0,"comment_status":"closed","ping_status":"closed","template":"","meta":{"footnotes":""},"class_list":["post-32093","page","type-page","status-publish","hentry"],"_links":{"self":[{"href":"https:\/\/www.logopediadomicilio.es\/ca\/wp-json\/wp\/v2\/pages\/32093","targetHints":{"allow":["GET"]}}],"collection":[{"href":"https:\/\/www.logopediadomicilio.es\/ca\/wp-json\/wp\/v2\/pages"}],"about":[{"href":"https:\/\/www.logopediadomicilio.es\/ca\/wp-json\/wp\/v2\/types\/page"}],"author":[{"embeddable":true,"href":"https:\/\/www.logopediadomicilio.es\/ca\/wp-json\/wp\/v2\/users\/2"}],"replies":[{"embeddable":true,"href":"https:\/\/www.logopediadomicilio.es\/ca\/wp-json\/wp\/v2\/comments?post=32093"}],"version-history":[{"count":5,"href":"https:\/\/www.logopediadomicilio.es\/ca\/wp-json\/wp\/v2\/pages\/32093\/revisions"}],"predecessor-version":[{"id":32100,"href":"https:\/\/www.logopediadomicilio.es\/ca\/wp-json\/wp\/v2\/pages\/32093\/revisions\/32100"}],"wp:attachment":[{"href":"https:\/\/www.logopediadomicilio.es\/ca\/wp-json\/wp\/v2\/media?parent=32093"}],"curies":[{"name":"wp","href":"https:\/\/api.w.org\/{rel}","templated":true}]}}