{"id":32161,"date":"2022-12-27T14:53:17","date_gmt":"2022-12-27T14:53:17","guid":{"rendered":"https:\/\/www.logopediadomicilio.es\/?page_id=32161"},"modified":"2022-12-27T15:05:31","modified_gmt":"2022-12-27T15:05:31","slug":"discapacitat-intelectual-logopedia","status":"publish","type":"page","link":"https:\/\/www.logopediadomicilio.es\/ca\/discapacitat-intelectual-logopedia\/","title":{"rendered":"Discapacitat intel\u00b7lectual: intervenci\u00f3 logop\u00e8dica"},"content":{"rendered":"<div class=\"wpb-content-wrapper\"><p>[vc_row][vc_column][vc_row_inner][vc_column_inner width=&#8221;1\/2&#8243;][vc_single_image image=&#8221;30053&#8243; img_size=&#8221;medium-thumb&#8221; onclick=&#8221;link_image&#8221;][\/vc_column_inner][vc_column_inner width=&#8221;1\/2&#8243;][vc_single_image image=&#8221;29789&#8243; img_size=&#8221;medium-thumb&#8221; onclick=&#8221;link_image&#8221;][\/vc_column_inner][\/vc_row_inner]<h2 class=\"box-header large margin-top-30\">Discapacitat intelectual<\/h2>[vc_column_text el_class=&#8221;large margin-top-20&#8243;]El concepte de Discapacitat Intel\u00b7lectual (DI en endavant) ha anat evolucionant al llarg del temps. Durant anys, el retard cognitiu i del desenvolupament s&#8217;anomenava Retard Mental. El 2006 es va canviar la concepci\u00f3 del terme a DI i el nom de l&#8217;Associaci\u00f3 Americana de Retard Mental (AAMR) va passar a denominar-se Associaci\u00f3 Americana de Discapacitats Intel\u00b7lectuals i del Desenvolupament (AAIDD). La DI es va definir com la pres\u00e8ncia de<strong> limitacions significatives tant en el funcionament intel\u00b7lectual com en la conducta adaptativa<\/strong> que es manifesta abans dels 18 anys a les habilitats adaptatives conceptuals, socials i pr\u00e0ctiques. A principis del 2022, Verdugo i Galv\u00e1n expliquen en una trobada online organitzada per Plena Inclusi\u00f3n Espa\u00f1a la nova definici\u00f3 de DI, amb una perspectiva m\u00e9s \u00e0mplia, deixant d&#8217;estar basada en les dificultats de les persones i centrant-se en com han de ser recolzades. A m\u00e9s, s&#8217;augmenta l&#8217;edat l\u00edmit d&#8217;aparici\u00f3 de les dificultats fins als 22 anys perqu\u00e8 el desenvolupament hum\u00e0 continua passat els 18 anys.<br \/>\nHi ha diferents graus d&#8217;afectaci\u00f3 en funci\u00f3 de la severitat del trastorn, podent ser lleu, en persones amb CI entre 50-55 i aproximadament 70; moderat amb CI entre 35-40 i 50-55; greu amb QI entre 20-25 i 35-40 o profund amb QI inferior a 20-25 segons els barems de l&#8217;Associaci\u00f3 Americana de Psicologia (APA, 2014). Nombrosos autors afirmen que les persones amb DI presenten limitacions significatives en l&#8217;adquisici\u00f3, el desenvolupament i l&#8217;\u00fas de les habilitats ling\u00fc\u00edstiques amb m\u00e9s o menys alteraci\u00f3 en funci\u00f3 del grau d&#8217;afectaci\u00f3.<\/p>\n<h3>Logop\u00e8dia en Discapacitat Intelectual<\/h3>\n<p>Hi ha evid\u00e8ncia cient\u00edfica que entre les dificultats afectades en persones amb discapacitat intel\u00b7lectual hi ha les habilitats pragm\u00e0tiques, \u00e9s a dir, l&#8217;\u00fas apropiat del llenguatge per comunicar-se en diferents contextos i amb diferents interlocutors. Per aix\u00f2, la intervenci\u00f3 logop\u00e8dica individualitzada ha demostrat ser la m\u00e9s efectiva en perfils amb diferents graus de Discapacitat Intel\u00b7lectual.<br \/>\n\u00c9s molt important dissenyar i desenvolupar sistemes de suports per a les persones amb DI de manera individualitzada en funci\u00f3 de les vostres necessitats. El sistema ha de complir una s\u00e8rie de requisits m\u00ednims com estar centrat en la persona atenent al global de les seves necessitats, que s&#8217;apliqui de manera coordinada en els diferents ambients en qu\u00e8 es desenvolupi la persona, que estigui orientat perqu\u00e8 els permeti fer presa de decisions i comprendre el m\u00f3n i estar basats en evid\u00e8ncia cient\u00edfica.<\/p>\n<h4>Dificultats de comunicaci\u00f3 en la Discapacitat intelectual<\/h4>\n<p>Els Sistemes Augmentatius i Alternatius de Comunicaci\u00f3 (SAAC) ajuden al desenvolupament de les habilitats comunicatives en nens\/es amb DI, podent arribar a obtenir una comunicaci\u00f3 funcional. Es tracta d\u201fun instrument d\u201fintervenci\u00f3 logop\u00e8dica i educativa que t\u00e9 com a objectiu augmentar el nivell d\u201fexpressi\u00f3 i comprensi\u00f3 i\/o compensar les dificultats comunicatives. Per aix\u00f2 s&#8217;utilitza un conjunt de codis no vocals amb suport f\u00edsic o sense.<br \/>\nLa idone\u00eftat del sistema de comunicaci\u00f3 dependr\u00e0 de les caracter\u00edstiques de cada individu, per la qual cosa cal estudiar de manera exhaustiva els punts forts i no tan forts de la persona amb DI. Sempre que es pugui s&#8217;ha de fomentar l&#8217;\u00fas del llenguatge oral existent que es podr\u00e0 donar suport mitjan\u00e7ant un sistema augmentatiu amb l&#8217;objectiu de desenvolupar una comunicaci\u00f3 funcional. En el cas de les persones amb un DI greu, moltes vegades caldr\u00e0 establir un sistema de comunicaci\u00f3 alternatiu com a mitj\u00e0 dexpressi\u00f3 i comprensi\u00f3.<\/p>\n<h4>Ensenyament dels SAAC amb ajuda<\/h4>\n<p>A continuaci\u00f3, s&#8217;exposar\u00e0 un exemple de les fases que se seguirien en la implementaci\u00f3 d&#8217;un SAAC amb suport f\u00edsic:<br \/>\n1) Selecci\u00f3 del vocabulari inicial en funci\u00f3 dels seus interessos i rutines buscant ampliar-lo<br \/>\n2) Aprenentatge dels s\u00edmbols mitjan\u00e7ant activitats d&#8217;associaci\u00f3, aparellament d&#8217;iguals i diferenciaci\u00f3 entre s\u00edmbols.<br \/>\n3) Utilitzaci\u00f3 dels s\u00edmbols en conversa dirigida<br \/>\n4) Augment de vocabulari i estructuraci\u00f3 de frases<br \/>\n5) Distribuci\u00f3 del vocabulari al suport de comunicaci\u00f3<\/p>\n<p>Hi ha altres components del proc\u00e9s comunicatiu que cal tenir en compte per generalitzar l&#8217;aplicaci\u00f3 en els diferents contextos, com ara instruir als diferents interlocutors la manera de procedir, que no s&#8217;anticipin a la resposta, que no facin preguntes tancades \u00fanicament, que utilitzin un llenguatge adequat a la seva edat\u2026<br \/>\nPer acabar, cal destacar que s&#8217;ha comprovat l&#8217;efectivitat de les intervencions logop\u00e8diques centrada en les habilitats pragm\u00e0tiques, en concret, les relacionades amb interacci\u00f3, interacci\u00f3 social i habilitats conversacionals en una adolescent amb discapacitat intel\u00b7lectual. (Garc\u00eda-Pallas, 2015).[\/vc_column_text][\/vc_column][\/vc_row][vc_row css=&#8221;.vc_custom_1591887338930{background-color: rgba(232,241,255,0.59) !important;*background-color: rgb(232,241,255) !important;}&#8221;][vc_column css=&#8221;.vc_custom_1579881017377{border-radius: 5px !important;}&#8221;][vc_row_inner][vc_column_inner width=&#8221;1\/4&#8243;][vc_single_image image=&#8221;32122&#8243; alignment=&#8221;center&#8221; style=&#8221;vc_box_outline_circle_2&#8243; css=&#8221;.vc_custom_1672152522886{margin-top: 15px !important;margin-bottom: 15px !important;}&#8221;][vc_column_text]<\/p>\n<p style=\"text-align: center;\">Paz Salavadores<\/p>\n<p>[\/vc_column_text][\/vc_column_inner][vc_column_inner width=&#8221;3\/4&#8243;][vc_column_text css_animation=&#8221;fadeInUp&#8221; css=&#8221;.vc_custom_1672153519095{margin-top: 25px !important;margin-bottom: 25px !important;padding-top: 30px !important;padding-right: 30px !important;padding-bottom: 30px !important;padding-left: 30px !important;background-color: rgba(232,241,255,0.59) !important;*background-color: rgb(232,241,255) !important;border-radius: 5px !important;}&#8221;]<strong>Autora del present art\u00edcle:<\/strong><\/p>\n<p>Paz Salvadores. Logopeda. Col\u00b7legiada n\u00famero 28\/1290 al Colegio de Logopedas de Madrid. <a href=\"https:\/\/www.linkedin.com\/in\/paz-s-b88b8b20b\/\">Linkedin<\/a><\/p>\n<p><strong>Refer\u00e8ncies bibliogr\u00e0fiques:<\/strong><\/p>\n<p>American Psychiatric Association \u2013APA-. (2014). Manual diagn\u00f3stico y estad\u00edstico de los trastornos mentales: DSM-5 (5\u00aa ed.). Buenos Aires: Panamericana.<\/p>\n<p>de Discapacidades Intelectuales, A. A. (2011).\u00a0<em>Discapacidad Intelectual. Definici\u00f3n, Clasificaci\u00f3n y Sistemas de Apoyo<\/em>.<\/p>\n<p>Garc\u00eda-Pallas, I. (2015). Intervenci\u00f3n logop\u00e9dica en un caso con discapacidad intelectual en la adolescencia tard\u00eda. Revista de Estudios e Investigaci\u00f3n en Psicolog\u00eda y Educaci\u00f3n, 058-062.<\/p>\n<p>Garc\u00eda-Pallas, I. (2015). Intervenci\u00f3n logop\u00e9dica en un caso con discapacidad intelectual en la adolescencia tard\u00eda. Revista de Estudios e Investigaci\u00f3n en Psicolog\u00eda y Educaci\u00f3n, 058-062.<\/p>\n<p>Merino, M. J. G., Manso, J. M. M., Mu\u00f1oz, \u00c1. S., &amp; S\u00e1nchez, M. E. G. B. (2011). Intervenci\u00f3n logop\u00e9dica en una alumna inmigrante con discapacidad intelectual ligera.\u00a0Bolet\u00edn de AELFA,\u00a011(3), 79-83.<\/p>\n<p>Morales Campos, R. (2016). Proyecto de intervenci\u00f3n logop\u00e9dica en un caso de discapacidad intelectual.<\/p>\n<p>Rivera Altamirano, B. R., &amp; Carchi Morocho, P. A. (2021).\u00a0Programa de intervenci\u00f3n logop\u00e9dica para corregir y\/o compensar el retraso de lenguaje de un alumno con discapacidad intelectual\u00a0(Bachelor&#8217;s thesis, Universidad Nacional de Educaci\u00f3n del Ecuador).<\/p>\n<p>Verdugo, M. A., &amp; Galv\u00e1n, E. (4 de febrero de 2022). <em>Nueva definici\u00f3n para la discapacidad intelectual<\/em>. Plena inclusi\u00f3n Espa\u00f1a. Recuperado el 8\/11\/2022 de <a href=\"https:\/\/plenainclusionmadrid.org\/noticias\/nueva-definicion-discapacidad-intelectual\/\">https:\/\/plenainclusionmadrid.org\/noticias\/nueva-definicion-discapacidad-intelectual\/<\/a>[\/vc_column_text][\/vc_column_inner][\/vc_row_inner][\/vc_column][\/vc_row][vc_row][vc_column]<h2 class=\"box-header large align-center page-margin-top-section\">Un proceso simple y eficaz<\/h2>[vc_row_inner top_margin=&#8221;page-margin-top&#8221; el_class=&#8221;flex-box&#8221;][vc_column_inner width=&#8221;1\/3&#8243;]<div class=\"info-box features-phone animated-element animation-fadeIn duration-500\"><h3>Contacto<\/h3><p>Contacte con nosotros para ampliar la informaci\u00f3n de nuestros servicios y exponer su caso.<\/p><\/div><div class=\"arrow-container animated-element animation-slideRight duration-800 delay-150\"><span class=\"arrow template-arrow-horizontal-4-after arrow-light\"><\/span><\/div>[\/vc_column_inner][vc_column_inner width=&#8221;1\/3&#8243;]<div class=\"info-box features-doctor animated-element animation-slideRight duration-800 delay-600\"><h3>Diagn\u00f3stico y Tratamiento<\/h3><p>El primer paso es realizar un buen diagn\u00f3stico (si no se dispone de \u00e9l) y a posteriori ya podremos empezar el tratamiento.<\/p><\/div><div class=\"arrow-container animated-element animation-slideRight duration-800 delay-1050\"><span class=\"arrow template-arrow-horizontal-4-after arrow-dark\"><\/span><\/div>[\/vc_column_inner][vc_column_inner width=&#8221;1\/3&#8243;]<div class=\"info-box features-people animated-element animation-slideRight duration-800 delay-1500\"><h3>Recuperaci\u00f3n<\/h3><p>ALTA del servicio cuando se consiguen los objetivos propuestos inicialmente.<\/p><\/div>[\/vc_column_inner][\/vc_row_inner]<h2 class=\"box-header large align-center page-margin-top-section\">\u00c1reas en las que ofrecemos tratamientos<\/h2>[vc_row_inner top_margin=&#8221;page-margin-top-section&#8221;][vc_column_inner width=&#8221;1\/2&#8243;]<ul class=\"clearfix mc-features mc-features-small mc-features-style-default\"><li class=\"item-content clearfix\">\r\n\t\t\t\t<a class=\"hexagon small\" href=\"https:\/\/www.logopediadomicilio.es\/ca\/servicio\/logopedia-infantil\/\" title=\"Logop\u00e8dia infantil\"><span class=\"features-baby-bed\"><\/span><\/a><div class=\"text\"><h3><a href=\"https:\/\/www.logopediadomicilio.es\/ca\/servicio\/logopedia-infantil\/\"  title=\"Logop\u00e8dia infantil\">Logop\u00e8dia infantil<\/a><\/h3><p>Atenci\u00f3 logop\u00e8dica les dificultats en el llenguatge oral i escrit, aix\u00ed com pel que fa a el desenvolupament orofacial.<\/p>\n<\/div>\r\n\t\t\t<\/li><li class=\"item-content clearfix\">\r\n\t\t\t\t<a class=\"hexagon small\" href=\"https:\/\/www.logopediadomicilio.es\/ca\/servicio\/neurologopedia\/\" title=\"Neurologop\u00e8dia\"><span class=\"features-brain\"><\/span><\/a><div class=\"text\"><h3><a href=\"https:\/\/www.logopediadomicilio.es\/ca\/servicio\/neurologopedia\/\"  title=\"Neurologop\u00e8dia\">Neurologop\u00e8dia<\/a><\/h3><p>Tractament logop\u00e8dic de les alteracions del llenguatge i la degluci\u00f3 degudes a ictus, traumatismes cranioencef\u00e0lics i malalties neurodegeneratives.<\/p>\n<\/div>\r\n\t\t\t<\/li><\/ul>[\/vc_column_inner][vc_column_inner width=&#8221;1\/2&#8243;]<ul class=\"clearfix mc-features mc-features-small mc-features-style-default\"><li class=\"item-content clearfix\">\r\n\t\t\t\t<a class=\"hexagon small\" href=\"https:\/\/www.logopediadomicilio.es\/ca\/servicio\/alteracions-de-la-veu\/\" title=\"Alteracions de la veu\"><span class=\"features-people\"><\/span><\/a><div class=\"text\"><h3><a href=\"https:\/\/www.logopediadomicilio.es\/ca\/servicio\/alteracions-de-la-veu\/\"  title=\"Alteracions de la veu\">Alteracions de la veu<\/a><\/h3><p>Atenci\u00f3 logop\u00e8dica en les disfonies funcionals i org\u00e0niques, tant en poblaci\u00f3 infantil com adulta i en malalties neurodegeneratives.<\/p>\n<\/div>\r\n\t\t\t<\/li><li class=\"item-content clearfix\">\r\n\t\t\t\t<a class=\"hexagon small\" href=\"https:\/\/www.logopediadomicilio.es\/ca\/servicio\/terapia-miofuncional\/\" title=\"Ter\u00e0pia miofuncional\"><span class=\"features-list\"><\/span><\/a><div class=\"text\"><h3><a href=\"https:\/\/www.logopediadomicilio.es\/ca\/servicio\/terapia-miofuncional\/\"  title=\"Ter\u00e0pia miofuncional\">Ter\u00e0pia miofuncional<\/a><\/h3><p>La ter\u00e0pia miofuncional tracta les alteracions en el funcionament orofacial, com la degluci\u00f3 at\u00edpica, alteracions de l&#8217;ATM, entre d&#8217;altres.<\/p>\n<\/div>\r\n\t\t\t<\/li><\/ul>[\/vc_column_inner][\/vc_row_inner][vc_separator color=&#8221;peacoc&#8221; el_width=&#8221;40&#8243; css=&#8221;.vc_custom_1582465485534{margin-top: 25px !important;margin-bottom: 25px !important;}&#8221;]<h2 class=\"box-header large align-center no-border page-margin-top-section\">Ll\u00e1menos por tel\u00e9fono:<\/h2>[vc_row_inner][vc_column_inner][vc_column_text css_animation=&#8221;fadeInDown&#8221;]<\/p>\n<h2 style=\"text-align: center;\"><span style=\"color: #3366ff;\"><a style=\"color: #3366ff;\" href=\"tel:931001485\">931001485<\/a><\/span> (Barcelona) \/\u00a0<span style=\"color: #3366ff;\"><a style=\"color: #3366ff;\" href=\"tel:910911285\">910911285<\/a><\/span> (Madrid) \/ <span style=\"color: #3366ff;\"><a style=\"color: #3366ff;\" href=\"tel:960011185\">960011185<\/a><\/span> (Valencia)<\/h2>\n<p>[\/vc_column_text][\/vc_column_inner][\/vc_row_inner][vc_column_text el_class=&#8221;large align-center margin-top-20&#8243;]O, si lo prefiere, env\u00edenos un formulario:[\/vc_column_text]\n<div class=\"wpcf7 no-js\" id=\"wpcf7-f31455-o1\" lang=\"ca\" dir=\"ltr\" data-wpcf7-id=\"31455\">\n<div class=\"screen-reader-response\"><p role=\"status\" aria-live=\"polite\" aria-atomic=\"true\"><\/p> <ul><\/ul><\/div>\n<form action=\"\/ca\/wp-json\/wp\/v2\/pages\/32161#wpcf7-f31455-o1\" method=\"post\" class=\"wpcf7-form init\" aria-label=\"Formulari de contacte\" novalidate=\"novalidate\" data-status=\"init\">\n<fieldset class=\"hidden-fields-container\"><input type=\"hidden\" name=\"_wpcf7\" value=\"31455\" \/><input type=\"hidden\" name=\"_wpcf7_version\" value=\"6.1.5\" \/><input type=\"hidden\" name=\"_wpcf7_locale\" value=\"ca\" \/><input type=\"hidden\" name=\"_wpcf7_unit_tag\" value=\"wpcf7-f31455-o1\" \/><input type=\"hidden\" name=\"_wpcf7_container_post\" value=\"0\" \/><input type=\"hidden\" name=\"_wpcf7_posted_data_hash\" value=\"\" \/><input type=\"hidden\" name=\"_wpcf7_recaptcha_response\" value=\"\" \/>\n<\/fieldset>\n<div class=\"form-row\">\n\t<div class=\"column-half\">\n\t\t<p><label> Nom (obligatori)<br \/>\n<span class=\"wpcf7-form-control-wrap\" data-name=\"your-name\"><input size=\"40\" maxlength=\"400\" class=\"wpcf7-form-control wpcf7-text wpcf7-validates-as-required\" aria-required=\"true\" aria-invalid=\"false\" value=\"\" type=\"text\" name=\"your-name\" \/><\/span> <\/label>\n\t\t<\/p>\n\t<\/div>\n\t<div class=\"column-half\">\n\t\t<p><label> Correu electr\u00f2nic (obligatori)<br \/>\n<span class=\"wpcf7-form-control-wrap\" data-name=\"your-email\"><input size=\"40\" maxlength=\"400\" class=\"wpcf7-form-control wpcf7-email wpcf7-validates-as-required wpcf7-text wpcf7-validates-as-email\" aria-required=\"true\" aria-invalid=\"false\" value=\"\" type=\"email\" name=\"your-email\" \/><\/span> <\/label>\n\t\t<\/p>\n\t<\/div>\n<\/div>\n<div class=\"column-half\">\n\t<p><label> Tel\u00e8fon<br \/>\n<span class=\"wpcf7-form-control-wrap\" data-name=\"tel-165\"><input size=\"40\" maxlength=\"400\" class=\"wpcf7-form-control wpcf7-tel wpcf7-text wpcf7-validates-as-tel\" aria-invalid=\"false\" value=\"\" type=\"tel\" name=\"tel-165\" \/><\/span> <\/label>\n\t<\/p>\n<\/div>\n<div class=\"column-half\">\n\t<p><label> Localitat (obligatorio)<br \/>\n<span class=\"wpcf7-form-control-wrap\" data-name=\"localidad\"><input size=\"40\" maxlength=\"400\" class=\"wpcf7-form-control wpcf7-text wpcf7-validates-as-required\" aria-required=\"true\" aria-invalid=\"false\" value=\"\" type=\"text\" name=\"localidad\" \/><\/span> <\/label>\n\t<\/p>\n<\/div>\n<p><label> Missatge<br \/>\n<span class=\"wpcf7-form-control-wrap\" data-name=\"your-message\"><textarea cols=\"40\" rows=\"10\" maxlength=\"2000\" class=\"wpcf7-form-control wpcf7-textarea\" aria-invalid=\"false\" name=\"your-message\"><\/textarea><\/span> <\/label>\n<\/p>\n<p><input class=\"wpcf7-form-control wpcf7-submit has-spinner\" type=\"submit\" value=\"Enviar formulari\" \/>\n<\/p><div class=\"wpcf7-response-output\" aria-hidden=\"true\"><\/div>\n<\/form>\n<\/div>\n[\/vc_column][\/vc_row]<\/p>\n<\/div>","protected":false},"excerpt":{"rendered":"<p>[vc_row][vc_column][vc_row_inner][vc_column_inner width=&#8221;1\/2&#8243;][vc_single_image image=&#8221;30053&#8243; img_size=&#8221;medium-thumb&#8221; onclick=&#8221;link_image&#8221;][\/vc_column_inner][vc_column_inner width=&#8221;1\/2&#8243;][vc_single_image image=&#8221;29789&#8243; img_size=&#8221;medium-thumb&#8221; onclick=&#8221;link_image&#8221;][\/vc_column_inner][\/vc_row_inner][vc_column_text el_class=&#8221;large margin-top-20&#8243;]El concepte de Discapacitat Intel\u00b7lectual (DI en endavant) ha anat evolucionant al llarg del temps. Durant anys, el retard cognitiu i del desenvolupament s&#8217;anomenava Retard Mental. El 2006 es va canviar la concepci\u00f3 del terme a DI i el nom de l&#8217;Associaci\u00f3 Americana de Retard<\/p>\n","protected":false},"author":3,"featured_media":0,"parent":0,"menu_order":0,"comment_status":"closed","ping_status":"closed","template":"","meta":{"footnotes":""},"class_list":["post-32161","page","type-page","status-publish","hentry"],"_links":{"self":[{"href":"https:\/\/www.logopediadomicilio.es\/ca\/wp-json\/wp\/v2\/pages\/32161","targetHints":{"allow":["GET"]}}],"collection":[{"href":"https:\/\/www.logopediadomicilio.es\/ca\/wp-json\/wp\/v2\/pages"}],"about":[{"href":"https:\/\/www.logopediadomicilio.es\/ca\/wp-json\/wp\/v2\/types\/page"}],"author":[{"embeddable":true,"href":"https:\/\/www.logopediadomicilio.es\/ca\/wp-json\/wp\/v2\/users\/3"}],"replies":[{"embeddable":true,"href":"https:\/\/www.logopediadomicilio.es\/ca\/wp-json\/wp\/v2\/comments?post=32161"}],"version-history":[{"count":6,"href":"https:\/\/www.logopediadomicilio.es\/ca\/wp-json\/wp\/v2\/pages\/32161\/revisions"}],"predecessor-version":[{"id":32166,"href":"https:\/\/www.logopediadomicilio.es\/ca\/wp-json\/wp\/v2\/pages\/32161\/revisions\/32166"}],"wp:attachment":[{"href":"https:\/\/www.logopediadomicilio.es\/ca\/wp-json\/wp\/v2\/media?parent=32161"}],"curies":[{"name":"wp","href":"https:\/\/api.w.org\/{rel}","templated":true}]}}